{"id":2035,"date":"2025-09-05T23:03:25","date_gmt":"2025-09-05T21:03:25","guid":{"rendered":"https:\/\/motorrad-erinnerungen.de\/2026\/produkt\/motorrad-17-1998-test-bmw-r-1100-s-test-harley-davidson-dyna-super-glide-sport-test-buell-x1-lightning-honda-vt-1100-c3-shadow-aero\/"},"modified":"2025-12-19T20:33:16","modified_gmt":"2025-12-19T19:33:16","slug":"motorrad-17-1998-test-bmw-r-1100-s-test-harley-davidson-dyna-super-glide-sport-test-buell-x1-lightning-honda-vt-1100-c3-shadow-aero","status":"publish","type":"product","link":"https:\/\/motorrad-erinnerungen.de\/shop\/produkt\/motorrad-17-1998-test-bmw-r-1100-s-test-harley-davidson-dyna-super-glide-sport-test-buell-x1-lightning-honda-vt-1100-c3-shadow-aero\/","title":{"rendered":"MOTORRAD 17\/1998 \u2013 Test BMW R 1100 S; Vergleich Honda VT 1100 C3 vs. Kawasaki VN 1500 Classic"},"content":{"rendered":"<p>Hier k\u00f6nnen Sie die <strong>Motorrad\u2011Zeitschrift &#8222;MOTORRAD 17\/1998&#8220;<\/strong> erwerben:<\/p>\n<h2>\ud83d\udcccInhalt dieser Ausgabe (u.a.):<\/h2>\n<ul>\n<li><strong>BMW R 1100 S<\/strong> mit 72 kW (98 PS) Test &amp; Technik \u2013 Testbericht in Wort und Bild auf insgesamt 5 Seiten<\/li>\n<li><strong>Harley-Davidson Dyna Super Glide Sport und BUELL X1 <\/strong>\u2013 gemeinsamer Fahrbericht in Wort und Bild auf insgesamt 6 Seiten<\/li>\n<li><strong>Honda VT 1100 C3 vs. Kawasaki VN 1500 Classic <\/strong>\u2013 34 PS Cruiser im Vergleich, Testbericht in Wort und Bild auf insgesamt 4 Seiten<\/li>\n<li><strong>Honda VTR 1000 F Firestorm<\/strong> mit 72 kW (98 PS) nach dem Langstrecken-Test \u2013 50.000 Test-km, Abschluss-Bilanz in Wort und Bild auf insgesamt 8 Seiten<\/li>\n<li><strong>Kawasaki Z 550 GT, ab Modell 1983, gebraucht kaufen<\/strong> \u2013 Gebrauchtkauf-Tipps in Wort und Bild auf insgesamt 6 Seiten<\/li>\n<\/ul>\n<h2>\ud83c\udf0d Zustand der Zeitschrift<\/h2>\n<p><strong>Gebraucht, weil gelesen, durchgebl\u00e4ttert oder gestapelt \ud83d\ude09<\/strong> dem Alter angemessen gut bis sehr gut erhalten.<br \/>\nAlles original, Klebespuren von abgel\u00f6sten Abo-Versandaufklebern k\u00f6nnen vorhanden sein.<\/p>\n<h2>\ud83d\udce6 Versand &amp; Service<\/h2>\n<ul>\n<li>\u2713 Kostenloser Versand innerhalb Deutschlands<\/li>\n<li>\u2713 Versand auch ins Ausland m\u00f6glich<\/li>\n<li>\u2713 Sicher verpackt \u2013 wir wissen, wie wertvoll diese Sch\u00e4tze sind!<\/li>\n<\/ul>\n","protected":false},"excerpt":{"rendered":"<p>Eine Motorrad\u2011Zeitschrift, in der sich die Erinnerungen an fr\u00fchere Tr\u00e4ume, Lieblingsmaschinen und legend\u00e4re Strecken wiederfinden.<\/p>\n","protected":false},"featured_media":2034,"template":"","meta":{"iawp_total_views":1},"product_brand":[],"product_cat":[23],"product_tag":[2277,2278,1174,2057,2111,2253,2271,2276],"class_list":{"0":"post-2035","1":"product","2":"type-product","3":"status-publish","4":"has-post-thumbnail","6":"product_cat-motorrad","7":"product_tag-harley-davidson-dyna-super-glide-sport-und-buell-x1","8":"product_tag-honda-vt-1100-c3","9":"product_tag-kawasaki-z-550-gt","10":"product_tag-kawasaki-vn-1500-classic","11":"product_tag-honda-vtr-1000-f-firestorm","12":"product_tag-honda-vt-1100-c3-shadow-aero","13":"product_tag-bmw-r-1100-s","14":"product_tag-buell-x1-lightning","16":"first","17":"instock","18":"shipping-taxable","19":"purchasable","20":"product-type-simple"},"_links":{"self":[{"href":"https:\/\/motorrad-erinnerungen.de\/shop\/wp-json\/wp\/v2\/product\/2035","targetHints":{"allow":["GET"]}}],"collection":[{"href":"https:\/\/motorrad-erinnerungen.de\/shop\/wp-json\/wp\/v2\/product"}],"about":[{"href":"https:\/\/motorrad-erinnerungen.de\/shop\/wp-json\/wp\/v2\/types\/product"}],"wp:featuredmedia":[{"embeddable":true,"href":"https:\/\/motorrad-erinnerungen.de\/shop\/wp-json\/wp\/v2\/media\/2034"}],"wp:attachment":[{"href":"https:\/\/motorrad-erinnerungen.de\/shop\/wp-json\/wp\/v2\/media?parent=2035"}],"wp:term":[{"taxonomy":"product_brand","embeddable":true,"href":"https:\/\/motorrad-erinnerungen.de\/shop\/wp-json\/wp\/v2\/product_brand?post=2035"},{"taxonomy":"product_cat","embeddable":true,"href":"https:\/\/motorrad-erinnerungen.de\/shop\/wp-json\/wp\/v2\/product_cat?post=2035"},{"taxonomy":"product_tag","embeddable":true,"href":"https:\/\/motorrad-erinnerungen.de\/shop\/wp-json\/wp\/v2\/product_tag?post=2035"}],"curies":[{"name":"wp","href":"https:\/\/api.w.org\/{rel}","templated":true}]}}