{"id":2061,"date":"2025-09-05T23:03:31","date_gmt":"2025-09-05T21:03:31","guid":{"rendered":"https:\/\/motorrad-erinnerungen.de\/2026\/produkt\/motorrad-4-1999-suzuki-sv-650-s-husqvarna-te-610-e-ktm-lc4-640-enduro-triumph-daytona-t-595\/"},"modified":"2025-12-19T20:57:13","modified_gmt":"2025-12-19T19:57:13","slug":"motorrad-4-1999-suzuki-sv-650-s-husqvarna-te-610-e-ktm-lc4-640-enduro-triumph-daytona-t-595","status":"publish","type":"product","link":"https:\/\/motorrad-erinnerungen.de\/shop\/produkt\/motorrad-4-1999-suzuki-sv-650-s-husqvarna-te-610-e-ktm-lc4-640-enduro-triumph-daytona-t-595\/","title":{"rendered":"MOTORRAD 4\/1999 \u2013 Suzuki SV 650 S; Dauertest Triumph Daytona T 595"},"content":{"rendered":"<p>Hier k\u00f6nnen Sie die <strong>Motorrad\u2011Zeitschrift &#8222;MOTORRAD 4\/1999&#8220;<\/strong> erwerben:<\/p>\n<h2>\ud83d\udcccInhalt dieser Ausgabe (u.a.):<\/h2>\n<ul>\n<li><strong>Suzuki SV 650 S<\/strong> mit 52 kW (71 PS) im Vergleichstest \u2013 Test und Vergleich mit der Honda CB 500 S, der Kawasaki ZRX 1100, der Suzuki TL 1000 S und der Yamaha YZF 600 R, Testbericht in Wort und Bild auf insgesamt 8 Seiten<\/li>\n<li><strong>Husqvarna TE 610e vs. KTM LC4 640 <\/strong>\u2013 E-Starter-Enduros im Vergleich, Testbericht in Wort und Bild auf insgesamt 5 Seiten<\/li>\n<li><strong>Triumph Daytona T 595<\/strong> mit 72 kW (98 PS) nach dem Dauertest \u2013 50.000 km Langstreckentest, Abschluss-Bilanz in Wort und Bild auf insgesamt 8 Seiten<\/li>\n<li><strong>BMW R 1200 C<\/strong> mit 45 kW (61 PS) im Vergleichstest \u2013 Euro-Cruiser im Vergleich, BMW R 1200 C vs. Moto Guzzi California Special, Testbericht in Wort und Bild auf insgesamt 6 Seiten<\/li>\n<li><strong>Moto Guzzi California Special<\/strong> mit 55 kW (75 PS) im Vergleichstest \u2013 Euro-Cruiser im Vergleich, BMW R 1200 C vs. Moto Guzzi California Special, Testbericht in Wort und Bild auf insgesamt 6 Seiten<\/li>\n<\/ul>\n<h2>\ud83c\udf0d Zustand der Zeitschrift<\/h2>\n<p><strong>Gebraucht, weil gelesen, durchgebl\u00e4ttert oder gestapelt \ud83d\ude09<\/strong> dem Alter angemessen gut bis sehr gut erhalten. Alles original, Klebespuren von abgel\u00f6sten Abo-Versandaufklebern k\u00f6nnen vorhanden sein.<\/p>\n<h2>\ud83d\udce6 Versand &amp; Service<\/h2>\n<ul>\n<li>\u2713 Kostenloser Versand innerhalb Deutschlands<\/li>\n<li>\u2713 Versand auch ins Ausland m\u00f6glich<\/li>\n<li>\u2713 Sicher verpackt \u2013 wir wissen, wie wertvoll diese Sch\u00e4tze sind!<\/li>\n<\/ul>\n","protected":false},"excerpt":{"rendered":"<p>Eine Motorrad\u2011Zeitschrift, in der sich die Erinnerungen an fr\u00fchere Tr\u00e4ume, Lieblingsmaschinen und legend\u00e4re Strecken wiederfinden.<\/p>\n","protected":false},"featured_media":2060,"template":"","meta":{"iawp_total_views":1},"product_brand":[],"product_cat":[23],"product_tag":[2210,2252,2266,2306,2310,2311,2367,2116,2121,2192],"class_list":{"0":"post-2061","1":"product","2":"type-product","3":"status-publish","4":"has-post-thumbnail","6":"product_cat-motorrad","7":"product_tag-husqvarna-te-610-e","8":"product_tag-honda-cb-500-s","9":"product_tag-ktm-lc4-640-enduro","10":"product_tag-suzuki-sv-650-s","11":"product_tag-suzuki-tl-1000-s-und-der-yamaha-yzf-600","12":"product_tag-husqvarna-te-610e","13":"product_tag-moto-guzzi-california-special","14":"product_tag-triumph-daytona-t-595","15":"product_tag-kawasaki-zrx-1100","16":"product_tag-bmw-r-1200-c","18":"first","19":"instock","20":"shipping-taxable","21":"purchasable","22":"product-type-simple"},"_links":{"self":[{"href":"https:\/\/motorrad-erinnerungen.de\/shop\/wp-json\/wp\/v2\/product\/2061","targetHints":{"allow":["GET"]}}],"collection":[{"href":"https:\/\/motorrad-erinnerungen.de\/shop\/wp-json\/wp\/v2\/product"}],"about":[{"href":"https:\/\/motorrad-erinnerungen.de\/shop\/wp-json\/wp\/v2\/types\/product"}],"wp:featuredmedia":[{"embeddable":true,"href":"https:\/\/motorrad-erinnerungen.de\/shop\/wp-json\/wp\/v2\/media\/2060"}],"wp:attachment":[{"href":"https:\/\/motorrad-erinnerungen.de\/shop\/wp-json\/wp\/v2\/media?parent=2061"}],"wp:term":[{"taxonomy":"product_brand","embeddable":true,"href":"https:\/\/motorrad-erinnerungen.de\/shop\/wp-json\/wp\/v2\/product_brand?post=2061"},{"taxonomy":"product_cat","embeddable":true,"href":"https:\/\/motorrad-erinnerungen.de\/shop\/wp-json\/wp\/v2\/product_cat?post=2061"},{"taxonomy":"product_tag","embeddable":true,"href":"https:\/\/motorrad-erinnerungen.de\/shop\/wp-json\/wp\/v2\/product_tag?post=2061"}],"curies":[{"name":"wp","href":"https:\/\/api.w.org\/{rel}","templated":true}]}}