{"id":2063,"date":"2025-09-05T23:03:32","date_gmt":"2025-09-05T21:03:32","guid":{"rendered":"https:\/\/motorrad-erinnerungen.de\/2026\/produkt\/motorrad-5-1999-bmw-k-1200-lt-honda-gl-1500-gold-wing-test-triumph-tiger-test-suzuki-gsx-1300-r-hayabusa\/"},"modified":"2025-12-19T21:01:06","modified_gmt":"2025-12-19T20:01:06","slug":"motorrad-5-1999-bmw-k-1200-lt-honda-gl-1500-gold-wing-test-triumph-tiger-test-suzuki-gsx-1300-r-hayabusa","status":"publish","type":"product","link":"https:\/\/motorrad-erinnerungen.de\/shop\/produkt\/motorrad-5-1999-bmw-k-1200-lt-honda-gl-1500-gold-wing-test-triumph-tiger-test-suzuki-gsx-1300-r-hayabusa\/","title":{"rendered":"MOTORRAD 5\/1999 \u2013 Vergleich BMW K 1200 LT vs. Honda GL 1500 Gold Wing"},"content":{"rendered":"<p>Hier k\u00f6nnen Sie die <strong>Motorrad\u2011Zeitschrift &#8222;MOTORRAD 5\/1999&#8220;<\/strong> erwerben:<\/p>\n<h2>\ud83d\udcccInhalt dieser Ausgabe (u.a.):<\/h2>\n<ul>\n<li><strong>BMW K 1200 LT vs. Honda GL 1500\/6 Gold Wing <\/strong>\u2013 Luxus-Bikes im Vergleich, Testbericht in Wort und Bild auf insgesamt 8 Seiten<\/li>\n<li><strong>Triumph Tiger<\/strong> mit 61 kW (83 PS) Test &amp; Technik \u2013 Fahrbericht in Wort und Bild auf insgesamt 4 Seiten<\/li>\n<li><strong>Suzuki GSX 1300 R Hayabusa<\/strong> mit 129 kW (175 PS) Test &amp; Technik \u2013 Fahrbericht in Wort und Bild auf insgesamt 4 Seiten<\/li>\n<li><strong>Suzuki SV 650 vs. Ducati Monster 600 Dark <\/strong>\u2013 zwei \u00e4hnliche Naked-Bikes im Vergleich, Testbericht in Wort und Bild auf insgesamt 7 Seiten<\/li>\n<li><strong>Aprilia RS 250, ab Modell 1995, gebraucht kaufen<\/strong> \u2013 Kaufberatung in Wort und Bild auf insgesamt 4 Seiten<\/li>\n<\/ul>\n<h2>\ud83c\udf0d Zustand der Zeitschrift<\/h2>\n<p><strong>Gebraucht, weil gelesen, durchgebl\u00e4ttert oder gestapelt \ud83d\ude09<\/strong> dem Alter angemessen gut bis sehr gut erhalten. Alles original, Klebespuren von abgel\u00f6sten Abo-Versandaufklebern k\u00f6nnen vorhanden sein.<\/p>\n<h2>\ud83d\udce6 Versand &amp; Service<\/h2>\n<ul>\n<li>\u2713 Kostenloser Versand innerhalb Deutschlands<\/li>\n<li>\u2713 Versand auch ins Ausland m\u00f6glich<\/li>\n<li>\u2713 Sicher verpackt \u2013 wir wissen, wie wertvoll diese Sch\u00e4tze sind!<\/li>\n<\/ul>\n","protected":false},"excerpt":{"rendered":"<p>Eine Motorrad\u2011Zeitschrift, in der sich die Erinnerungen an fr\u00fchere Tr\u00e4ume, Lieblingsmaschinen und legend\u00e4re Strecken wiederfinden.<\/p>\n","protected":false},"featured_media":2062,"template":"","meta":{"iawp_total_views":0},"product_brand":[],"product_cat":[23],"product_tag":[2309,1620,2000,2243,2283,2305],"class_list":{"0":"post-2063","1":"product","2":"type-product","3":"status-publish","4":"has-post-thumbnail","6":"product_cat-motorrad","7":"product_tag-bmw-k-1200-lt","8":"product_tag-honda-gl-1500-gold-wing","9":"product_tag-aprilia-rs-250","10":"product_tag-ducati-monster-600-dark","11":"product_tag-suzuki-gsx-1300-r-hayabusa","12":"product_tag-suzuki-sv-650","14":"first","15":"instock","16":"shipping-taxable","17":"purchasable","18":"product-type-simple"},"_links":{"self":[{"href":"https:\/\/motorrad-erinnerungen.de\/shop\/wp-json\/wp\/v2\/product\/2063","targetHints":{"allow":["GET"]}}],"collection":[{"href":"https:\/\/motorrad-erinnerungen.de\/shop\/wp-json\/wp\/v2\/product"}],"about":[{"href":"https:\/\/motorrad-erinnerungen.de\/shop\/wp-json\/wp\/v2\/types\/product"}],"wp:featuredmedia":[{"embeddable":true,"href":"https:\/\/motorrad-erinnerungen.de\/shop\/wp-json\/wp\/v2\/media\/2062"}],"wp:attachment":[{"href":"https:\/\/motorrad-erinnerungen.de\/shop\/wp-json\/wp\/v2\/media?parent=2063"}],"wp:term":[{"taxonomy":"product_brand","embeddable":true,"href":"https:\/\/motorrad-erinnerungen.de\/shop\/wp-json\/wp\/v2\/product_brand?post=2063"},{"taxonomy":"product_cat","embeddable":true,"href":"https:\/\/motorrad-erinnerungen.de\/shop\/wp-json\/wp\/v2\/product_cat?post=2063"},{"taxonomy":"product_tag","embeddable":true,"href":"https:\/\/motorrad-erinnerungen.de\/shop\/wp-json\/wp\/v2\/product_tag?post=2063"}],"curies":[{"name":"wp","href":"https:\/\/api.w.org\/{rel}","templated":true}]}}