{"id":2065,"date":"2025-09-05T23:03:32","date_gmt":"2025-09-05T21:03:32","guid":{"rendered":"https:\/\/motorrad-erinnerungen.de\/2026\/produkt\/motorrad-6-1999-bmw-r-1100-gs-honda-xl-1000-v-varadero-triumph-tiger-test-voxan-cafe-racer-v-1000\/"},"modified":"2025-12-19T21:02:54","modified_gmt":"2025-12-19T20:02:54","slug":"motorrad-6-1999-bmw-r-1100-gs-honda-xl-1000-v-varadero-triumph-tiger-test-voxan-cafe-racer-v-1000","status":"publish","type":"product","link":"https:\/\/motorrad-erinnerungen.de\/shop\/produkt\/motorrad-6-1999-bmw-r-1100-gs-honda-xl-1000-v-varadero-triumph-tiger-test-voxan-cafe-racer-v-1000\/","title":{"rendered":"MOTORRAD 6\/1999 \u2013 BMW R 1100 GS; Honda XL 1000 V Varadero; Triumph Tiger"},"content":{"rendered":"<p>Hier k\u00f6nnen Sie die <strong>Motorrad\u2011Zeitschrift &#8222;MOTORRAD 6\/1999&#8220;<\/strong> erwerben:<\/p>\n<h2>\ud83d\udcccInhalt dieser Ausgabe (u.a.):<\/h2>\n<ul>\n<li><strong>BMW R 1100 GS vs. Honda XL 1000 V Varadero vs. Triumph Tiger <\/strong>\u2013 Reise-Enduros im Vergleich, Testbericht in Wort und Bild auf insgesamt 6 Seiten<\/li>\n<li><strong>Voxan Caf\u00e9 Racer V 1000<\/strong> mit 88 kW (120 PS) Test &amp; Technik \u2013 Fahrbericht in Wort und Bild auf insgesamt 2 Seiten<\/li>\n<li><strong>Suzuki GSX 1300 R Hayabusa<\/strong> mit 129 kW (175 PS) Test &amp; Technik \u2013 Highspeed-Testbericht in Wort und Bild auf insgesamt 5 Seiten<\/li>\n<li><strong>Triumph Trophy 1200<\/strong> mit 72 kW (98 PS) Test &amp; Technik \u2013 Testbericht in Wort und Bild auf insgesamt 2 Seiten<\/li>\n<li><strong>Buell M2 Cyclone<\/strong> mit 65 kW (88 PS) Test &amp; Technik \u2013 Testbericht in Wort und Bild auf insgesamt 3 Seiten<\/li>\n<li><strong>Yamaha XTZ 660 T\u00e9n\u00e9r\u00e9<\/strong> mit 34 kW (46 PS) Erinnerungen \u2013 R\u00fcckblick\/Modellgeschichte in Wort und Bild auf insgesamt 3 Seiten<\/li>\n<li><strong>Suzuki GSX 750 F<\/strong> mit 68 kW (92 PS) Test &amp; Technik \u2013 Doppeltest der Suzuki GSX 600 F und der GSX 750 F, Testbericht in Wort und Bild auf insgesamt 6 Seiten<\/li>\n<li><strong>Suzuki GSX 600 F<\/strong> mit 57 kW (78 PS) Test &amp; Technik \u2013 Doppeltest der Suzuki GSX 600 F und der GSX 750 F, Testbericht in Wort und Bild auf insgesamt 6 Seiten<\/li>\n<li><strong>Kawasaki ZXR 400, ab Modell 1991, gebraucht kaufen<\/strong> \u2013 Kaufberatung in Wort und Bild auf insgesamt 5 Seiten<\/li>\n<\/ul>\n<h2>\ud83c\udf0d Zustand der Zeitschrift<\/h2>\n<p><strong>Gebraucht, weil gelesen, durchgebl\u00e4ttert oder gestapelt \ud83d\ude09<\/strong> dem Alter angemessen gut bis sehr gut erhalten. Alles original, Klebespuren von abgel\u00f6sten Abo-Versandaufklebern k\u00f6nnen vorhanden sein.<\/p>\n<h2>\ud83d\udce6 Versand &amp; Service<\/h2>\n<ul>\n<li>\u2713 Kostenloser Versand innerhalb Deutschlands<\/li>\n<li>\u2713 Versand auch ins Ausland m\u00f6glich<\/li>\n<li>\u2713 Sicher verpackt \u2013 wir wissen, wie wertvoll diese Sch\u00e4tze sind!<\/li>\n<\/ul>\n","protected":false},"excerpt":{"rendered":"<p>Eine Motorrad\u2011Zeitschrift, in der sich die Erinnerungen an fr\u00fchere Tr\u00e4ume, Lieblingsmaschinen und legend\u00e4re Strecken wiederfinden.<\/p>\n","protected":false},"featured_media":2064,"template":"","meta":{"iawp_total_views":1},"product_brand":[],"product_cat":[23],"product_tag":[2294,2312,1615,1676,1771,1796,1797,1920,2283],"class_list":{"0":"post-2065","1":"product","2":"type-product","3":"status-publish","4":"has-post-thumbnail","6":"product_cat-motorrad","7":"product_tag-honda-xl-1000-v-varadero","8":"product_tag-buell-m2-cyclone","9":"product_tag-suzuki-gsx-600-f","10":"product_tag-suzuki-gsx-750-f","11":"product_tag-kawasaki-zxr-400","12":"product_tag-triumph-trophy-1200","13":"product_tag-yamaha-xtz-660-tenere","14":"product_tag-bmw-r-1100-gs","15":"product_tag-suzuki-gsx-1300-r-hayabusa","17":"first","18":"instock","19":"shipping-taxable","20":"purchasable","21":"product-type-simple"},"_links":{"self":[{"href":"https:\/\/motorrad-erinnerungen.de\/shop\/wp-json\/wp\/v2\/product\/2065","targetHints":{"allow":["GET"]}}],"collection":[{"href":"https:\/\/motorrad-erinnerungen.de\/shop\/wp-json\/wp\/v2\/product"}],"about":[{"href":"https:\/\/motorrad-erinnerungen.de\/shop\/wp-json\/wp\/v2\/types\/product"}],"wp:featuredmedia":[{"embeddable":true,"href":"https:\/\/motorrad-erinnerungen.de\/shop\/wp-json\/wp\/v2\/media\/2064"}],"wp:attachment":[{"href":"https:\/\/motorrad-erinnerungen.de\/shop\/wp-json\/wp\/v2\/media?parent=2065"}],"wp:term":[{"taxonomy":"product_brand","embeddable":true,"href":"https:\/\/motorrad-erinnerungen.de\/shop\/wp-json\/wp\/v2\/product_brand?post=2065"},{"taxonomy":"product_cat","embeddable":true,"href":"https:\/\/motorrad-erinnerungen.de\/shop\/wp-json\/wp\/v2\/product_cat?post=2065"},{"taxonomy":"product_tag","embeddable":true,"href":"https:\/\/motorrad-erinnerungen.de\/shop\/wp-json\/wp\/v2\/product_tag?post=2065"}],"curies":[{"name":"wp","href":"https:\/\/api.w.org\/{rel}","templated":true}]}}