{"id":2067,"date":"2025-09-05T23:03:32","date_gmt":"2025-09-05T21:03:32","guid":{"rendered":"https:\/\/motorrad-erinnerungen.de\/2026\/produkt\/motorrad-7-1999-test-kawasaki-vn-800-drifter-test-kawasaki-vn-1500-drifter-suzuki-an-400-burgman-suzuki-gs-500-e\/"},"modified":"2025-12-19T21:26:56","modified_gmt":"2025-12-19T20:26:56","slug":"motorrad-7-1999-test-kawasaki-vn-800-drifter-test-kawasaki-vn-1500-drifter-suzuki-an-400-burgman-suzuki-gs-500-e","status":"publish","type":"product","link":"https:\/\/motorrad-erinnerungen.de\/shop\/produkt\/motorrad-7-1999-test-kawasaki-vn-800-drifter-test-kawasaki-vn-1500-drifter-suzuki-an-400-burgman-suzuki-gs-500-e\/","title":{"rendered":"MOTORRAD 7\/1999 \u2013 Kawasaki VN 800 \/ 1500 Drifter; Test Yamaha XV 1600 Wild Star"},"content":{"rendered":"<p>Hier k\u00f6nnen Sie die <strong>Motorrad\u2011Zeitschrift &#8222;MOTORRAD 7\/1999&#8220;<\/strong> erwerben:<\/p>\n<h2>\ud83d\udcccInhalt dieser Ausgabe (u.a.):<\/h2>\n<ul>\n<li><strong>Kawasaki VN 800 \/ VN 1500 Drifter <\/strong>\u2013 Doppel-Fahrbericht in Wort und Bild auf insgesamt 5 Seiten<\/li>\n<li><strong>Suzuki AN 400 Burgman vs. Suzuki GS 500 E <\/strong>\u2013 Konzeptvergleich, Testbericht in Wort und Bild auf insgesamt 4 Seiten<\/li>\n<li><strong>Yamaha XV 1600 Wild Star<\/strong> mit 46 kW (63 PS) Test &amp; Technik \u2013 Testbericht in Wort und Bild auf insgesamt 6 Seiten<\/li>\n<li><strong>KTM LC4 Supermoto vs. MuZ Baghira Streetmoto <\/strong>\u2013 Super Motos im Vergleich, Testbericht in Wort und Bild auf insgesamt 5 Seiten<\/li>\n<li><strong>Cannondale MX 400, die Technik<\/strong> \u2013 Vorstellung in Wort und Bild auf insgesamt 4 Seiten<\/li>\n<li><strong>Suzuki XF 650 Freewind<\/strong> mit 35 kW (48 PS) nach dem Dauertest \u2013 50.000 km Langstreckentest, Abschlussbilanz in Wort und Bild auf insgesamt 8 Seiten<\/li>\n<\/ul>\n<h2>\ud83c\udf0d Zustand der Zeitschrift<\/h2>\n<p><strong>Gebraucht, weil gelesen, durchgebl\u00e4ttert oder gestapelt \ud83d\ude09<\/strong> dem Alter angemessen gut bis sehr gut erhalten. Alles original, Klebespuren von abgel\u00f6sten Abo-Versandaufklebern k\u00f6nnen vorhanden sein.<\/p>\n<h2>\ud83d\udce6 Versand &amp; Service<\/h2>\n<ul>\n<li>\u2713 Kostenloser Versand innerhalb Deutschlands<\/li>\n<li>\u2713 Versand auch ins Ausland m\u00f6glich<\/li>\n<li>\u2713 Sicher verpackt \u2013 wir wissen, wie wertvoll diese Sch\u00e4tze sind!<\/li>\n<\/ul>\n","protected":false},"excerpt":{"rendered":"<p>Eine Motorrad\u2011Zeitschrift, in der sich die Erinnerungen an fr\u00fchere Tr\u00e4ume, Lieblingsmaschinen und legend\u00e4re Strecken wiederfinden.<\/p>\n","protected":false},"featured_media":2066,"template":"","meta":{"iawp_total_views":0},"product_brand":[],"product_cat":[23],"product_tag":[2315,2316,2317,2318,2366,821,2020,2153,2300,2301,2314],"class_list":{"0":"post-2067","1":"product","2":"type-product","3":"status-publish","4":"has-post-thumbnail","6":"product_cat-motorrad","7":"product_tag-kawasaki-vn-1500-drifter","8":"product_tag-ktm-lc4-640-supermoto","9":"product_tag-mz-660-baghira-streetmoto","10":"product_tag-ktm-lc4-supermoto","11":"product_tag-cannondale-mx-400","12":"product_tag-suzuki-gs-500-e","13":"product_tag-kawasaki-vn-800","14":"product_tag-suzuki-xf-650-freewind","15":"product_tag-suzuki-an-400-burgman","16":"product_tag-yamaha-xv-1600-wild-star","17":"product_tag-kawasaki-vn-800-drifter","19":"first","20":"instock","21":"shipping-taxable","22":"purchasable","23":"product-type-simple"},"_links":{"self":[{"href":"https:\/\/motorrad-erinnerungen.de\/shop\/wp-json\/wp\/v2\/product\/2067","targetHints":{"allow":["GET"]}}],"collection":[{"href":"https:\/\/motorrad-erinnerungen.de\/shop\/wp-json\/wp\/v2\/product"}],"about":[{"href":"https:\/\/motorrad-erinnerungen.de\/shop\/wp-json\/wp\/v2\/types\/product"}],"wp:featuredmedia":[{"embeddable":true,"href":"https:\/\/motorrad-erinnerungen.de\/shop\/wp-json\/wp\/v2\/media\/2066"}],"wp:attachment":[{"href":"https:\/\/motorrad-erinnerungen.de\/shop\/wp-json\/wp\/v2\/media?parent=2067"}],"wp:term":[{"taxonomy":"product_brand","embeddable":true,"href":"https:\/\/motorrad-erinnerungen.de\/shop\/wp-json\/wp\/v2\/product_brand?post=2067"},{"taxonomy":"product_cat","embeddable":true,"href":"https:\/\/motorrad-erinnerungen.de\/shop\/wp-json\/wp\/v2\/product_cat?post=2067"},{"taxonomy":"product_tag","embeddable":true,"href":"https:\/\/motorrad-erinnerungen.de\/shop\/wp-json\/wp\/v2\/product_tag?post=2067"}],"curies":[{"name":"wp","href":"https:\/\/api.w.org\/{rel}","templated":true}]}}