{"id":2073,"date":"2025-09-05T23:03:35","date_gmt":"2025-09-05T21:03:35","guid":{"rendered":"https:\/\/motorrad-erinnerungen.de\/2026\/produkt\/motorrad-10-1999-test-mv-agusta-f4-750-s-suzuki-gsx-750-suzuki-sv-650-suzuki-sv-650-s\/"},"modified":"2025-12-19T21:34:53","modified_gmt":"2025-12-19T20:34:53","slug":"motorrad-10-1999-test-mv-agusta-f4-750-s-suzuki-gsx-750-suzuki-sv-650-suzuki-sv-650-s","status":"publish","type":"product","link":"https:\/\/motorrad-erinnerungen.de\/shop\/produkt\/motorrad-10-1999-test-mv-agusta-f4-750-s-suzuki-gsx-750-suzuki-sv-650-suzuki-sv-650-s\/","title":{"rendered":"MOTORRAD 10\/1999 \u2013 Suzuki GSX 750 vs. SV 650 vs. SV 650 S vs. GSF 600 S Bandit"},"content":{"rendered":"<p>Hier k\u00f6nnen Sie die <strong>Motorrad\u2011Zeitschrift &#8222;MOTORRAD 10\/1999&#8220;<\/strong> erwerben:<\/p>\n<h2>\ud83d\udcccInhalt dieser Ausgabe (u.a.):<\/h2>\n<ul>\n<li><strong>MV Agusta F4 750 S<\/strong> mit 93 kW (126 PS) Test &amp; Technik \u2013 Fahrbericht in Wort und Bild auf insgesamt 5 Seiten<\/li>\n<li><strong>Suzuki GSX 750 vs. SV 650 vs. SV 650 S vs. GSF 600 S Bandit \u2013 <\/strong>die Suzuki-Mittelklasse im Vergleich, Testbericht in Wort und Bild auf insgesamt 9 Seiten<\/li>\n<li><strong>KTM Duke II<\/strong> mit 40 kW (55 PS) Test &amp; Technik \u2013 Fahrbericht in Wort und Bild auf insgesamt 4 Seiten<\/li>\n<li><strong>BMW R 1100 R, hier als Can-Am R 1100 RR getunt<\/strong> \u2013 Fahrbericht in Wort und Bild auf insgesamt 4 Seiten<\/li>\n<li><strong>Kawasaki VN 1500 Drifter vs. Suzuki VL 1500 Intruder vs. Yamaha XV 1600 Wild <\/strong>\u2013 gro\u00dfe Cruiser im Vergleich, Testbericht in Wort und Bild auf insgesamt 11 Seiten<\/li>\n<\/ul>\n<h2>\ud83c\udf0d Zustand der Zeitschrift<\/h2>\n<p><strong>Gebraucht, weil gelesen, durchgebl\u00e4ttert oder gestapelt \ud83d\ude09<\/strong> dem Alter angemessen gut bis sehr gut erhalten. Alles original, Klebespuren von abgel\u00f6sten Abo-Versandaufklebern k\u00f6nnen vorhanden sein.<\/p>\n<h2>\ud83d\udce6 Versand &amp; Service<\/h2>\n<ul>\n<li>\u2713 Kostenloser Versand innerhalb Deutschlands<\/li>\n<li>\u2713 Versand auch ins Ausland m\u00f6glich<\/li>\n<li>\u2713 Sicher verpackt \u2013 wir wissen, wie wertvoll diese Sch\u00e4tze sind!<\/li>\n<\/ul>\n","protected":false},"excerpt":{"rendered":"<p>Eine Motorrad\u2011Zeitschrift, in der sich die Erinnerungen an fr\u00fchere Tr\u00e4ume, Lieblingsmaschinen und legend\u00e4re Strecken wiederfinden.<\/p>\n","protected":false},"featured_media":2072,"template":"","meta":{"iawp_total_views":2},"product_brand":[],"product_cat":[23],"product_tag":[2305,2306,2315,2323,2324,2365,902,2053,2222,2262,2301],"class_list":{"0":"post-2073","1":"product","2":"type-product","3":"status-publish","4":"has-post-thumbnail","6":"product_cat-motorrad","7":"product_tag-suzuki-sv-650","8":"product_tag-suzuki-sv-650-s","9":"product_tag-kawasaki-vn-1500-drifter","10":"product_tag-ktm-duke-ii","11":"product_tag-can-am-r-1100-rr-getunt","12":"product_tag-bmw-r-1100-r-als-can-am-r-1100-rr","13":"product_tag-suzuki-gsx-750","14":"product_tag-suzuki-gsf-600-s-bandit","15":"product_tag-suzuki-vl-1500-lc-intruder","16":"product_tag-mv-agusta-f4-750-s","17":"product_tag-yamaha-xv-1600-wild-star","19":"first","20":"instock","21":"shipping-taxable","22":"purchasable","23":"product-type-simple"},"_links":{"self":[{"href":"https:\/\/motorrad-erinnerungen.de\/shop\/wp-json\/wp\/v2\/product\/2073","targetHints":{"allow":["GET"]}}],"collection":[{"href":"https:\/\/motorrad-erinnerungen.de\/shop\/wp-json\/wp\/v2\/product"}],"about":[{"href":"https:\/\/motorrad-erinnerungen.de\/shop\/wp-json\/wp\/v2\/types\/product"}],"wp:featuredmedia":[{"embeddable":true,"href":"https:\/\/motorrad-erinnerungen.de\/shop\/wp-json\/wp\/v2\/media\/2072"}],"wp:attachment":[{"href":"https:\/\/motorrad-erinnerungen.de\/shop\/wp-json\/wp\/v2\/media?parent=2073"}],"wp:term":[{"taxonomy":"product_brand","embeddable":true,"href":"https:\/\/motorrad-erinnerungen.de\/shop\/wp-json\/wp\/v2\/product_brand?post=2073"},{"taxonomy":"product_cat","embeddable":true,"href":"https:\/\/motorrad-erinnerungen.de\/shop\/wp-json\/wp\/v2\/product_cat?post=2073"},{"taxonomy":"product_tag","embeddable":true,"href":"https:\/\/motorrad-erinnerungen.de\/shop\/wp-json\/wp\/v2\/product_tag?post=2073"}],"curies":[{"name":"wp","href":"https:\/\/api.w.org\/{rel}","templated":true}]}}