{"id":2093,"date":"2025-09-05T23:03:40","date_gmt":"2025-09-05T21:03:40","guid":{"rendered":"https:\/\/motorrad-erinnerungen.de\/2026\/produkt\/motorrad-21-1999-buell-x1-lightning-moto-guzzi-v11-sport-triumph-speed-triple-test-ktm-400-520-exc-racing\/"},"modified":"2025-12-19T21:44:06","modified_gmt":"2025-12-19T20:44:06","slug":"motorrad-21-1999-buell-x1-lightning-moto-guzzi-v11-sport-triumph-speed-triple-test-ktm-400-520-exc-racing","status":"publish","type":"product","link":"https:\/\/motorrad-erinnerungen.de\/shop\/produkt\/motorrad-21-1999-buell-x1-lightning-moto-guzzi-v11-sport-triumph-speed-triple-test-ktm-400-520-exc-racing\/","title":{"rendered":"MOTORRAD 21\/1999 \u2013 Buell X1 Lightning vs. Moto Guzzi V11 Sport vs. Triumph Speed Triple"},"content":{"rendered":"<p>Hier k\u00f6nnen Sie die <strong>Motorrad\u2011Zeitschrift &#8222;MOTORRAD 21\/1999&#8220;<\/strong> erwerben:<\/p>\n<h2>\ud83d\udcccInhalt dieser Ausgabe (u.a.):<\/h2>\n<ul>\n<li><strong>Buell X1 Lightning vs. Moto Guzzi V11 Sport vs. Triumph Speed Triple<\/strong>\u00a0\u2013 Naked Bikes im Vergleich, Testbericht in Wort und Bild auf insgesamt 8 Seiten<\/li>\n<li><strong>KTM 400\/520 EXC-Racing<\/strong> mit 32,3\/39,7 kW (44\/54 PS) Test &amp; Technik \u2013 Fahrbericht in Wort und Bild auf insgesamt 4 Seiten<\/li>\n<li><strong>Honda XLR 125 R vs. Kawasaki KMX 125 R vs. Sachs ZX 125 vs. Suzuki DR 125 SE <\/strong>\u2013 125er-Enduro-Vergleich, Testbericht in Wort und Bild auf insgesamt 6 Seiten<\/li>\n<li><strong>Honda CBR 1000 F, ein Sporttourer-Evergreen<\/strong> \u2013 Erinnerungen in Wort und Bild auf insgesamt 3 Seiten<\/li>\n<li><strong>Suzuki VS 800 Intruder, Modelle 1992 &#8211; 1997, gebraucht kaufen<\/strong> \u2013 Gebrauchtkauf-Tipps in Wort und Bild auf insgesamt 5 Seiten<\/li>\n<li><strong>Aprilia RSV mille, Auspuffanlagen<\/strong> im Test \u2013 Kauf-Tipps in Wort und Bild auf insgesamt 2 Seiten<\/li>\n<\/ul>\n<h2>\ud83c\udf0d Zustand der Zeitschrift<\/h2>\n<p><strong>Gebraucht, weil gelesen, durchgebl\u00e4ttert oder gestapelt \ud83d\ude09<\/strong> dem Alter angemessen gut bis sehr gut erhalten. Alles original, Klebespuren von abgel\u00f6sten Abo-Versandaufklebern k\u00f6nnen vorhanden sein.<\/p>\n<h2>\ud83d\udce6 Versand &amp; Service<\/h2>\n<ul>\n<li>\u2713 Kostenloser Versand innerhalb Deutschlands<\/li>\n<li>\u2713 Versand auch ins Ausland m\u00f6glich<\/li>\n<li>\u2713 Sicher verpackt \u2013 wir wissen, wie wertvoll diese Sch\u00e4tze sind!<\/li>\n<\/ul>\n","protected":false},"excerpt":{"rendered":"<p>Eine Motorrad\u2011Zeitschrift, in der sich die Erinnerungen an fr\u00fchere Tr\u00e4ume, Lieblingsmaschinen und legend\u00e4re Strecken wiederfinden.<\/p>\n","protected":false},"featured_media":2092,"template":"","meta":{"iawp_total_views":0},"product_brand":[],"product_cat":[23],"product_tag":[1839,1927,2161,2276,2334,2340,2341,2342,2343,2362,1554],"class_list":{"0":"post-2093","1":"product","2":"type-product","3":"status-publish","4":"has-post-thumbnail","6":"product_cat-motorrad","7":"product_tag-suzuki-vs-800-intruder","8":"product_tag-triumph-speed-triple","9":"product_tag-sachs-zx-125","10":"product_tag-buell-x1-lightning","11":"product_tag-moto-guzzi-v11-sport","12":"product_tag-ktm-400-und-ktm-520-exc-racing","13":"product_tag-honda-xlr-125-r","14":"product_tag-kawasaki-kmx-125-r","15":"product_tag-suzuki-dr-125-se","16":"product_tag-aprilia-rsv-mille-auspuffanlagen","17":"product_tag-honda-cbr-1000-f","19":"first","20":"instock","21":"shipping-taxable","22":"purchasable","23":"product-type-simple"},"_links":{"self":[{"href":"https:\/\/motorrad-erinnerungen.de\/shop\/wp-json\/wp\/v2\/product\/2093","targetHints":{"allow":["GET"]}}],"collection":[{"href":"https:\/\/motorrad-erinnerungen.de\/shop\/wp-json\/wp\/v2\/product"}],"about":[{"href":"https:\/\/motorrad-erinnerungen.de\/shop\/wp-json\/wp\/v2\/types\/product"}],"wp:featuredmedia":[{"embeddable":true,"href":"https:\/\/motorrad-erinnerungen.de\/shop\/wp-json\/wp\/v2\/media\/2092"}],"wp:attachment":[{"href":"https:\/\/motorrad-erinnerungen.de\/shop\/wp-json\/wp\/v2\/media?parent=2093"}],"wp:term":[{"taxonomy":"product_brand","embeddable":true,"href":"https:\/\/motorrad-erinnerungen.de\/shop\/wp-json\/wp\/v2\/product_brand?post=2093"},{"taxonomy":"product_cat","embeddable":true,"href":"https:\/\/motorrad-erinnerungen.de\/shop\/wp-json\/wp\/v2\/product_cat?post=2093"},{"taxonomy":"product_tag","embeddable":true,"href":"https:\/\/motorrad-erinnerungen.de\/shop\/wp-json\/wp\/v2\/product_tag?post=2093"}],"curies":[{"name":"wp","href":"https:\/\/api.w.org\/{rel}","templated":true}]}}