{"id":2115,"date":"2025-09-06T10:17:47","date_gmt":"2025-09-06T08:17:47","guid":{"rendered":"https:\/\/motorrad-erinnerungen.de\/2026\/produkt\/motorrad-4-2000-test-honda-cbr-900-rr-fireblade-test-bmw-f-650-gs-test-kawasaki-zx-6r-ninja-test-suzuki-gsf-600-s-bandit\/"},"modified":"2025-12-19T21:53:40","modified_gmt":"2025-12-19T20:53:40","slug":"motorrad-4-2000-test-honda-cbr-900-rr-fireblade-test-bmw-f-650-gs-test-kawasaki-zx-6r-ninja-test-suzuki-gsf-600-s-bandit","status":"publish","type":"product","link":"https:\/\/motorrad-erinnerungen.de\/shop\/produkt\/motorrad-4-2000-test-honda-cbr-900-rr-fireblade-test-bmw-f-650-gs-test-kawasaki-zx-6r-ninja-test-suzuki-gsf-600-s-bandit\/","title":{"rendered":"MOTORRAD 4\/2000 \u2013 Test Honda CBR 900 RR Fireblade; BMW F 650 GS; Kawasaki ZX-6R Ninja"},"content":{"rendered":"<p>Hier k\u00f6nnen Sie die <strong>Motorrad\u2011Zeitschrift &#8222;MOTORRAD 4\/2000&#8220;<\/strong> erwerben:<\/p>\n<h2>\ud83d\udcccInhalt dieser Ausgabe (u.a.):<\/h2>\n<ul>\n<li><strong>Honda CBR 900 RR Fireblade<\/strong> mit 112 kW (152 PS) Test &amp; Technik \u2013 Fahrbericht in Wort und Bild auf insgesamt 5 Seiten<\/li>\n<li><strong>BMW F 650 GS<\/strong> mit 37 kW (50 PS) Test &amp; Technik \u2013 Vorstellung in Wort und Bild auf insgesamt 5 Seiten<\/li>\n<li><strong>Kawasaki ZX-6R Ninja<\/strong> mit 82 kW (111 PS) Test &amp; Technik \u2013 Fahrbericht in Wort und Bild auf insgesamt 4 Seiten<\/li>\n<li><strong>Suzuki GSF 600 \/ S Bandit<\/strong> mit 57 kW (78 PS) Test &amp; Technik \u2013 Fahrbericht in Wort und Bild auf insgesamt 4 Seiten<\/li>\n<li><strong>Honda CBR 600 F, Zubeh\u00f6r-Schalld\u00e4mpfer<\/strong> im Vergleichstest \u2013 13 T\u00f6pfe f\u00fcr die PC 35 im Vergleich, Testbericht in Wort und Bild auf insgesamt 7 Seiten<\/li>\n<li><strong>Honda CX 500, damit in 16 Jahren um die Welt<\/strong> \u2013 Bericht in Wort und Bild auf insgesamt 7 Seiten<\/li>\n<\/ul>\n<h2>\ud83c\udf0d Zustand der Zeitschrift<\/h2>\n<p><strong>Gebraucht, weil gelesen, durchgebl\u00e4ttert oder gestapelt \ud83d\ude09<\/strong> dem Alter angemessen gut bis sehr gut erhalten. Alles original, Klebespuren von abgel\u00f6sten Abo-Versandaufklebern k\u00f6nnen vorhanden sein.<\/p>\n<h2>\ud83d\udce6 Versand &amp; Service<\/h2>\n<ul>\n<li>\u2713 Kostenloser Versand innerhalb Deutschlands<\/li>\n<li>\u2713 Versand auch ins Ausland m\u00f6glich<\/li>\n<li>\u2713 Sicher verpackt \u2013 wir wissen, wie wertvoll diese Sch\u00e4tze sind!<\/li>\n<\/ul>\n","protected":false},"excerpt":{"rendered":"<p>Eine Motorrad\u2011Zeitschrift, in der sich die Erinnerungen an fr\u00fchere Tr\u00e4ume, Lieblingsmaschinen und legend\u00e4re Strecken wiederfinden.<\/p>\n","protected":false},"featured_media":2114,"template":"","meta":{"iawp_total_views":0},"product_brand":[],"product_cat":[23],"product_tag":[689,1555,1825,2001,2053,2393],"class_list":{"0":"post-2115","1":"product","2":"type-product","3":"status-publish","4":"has-post-thumbnail","6":"product_cat-motorrad","7":"product_tag-honda-cx-500","8":"product_tag-honda-cbr-600-f","9":"product_tag-honda-cbr-900-rr-fireblade","10":"product_tag-kawasaki-zx-6r-ninja","11":"product_tag-suzuki-gsf-600-s-bandit","12":"product_tag-bmw-f-650-gs","14":"first","15":"instock","16":"shipping-taxable","17":"purchasable","18":"product-type-simple"},"_links":{"self":[{"href":"https:\/\/motorrad-erinnerungen.de\/shop\/wp-json\/wp\/v2\/product\/2115","targetHints":{"allow":["GET"]}}],"collection":[{"href":"https:\/\/motorrad-erinnerungen.de\/shop\/wp-json\/wp\/v2\/product"}],"about":[{"href":"https:\/\/motorrad-erinnerungen.de\/shop\/wp-json\/wp\/v2\/types\/product"}],"wp:featuredmedia":[{"embeddable":true,"href":"https:\/\/motorrad-erinnerungen.de\/shop\/wp-json\/wp\/v2\/media\/2114"}],"wp:attachment":[{"href":"https:\/\/motorrad-erinnerungen.de\/shop\/wp-json\/wp\/v2\/media?parent=2115"}],"wp:term":[{"taxonomy":"product_brand","embeddable":true,"href":"https:\/\/motorrad-erinnerungen.de\/shop\/wp-json\/wp\/v2\/product_brand?post=2115"},{"taxonomy":"product_cat","embeddable":true,"href":"https:\/\/motorrad-erinnerungen.de\/shop\/wp-json\/wp\/v2\/product_cat?post=2115"},{"taxonomy":"product_tag","embeddable":true,"href":"https:\/\/motorrad-erinnerungen.de\/shop\/wp-json\/wp\/v2\/product_tag?post=2115"}],"curies":[{"name":"wp","href":"https:\/\/api.w.org\/{rel}","templated":true}]}}