{"id":2270,"date":"2025-09-06T11:23:53","date_gmt":"2025-09-06T09:23:53","guid":{"rendered":"https:\/\/motorrad-erinnerungen.de\/2026\/produkt\/motorrad-3-2003-ducati-749-s-kawasaki-zx-6r-ninja-yamaha-yzf-r6-test-harley-davidson-fat-boy-injection\/"},"modified":"2025-12-20T15:54:56","modified_gmt":"2025-12-20T14:54:56","slug":"motorrad-3-2003-ducati-749-s-kawasaki-zx-6r-ninja-yamaha-yzf-r6-test-harley-davidson-fat-boy-injection","status":"publish","type":"product","link":"https:\/\/motorrad-erinnerungen.de\/shop\/produkt\/motorrad-3-2003-ducati-749-s-kawasaki-zx-6r-ninja-yamaha-yzf-r6-test-harley-davidson-fat-boy-injection\/","title":{"rendered":"MOTORRAD 3\/2003 \u2013 Top-Test Harley-Davidson Fat Boy Injection"},"content":{"rendered":"<p>Hier k\u00f6nnen Sie die <strong>Motorrad\u2011Zeitschrift &#8222;MOTORRAD 3\/2003&#8220;<\/strong> erwerben:<\/p>\n<h2>\ud83d\udcccInhalt dieser Ausgabe (u.a.):<\/h2>\n<ul>\n<li><strong>Ducati 749S vs. Kawasaki ZX-6R Ninja vs. Yamaha YZF-R6<\/strong> \u2013 Super-Sportler im Vergleich, Testbericht und sch\u00f6ne Bilder auf 10 Seiten<\/li>\n<li><strong>Harley-Davidson Fat Boy Injection<\/strong> mit 47 kW (64 PS) im TOP-Test \u2013 Testbericht und sch\u00f6ne Bilder auf 8 Seiten<\/li>\n<li><strong>BMW F 650 GS Touratech vs. BMW R 1150 GS Adventure vs. Honda XRV 750 Africa Queens vs. KTM 640 LC4 Adventure <\/strong>\u2013 Enduros f\u00fcr Reise + Rallye im Vergleich,\u00a0 Testbericht und sch\u00f6ne Bilder auf 12 Seiten in einem gr\u00f6\u00dferen Enduro-Spezialteil<\/li>\n<li><strong>BMW F 650 GS, Sintermetall-Bremsbel\u00e4ge<\/strong> im Vergleichstest \u2013 Testbericht auf 4 Seiten<\/li>\n<\/ul>\n<h2>\ud83c\udf0d Zustand der Zeitschrift<\/h2>\n<p><strong>Gebraucht, weil gelesen, durchgebl\u00e4ttert oder gestapelt \ud83d\ude09<\/strong> dem Alter angemessen gut bis sehr gut erhalten. Alles original, Klebespuren von abgel\u00f6sten Abo-Versandaufklebern k\u00f6nnen vorhanden sein.<\/p>\n<h2>\ud83d\udce6 Versand &amp; Service<\/h2>\n<ul>\n<li>\u2713 Kostenloser Versand innerhalb Deutschlands<\/li>\n<li>\u2713 Versand auch ins Ausland m\u00f6glich<\/li>\n<li>\u2713 Sicher verpackt \u2013 wir wissen, wie wertvoll diese Sch\u00e4tze sind!<\/li>\n<\/ul>\n","protected":false},"excerpt":{"rendered":"<p>Originale Motorrad\u2011Zeitschrift aus den 2000ern \u2013 mit Tests und Berichten, die an die eigenen Touren und Bikes dieser Zeit erinnern.<\/p>\n","protected":false},"featured_media":2269,"template":"","meta":{"iawp_total_views":1},"product_brand":[],"product_cat":[23],"product_tag":[2635,2636,2637,2935,2001,2936,2279,2393,2525,2589,2633,2634],"class_list":{"0":"post-2270","1":"product","2":"type-product","3":"status-publish","4":"has-post-thumbnail","6":"product_cat-motorrad","7":"product_tag-ducati-749s","8":"product_tag-bmw-f650gs-touratech","9":"product_tag-ktm-640-lc4-adventure","10":"product_tag-harley-davidson-fat-boy-injection","11":"product_tag-kawasaki-zx-6r-ninja","12":"product_tag-africa-queens-honda-xrv-750-africa-twin","13":"product_tag-yamaha-yzf-r6","14":"product_tag-bmw-f-650-gs","15":"product_tag-bmw-r-1150-gs-adventure","16":"product_tag-ducati-749-s","17":"product_tag-bmw-f-650-gs-touratech","18":"product_tag-ktm-lc4-640-adventure","20":"first","21":"instock","22":"shipping-taxable","23":"purchasable","24":"product-type-simple"},"_links":{"self":[{"href":"https:\/\/motorrad-erinnerungen.de\/shop\/wp-json\/wp\/v2\/product\/2270","targetHints":{"allow":["GET"]}}],"collection":[{"href":"https:\/\/motorrad-erinnerungen.de\/shop\/wp-json\/wp\/v2\/product"}],"about":[{"href":"https:\/\/motorrad-erinnerungen.de\/shop\/wp-json\/wp\/v2\/types\/product"}],"wp:featuredmedia":[{"embeddable":true,"href":"https:\/\/motorrad-erinnerungen.de\/shop\/wp-json\/wp\/v2\/media\/2269"}],"wp:attachment":[{"href":"https:\/\/motorrad-erinnerungen.de\/shop\/wp-json\/wp\/v2\/media?parent=2270"}],"wp:term":[{"taxonomy":"product_brand","embeddable":true,"href":"https:\/\/motorrad-erinnerungen.de\/shop\/wp-json\/wp\/v2\/product_brand?post=2270"},{"taxonomy":"product_cat","embeddable":true,"href":"https:\/\/motorrad-erinnerungen.de\/shop\/wp-json\/wp\/v2\/product_cat?post=2270"},{"taxonomy":"product_tag","embeddable":true,"href":"https:\/\/motorrad-erinnerungen.de\/shop\/wp-json\/wp\/v2\/product_tag?post=2270"}],"curies":[{"name":"wp","href":"https:\/\/api.w.org\/{rel}","templated":true}]}}