{"id":228,"date":"2025-09-02T13:34:28","date_gmt":"2025-09-02T11:34:28","guid":{"rendered":"https:\/\/motorrad-erinnerungen.de\/2026\/produkt\/das-motorrad-4-1964-greeves-das-fraeulein-baut-motorraeder-elefantentreffen-1964-wo-bleibt-der-bueffel\/"},"modified":"2025-12-08T17:01:40","modified_gmt":"2025-12-08T16:01:40","slug":"das-motorrad-4-1964-greeves-das-fraeulein-baut-motorraeder-elefantentreffen-1964-wo-bleibt-der-bueffel","status":"publish","type":"product","link":"https:\/\/motorrad-erinnerungen.de\/shop\/produkt\/das-motorrad-4-1964-greeves-das-fraeulein-baut-motorraeder-elefantentreffen-1964-wo-bleibt-der-bueffel\/","title":{"rendered":"DAS MOTORRAD 4\/1964 \u2013 Greeves, das Fr\u00e4ulein baut Motorr\u00e4der; Elefantentreffen 1964: Wo bleibt der B\u00fcffel?"},"content":{"rendered":"<p>zum Kauf angeboten wird die Zeitschrift &#8222;DAS MOTORRAD 4\/1964&#8220;.<\/p>\n<h2>\ud83d\udcccInhalt dieser Ausgabe (u.a.):<\/h2>\n<ul>\n<li><strong>Greeves, das Fr\u00e4ulein baut Motorr\u00e4der<\/strong> \u2013 Erinnerungen in Text und Bild auf 4 Seiten<\/li>\n<li><strong>Elefantentreffen 1964: Wo bleibt der B\u00fcffel?<\/strong> \u2013 Klacks-Erinnerungen in Text und Bild auf 5 Seiten<\/li>\n<\/ul>\n<h2>\ud83c\udf0d Zustand der Zeitschrift<\/h2>\n<p><strong>Gebraucht, weil gelesen, durchgebl\u00e4ttert oder gestapelt \ud83d\ude09<\/strong> dem Alter angemessen gut bis sehr gut erhalten. Alles original, Klebespuren von abgel\u00f6sten Abo-Versandaufklebern k\u00f6nnen vorhanden sein.<\/p>\n<h2>\ud83d\udce6 Versand &amp; Service<\/h2>\n<ul>\n<li>\u2713 Kostenloser Versand innerhalb Deutschlands<\/li>\n<li>\u2713 Versand auch ins Ausland m\u00f6glich<\/li>\n<li>\u2713 Sicher verpackt \u2013 wir wissen, wie wertvoll diese Sch\u00e4tze sind!<\/li>\n<\/ul>\n","protected":false},"excerpt":{"rendered":"<p>Elefantentreffen 1964: Wo bleibt der B\u00fcffel? \u2013 Klacks-Erinnerungen in Text und Bild auf 5 Seiten dieser \u00fcber 50 Jahre alten, kompletten Motorrad-Zeitung<\/p>\n","protected":false},"featured_media":227,"template":"","meta":{"iawp_total_views":2},"product_brand":[],"product_cat":[23],"product_tag":[190,192],"class_list":{"0":"post-228","1":"product","2":"type-product","3":"status-publish","4":"has-post-thumbnail","6":"product_cat-motorrad","7":"product_tag-greeves","8":"product_tag-elefantentreffen-1964-wo-bleibt-der-bueffel","10":"first","11":"instock","12":"shipping-taxable","13":"purchasable","14":"product-type-simple"},"_links":{"self":[{"href":"https:\/\/motorrad-erinnerungen.de\/shop\/wp-json\/wp\/v2\/product\/228","targetHints":{"allow":["GET"]}}],"collection":[{"href":"https:\/\/motorrad-erinnerungen.de\/shop\/wp-json\/wp\/v2\/product"}],"about":[{"href":"https:\/\/motorrad-erinnerungen.de\/shop\/wp-json\/wp\/v2\/types\/product"}],"wp:featuredmedia":[{"embeddable":true,"href":"https:\/\/motorrad-erinnerungen.de\/shop\/wp-json\/wp\/v2\/media\/227"}],"wp:attachment":[{"href":"https:\/\/motorrad-erinnerungen.de\/shop\/wp-json\/wp\/v2\/media?parent=228"}],"wp:term":[{"taxonomy":"product_brand","embeddable":true,"href":"https:\/\/motorrad-erinnerungen.de\/shop\/wp-json\/wp\/v2\/product_brand?post=228"},{"taxonomy":"product_cat","embeddable":true,"href":"https:\/\/motorrad-erinnerungen.de\/shop\/wp-json\/wp\/v2\/product_cat?post=228"},{"taxonomy":"product_tag","embeddable":true,"href":"https:\/\/motorrad-erinnerungen.de\/shop\/wp-json\/wp\/v2\/product_tag?post=228"}],"curies":[{"name":"wp","href":"https:\/\/api.w.org\/{rel}","templated":true}]}}