{"id":2354,"date":"2025-09-06T11:24:13","date_gmt":"2025-09-06T09:24:13","guid":{"rendered":"https:\/\/motorrad-erinnerungen.de\/2026\/produkt\/motorrad-19-2004-bmw-k-1200-s-die-technik-des-neuen-motors-test-honda-cbr-1000-rr-fireblade-bmw-r-80-gs-bmw-r-1200-gs\/"},"modified":"2026-03-20T00:01:22","modified_gmt":"2026-03-19T23:01:22","slug":"motorrad-19-2004-bmw-k-1200-s-die-technik-des-neuen-motors-test-honda-cbr-1000-rr-fireblade-bmw-r-80-gs-bmw-r-1200-gs","status":"publish","type":"product","link":"https:\/\/motorrad-erinnerungen.de\/shop\/produkt\/motorrad-19-2004-bmw-k-1200-s-die-technik-des-neuen-motors-test-honda-cbr-1000-rr-fireblade-bmw-r-80-gs-bmw-r-1200-gs\/","title":{"rendered":"MOTORRAD 19\/2004 \u2013 Top-Test Honda CBR 1000 RR FireBlade"},"content":{"rendered":"<p>Hier k\u00f6nnen Sie die <strong>Motorrad\u2011Zeitschrift &#8222;MOTORRAD 19\/2004&#8220;<\/strong> erwerben:<\/p>\n<h2>\ud83d\udcccInhalt dieser Ausgabe (u.a.):<\/h2>\n<ul>\n<li><strong>BMW K 1200 S, die Technik des neuen Motors<\/strong> \u2013 Vorstellung und sch\u00f6ne Bilder auf 5 Seiten<\/li>\n<li><strong>Honda CBR 1000 RR FireBlade<\/strong> mit 126 kW (171 PS) im TOP-Test \u2013 Testbericht und sch\u00f6ne Bilder auf 6 Seiten<\/li>\n<li><strong>BMW R 80 GS vs. BMW R 1200 GS <\/strong>\u2013 Vergleich &#8222;alt gegen neu&#8220;, Testbericht und sch\u00f6ne Bilder auf 4 Seiten in einem gr\u00f6\u00dferen Spezialteil (Teil 1)<\/li>\n<li><strong>Suzuki SV 650 vs. Suzuki VX 800 <\/strong>\u2013 Vergleich &#8222;alt gegen neu&#8220;, Testericht und sch\u00f6ne Bilder auf 4 Seiten in einem gr\u00f6\u00dferen Spezialteil (Teil 1)<\/li>\n<li><strong>Harley-Davidson FL 74 Knucklehead vs. Harley-Davidson Heritage Softail Springer Classic<\/strong> \u2013 Vergleich &#8222;alt gegen neu&#8220;, Testbericht und sch\u00f6ne Bilder auf 4 Seiten in einem gr\u00f6\u00dferen Spezialteil (Teil 1)<\/li>\n<li><strong>Vergleich Yamaha RD 500 vs. Yamaha YZF-R6 <\/strong>\u2013 Vergleich &#8222;alt gegen neu&#8220;, Testbericht und sch\u00f6ne Bilder auf 4 Seiten in einem gr\u00f6\u00dferen Spezialteil (Teil 1)<\/li>\n<li><strong>Kawasaki Z 1000<\/strong> , mit 112,5 kW (153 PS) von Gilles Tooling \u2013 Testbericht und sch\u00f6ne Bilder auf 3 Seiten<\/li>\n<\/ul>\n<h2>\ud83c\udf0d Zustand der Zeitschrift<\/h2>\n<p><strong>Gebraucht, weil gelesen, durchgebl\u00e4ttert oder gestapelt \ud83d\ude09<\/strong> dem Alter angemessen gut bis sehr gut erhalten. Alles original, Klebespuren von abgel\u00f6sten Abo-Versandaufklebern k\u00f6nnen vorhanden sein.<\/p>\n<h2>\ud83d\udce6 Versand &amp; Service<\/h2>\n<ul>\n<li>\u2713 Kostenloser Versand innerhalb Deutschlands<\/li>\n<li>\u2713 Versand auch ins Ausland m\u00f6glich<\/li>\n<li>\u2713 Sicher verpackt \u2013 wir wissen, wie wertvoll diese Sch\u00e4tze sind!<\/li>\n<\/ul>\n","protected":false},"excerpt":{"rendered":"<p>Originale Motorrad\u2011Zeitschrift aus den 2000ern \u2013 mit Tests und Berichten, die an die eigenen Touren und Bikes dieser Zeit erinnern.<\/p>\n","protected":false},"featured_media":2353,"template":"","meta":{"iawp_total_views":2},"product_brand":[],"product_cat":[23],"product_tag":[2787,2788,850,2789,1235,5283,1760,2279,2305,2526,2646,2760,2786],"class_list":{"0":"post-2354","1":"product","2":"type-product","3":"status-publish","4":"has-post-thumbnail","6":"product_cat-motorrad","7":"product_tag-harley-davidson-heritage-softail-springer-classic","8":"product_tag-bmw-r80gs","9":"product_tag-bmw-r-80-gs","10":"product_tag-suzuki-sv650","11":"product_tag-yamaha-rd-500-lc","12":"product_tag-kawasaki-z-1","13":"product_tag-suzuki-vx-800","14":"product_tag-yamaha-yzf-r6","15":"product_tag-suzuki-sv-650","16":"product_tag-honda-fireblade","17":"product_tag-bmw-r-1200-gs","18":"product_tag-bmw-k-1200-s","19":"product_tag-harley-davidson-fl-74-knucklehead","21":"first","22":"instock","23":"shipping-taxable","24":"purchasable","25":"product-type-simple"},"_links":{"self":[{"href":"https:\/\/motorrad-erinnerungen.de\/shop\/wp-json\/wp\/v2\/product\/2354","targetHints":{"allow":["GET"]}}],"collection":[{"href":"https:\/\/motorrad-erinnerungen.de\/shop\/wp-json\/wp\/v2\/product"}],"about":[{"href":"https:\/\/motorrad-erinnerungen.de\/shop\/wp-json\/wp\/v2\/types\/product"}],"wp:featuredmedia":[{"embeddable":true,"href":"https:\/\/motorrad-erinnerungen.de\/shop\/wp-json\/wp\/v2\/media\/2353"}],"wp:attachment":[{"href":"https:\/\/motorrad-erinnerungen.de\/shop\/wp-json\/wp\/v2\/media?parent=2354"}],"wp:term":[{"taxonomy":"product_brand","embeddable":true,"href":"https:\/\/motorrad-erinnerungen.de\/shop\/wp-json\/wp\/v2\/product_brand?post=2354"},{"taxonomy":"product_cat","embeddable":true,"href":"https:\/\/motorrad-erinnerungen.de\/shop\/wp-json\/wp\/v2\/product_cat?post=2354"},{"taxonomy":"product_tag","embeddable":true,"href":"https:\/\/motorrad-erinnerungen.de\/shop\/wp-json\/wp\/v2\/product_tag?post=2354"}],"curies":[{"name":"wp","href":"https:\/\/api.w.org\/{rel}","templated":true}]}}