{"id":2549,"date":"2025-09-06T23:39:31","date_gmt":"2025-09-06T21:39:31","guid":{"rendered":"https:\/\/motorrad-erinnerungen.de\/2026\/produkt\/motorrad-10-2008-test-honda-cb-1000-r-aprilia-rsv-1000-r-factory-bmw-hp2-sport-buell-1125-r\/"},"modified":"2025-12-23T21:37:42","modified_gmt":"2025-12-23T20:37:42","slug":"motorrad-10-2008-test-honda-cb-1000-r-aprilia-rsv-1000-r-factory-bmw-hp2-sport-buell-1125-r","status":"publish","type":"product","link":"https:\/\/motorrad-erinnerungen.de\/shop\/produkt\/motorrad-10-2008-test-honda-cb-1000-r-aprilia-rsv-1000-r-factory-bmw-hp2-sport-buell-1125-r\/","title":{"rendered":"MOTORRAD 10\/2008 \u2013 Vergleich BMW R 1200 GS vs. F 800 GS; Zubeh\u00f6r Suzuki Bandit 1250 S"},"content":{"rendered":"<p>Hier k\u00f6nnen Sie die <strong>Motorrad\u2011Zeitschrift &#8222;MOTORRAD 10\/2008&#8220;<\/strong> erwerben:<\/p>\n<h2>\ud83d\udcccInhalt dieser Ausgabe (u.a.):<\/h2>\n<ul>\n<li><strong>Honda CB 1000 R<\/strong> mit 92 kW (125 PS) Test &amp; Technik \u2013 Fahrbericht auf 5 Seiten<\/li>\n<li><strong>Aprilia RSV 1000 R Factory vs. BMW HP2 Sport vs. Buell 1125 R vs. Ducati 1098 vs. KTM 1190 RC8<\/strong> \u2013 Super-Twin-Vergleich, Testbericht auf 16 Seiten<\/li>\n<li><strong>Yamaha XT 660 Z T\u00e9n\u00e9r\u00e9<\/strong> mit 35,3 kW (48 PS) Test &amp; Technik \u2013 Fahrbericht auf 4 Seiten<\/li>\n<li><strong>Kawasaki Ninja 250 R<\/strong> mit 24 kW (33 PS) Test &amp; Technik \u2013 Fahrbericht auf 3 Seiten<\/li>\n<li><strong>BMW R 1200 GS vs. F 800 GS <\/strong>\u2013 BMW-GS-Vergleich, Testbericht auf 10 Seiten<\/li>\n<li><strong>Suzuki Bandit 1250 S<\/strong> mit 72 kW (98 PS) im Dauertest \u2013 Zwischenbilanz, 28.200 km und Zubeh\u00f6r-Tipps auf 8 Seiten<\/li>\n<li><strong>Triumph Thruxton 900<\/strong> mit 51 kW (69 PS) Test &amp; Technik \u2013 Testbericht auf 2 Seiten<\/li>\n<li><strong>Honda NT 650 V \/ Deauville<\/strong>\u00a0im Gebrauchtmarkt \u2013 Gebrauchtkauf-Tipps auf 2 Seiten<\/li>\n<li><strong>Motorrad Tour in den S\u00fcden, durch die Westalpen ans Mittelmeer<\/strong> \u2013 Reisebericht in Wort und Bild + n\u00fctzliche Infos auf 12 Seiten<\/li>\n<li><strong>Motorrad Trip in Armenien, nicht allt\u00e4glich<\/strong> \u2013 Reisebericht in Wort und Bild + n\u00fctzliche Infos auf 7 Seiten<\/li>\n<\/ul>\n<h2>\ud83c\udf0d Zustand der Zeitschrift<\/h2>\n<p><strong>Gebraucht, weil gelesen, durchgebl\u00e4ttert oder gestapelt \ud83d\ude09<\/strong> dem Alter angemessen gut bis sehr gut erhalten. Alles original, Klebespuren von abgel\u00f6sten Abo-Versandaufklebern k\u00f6nnen vorhanden sein.<\/p>\n<h2>\ud83d\udce6 Versand &amp; Service<\/h2>\n<ul>\n<li>\u2713 Kostenloser Versand innerhalb Deutschlands<\/li>\n<li>\u2713 Versand auch ins Ausland m\u00f6glich<\/li>\n<li>\u2713 Sicher verpackt \u2013 wir wissen, wie wertvoll diese Sch\u00e4tze sind!<\/li>\n<\/ul>\n","protected":false},"excerpt":{"rendered":"<p>Ein Blick zur\u00fcck in die Zeit, als Einspritzung, ABS und erste Elektronikpakete die Motorradwelt ver\u00e4ndert haben.<\/p>\n","protected":false},"featured_media":2548,"template":"","meta":{"iawp_total_views":1},"product_brand":[],"product_cat":[23],"product_tag":[3093,3116,2228,3119,2646,3132,2698,3133,2715,3134,2743,2747,3017,3026,3070],"class_list":{"0":"post-2549","1":"product","2":"type-product","3":"status-publish","4":"has-post-thumbnail","6":"product_cat-motorrad","7":"product_tag-bmw-hp2-sport","8":"product_tag-bmw-f-800-gs","9":"product_tag-honda-nt-650-v-deauville","10":"product_tag-ktm-1190-rc8","11":"product_tag-bmw-r-1200-gs","12":"product_tag-honda-cb-1000-r","13":"product_tag-aprilia-rsv-1000-r-factory","14":"product_tag-yamaha-xt-660-z-tenere","15":"product_tag-aprilia-rsv1000r-factory","16":"product_tag-kawasaki-ninja-250-r","17":"product_tag-triumph-thruxton-900","18":"product_tag-bmw-r1200gs","19":"product_tag-ducati-1098","20":"product_tag-suzuki-bandit-1250-s","21":"product_tag-buell-1125-r","23":"first","24":"instock","25":"shipping-taxable","26":"purchasable","27":"product-type-simple"},"_links":{"self":[{"href":"https:\/\/motorrad-erinnerungen.de\/shop\/wp-json\/wp\/v2\/product\/2549","targetHints":{"allow":["GET"]}}],"collection":[{"href":"https:\/\/motorrad-erinnerungen.de\/shop\/wp-json\/wp\/v2\/product"}],"about":[{"href":"https:\/\/motorrad-erinnerungen.de\/shop\/wp-json\/wp\/v2\/types\/product"}],"wp:featuredmedia":[{"embeddable":true,"href":"https:\/\/motorrad-erinnerungen.de\/shop\/wp-json\/wp\/v2\/media\/2548"}],"wp:attachment":[{"href":"https:\/\/motorrad-erinnerungen.de\/shop\/wp-json\/wp\/v2\/media?parent=2549"}],"wp:term":[{"taxonomy":"product_brand","embeddable":true,"href":"https:\/\/motorrad-erinnerungen.de\/shop\/wp-json\/wp\/v2\/product_brand?post=2549"},{"taxonomy":"product_cat","embeddable":true,"href":"https:\/\/motorrad-erinnerungen.de\/shop\/wp-json\/wp\/v2\/product_cat?post=2549"},{"taxonomy":"product_tag","embeddable":true,"href":"https:\/\/motorrad-erinnerungen.de\/shop\/wp-json\/wp\/v2\/product_tag?post=2549"}],"curies":[{"name":"wp","href":"https:\/\/api.w.org\/{rel}","templated":true}]}}