{"id":2692,"date":"2025-09-08T12:02:10","date_gmt":"2025-09-08T10:02:10","guid":{"rendered":"https:\/\/motorrad-erinnerungen.de\/2026\/produkt\/motorrad-22-2010-vorstellung-bmw-k-1600-gt-gtl-test-honda-cb-1100-test-triumph-bonneville-se-vergleich-bmw-s-1000-rr\/"},"modified":"2025-12-25T18:29:16","modified_gmt":"2025-12-25T17:29:16","slug":"motorrad-22-2010-vorstellung-bmw-k-1600-gt-gtl-test-honda-cb-1100-test-triumph-bonneville-se-vergleich-bmw-s-1000-rr","status":"publish","type":"product","link":"https:\/\/motorrad-erinnerungen.de\/shop\/produkt\/motorrad-22-2010-vorstellung-bmw-k-1600-gt-gtl-test-honda-cb-1100-test-triumph-bonneville-se-vergleich-bmw-s-1000-rr\/","title":{"rendered":"MOTORRAD 22\/2010 \u2013 Gebrauchtkauf Honda Pan European; Erinnerungen Yamaha XT 500"},"content":{"rendered":"<p>Hier k\u00f6nnen Sie die <strong>Motorrad\u2011Zeitschrift &#8222;MOTORRAD 22\/2010&#8220;<\/strong> erwerben:<\/p>\n<h2>\ud83d\udcccInhalt dieser Ausgabe (u.a.):<\/h2>\n<ul>\n<li><strong>BMW K 1600 GT \/ GTL<\/strong> mit 118 kW (160 PS) \u2013 Neuheiten-Vorstellung auf 4 Seiten in Wort und Bild<\/li>\n<li><strong>Honda CB 1100 + Triumph Bonneville SE <\/strong>\u2013 gemeinsamer Fahrbericht auf 8 Seiten in Wort und Bild<\/li>\n<li><strong>BMW S 1000 RR + Honda Fireblade + Honda VFR 1200 F + Kawasaki 1400 GTR + Suzuki Bandit 1250 + Harley-Davidson Night Rod Special + BMW R 1200 GS + Yamaha XT 1200 Z Super T\u00e9n\u00e9r\u00e9 <\/strong>im ABS-Vergleich \u2013 Vergleich der Assistenzsysteme, Teil 1, Testbericht auf 11 Seiten in Wort und Bild<\/li>\n<li><strong>Honda Pan European, ab Modell 2002, gebraucht kaufen<\/strong> \u2013 Gebraucht-Beratimg auf 2 Seiten in Wort und Bild<\/li>\n<li><strong>Yamaha XT 500, ein Rallye-Highlight der Motorrad-Geschichte<\/strong> \u2013 Vorstellung auf 5 Seiten in Wort und Bild<\/li>\n<\/ul>\n<h2>\ud83c\udf0d Zustand der Zeitschrift<\/h2>\n<p><strong>Gebraucht, weil gelesen, durchgebl\u00e4ttert oder gestapelt \ud83d\ude09<\/strong> dem Alter angemessen gut bis sehr gut erhalten. Alles original, Klebespuren von abgel\u00f6sten Abo-Versandaufklebern k\u00f6nnen vorhanden sein.<\/p>\n<h2>\ud83d\udce6 Versand &amp; Service<\/h2>\n<ul>\n<li>\u2713 Kostenloser Versand innerhalb Deutschlands<\/li>\n<li>\u2713 Versand auch ins Ausland m\u00f6glich<\/li>\n<li>\u2713 Sicher verpackt \u2013 wir wissen, wie wertvoll diese Sch\u00e4tze sind!<\/li>\n<\/ul>\n","protected":false},"excerpt":{"rendered":"<p>Ein Blick zur\u00fcck in die Zeit, als Einspritzung, ABS und erste Elektronikpakete die Motorradwelt ver\u00e4ndert haben.<\/p>\n","protected":false},"featured_media":2691,"template":"","meta":{"iawp_total_views":1},"product_brand":[],"product_cat":[23],"product_tag":[2890,3048,3063,3219,3231,3245,3336,3391,585,3402,2526,3565,2646],"class_list":{"0":"post-2692","1":"product","2":"type-product","3":"status-publish","4":"has-post-thumbnail","6":"product_cat-motorrad","7":"product_tag-harley-davidson-night-rod","8":"product_tag-suzuki-bandit-1250","9":"product_tag-kawasaki-1400-gtr","10":"product_tag-bmw-s-1000-rr","11":"product_tag-triumph-bonneville-se","12":"product_tag-honda-vfr-1200-f","13":"product_tag-honda-pan-european","14":"product_tag-yamaha-xt-1200-z-super-tenere","15":"product_tag-yamaha-xt-500","16":"product_tag-honda-cb-1100","17":"product_tag-honda-fireblade","18":"product_tag-bmw-k-1600-gt-gtl","19":"product_tag-bmw-r-1200-gs","21":"first","22":"instock","23":"shipping-taxable","24":"purchasable","25":"product-type-simple"},"_links":{"self":[{"href":"https:\/\/motorrad-erinnerungen.de\/shop\/wp-json\/wp\/v2\/product\/2692","targetHints":{"allow":["GET"]}}],"collection":[{"href":"https:\/\/motorrad-erinnerungen.de\/shop\/wp-json\/wp\/v2\/product"}],"about":[{"href":"https:\/\/motorrad-erinnerungen.de\/shop\/wp-json\/wp\/v2\/types\/product"}],"wp:featuredmedia":[{"embeddable":true,"href":"https:\/\/motorrad-erinnerungen.de\/shop\/wp-json\/wp\/v2\/media\/2691"}],"wp:attachment":[{"href":"https:\/\/motorrad-erinnerungen.de\/shop\/wp-json\/wp\/v2\/media?parent=2692"}],"wp:term":[{"taxonomy":"product_brand","embeddable":true,"href":"https:\/\/motorrad-erinnerungen.de\/shop\/wp-json\/wp\/v2\/product_brand?post=2692"},{"taxonomy":"product_cat","embeddable":true,"href":"https:\/\/motorrad-erinnerungen.de\/shop\/wp-json\/wp\/v2\/product_cat?post=2692"},{"taxonomy":"product_tag","embeddable":true,"href":"https:\/\/motorrad-erinnerungen.de\/shop\/wp-json\/wp\/v2\/product_tag?post=2692"}],"curies":[{"name":"wp","href":"https:\/\/api.w.org\/{rel}","templated":true}]}}