{"id":2720,"date":"2025-09-08T12:02:18","date_gmt":"2025-09-08T10:02:18","guid":{"rendered":"https:\/\/motorrad-erinnerungen.de\/2026\/produkt\/motorrad-10-2011-vergleich-bmw-k-1600-gtl-vergleich-honda-gold-wing-test-honda-cbr-600-f-test-harley-davidson-softail-blackline\/"},"modified":"2025-12-26T10:12:49","modified_gmt":"2025-12-26T09:12:49","slug":"motorrad-10-2011-vergleich-bmw-k-1600-gtl-vergleich-honda-gold-wing-test-honda-cbr-600-f-test-harley-davidson-softail-blackline","status":"publish","type":"product","link":"https:\/\/motorrad-erinnerungen.de\/shop\/produkt\/motorrad-10-2011-vergleich-bmw-k-1600-gtl-vergleich-honda-gold-wing-test-honda-cbr-600-f-test-harley-davidson-softail-blackline\/","title":{"rendered":"MOTORRAD 10\/2011 \u2013 Top-Test Honda CBR 600 F; Zubeh\u00f6r f\u00fcr BMW S 1000 RR und Triumph Street Triple"},"content":{"rendered":"<p>Hier k\u00f6nnen Sie die <strong>Motorrad\u2011Zeitschrift &#8222;MOTORRAD 10\/2011&#8220;<\/strong> erwerben:<\/p>\n<h2>\ud83d\udcccInhalt dieser Ausgabe (u.a.):<\/h2>\n<ul>\n<li><strong>BMW K 1600 GTL vs. Honda GL 1800 Gold Wing <\/strong>im Megatourer-Vergleich \u2013 Testbericht in Wort und Bild auf 9 Seiten &#8230;<\/li>\n<li><strong>Honda CBR 600 F<\/strong> mit 75 kW (102 PS) im TOP-Test \u2013 Testbericht in Wort und Bild auf 8 Seiten &#8230;<\/li>\n<li><strong>Harley-Davidson Softail Blackline \/ Sportster 1200 Custom<\/strong> im Test \u2013 Fahrberichte in Wort und Bild auf 4 Seiten &#8230;<\/li>\n<li><strong>Husqvarna SM 511 R<\/strong> mit 31 kW (42 PS) im Test \u2013 Fahrbericht in Wort und Bild auf 2 Seiten &#8230;<\/li>\n<li><strong>Suzuki GSR750 vs. Kawasaki Z 750 R vs. Honda Hornet 600 vs. Yamaha FZ8 <\/strong>im Naked-Bike-Vergleich \u2013 Testbericht in Wort und Bild auf 15 Seiten &#8230;<\/li>\n<li><strong>Moto Guzzi Norge GT 8V<\/strong> mit 75 kW (102 PS) im Test \u2013 Fahrbericht in Wort und Bild auf 4 Seiten &#8230;<\/li>\n<li><strong>BMW S 1000 RR, Zubeh\u00f6r-Schalld\u00e4mpfer<\/strong> im Test \u2013 10 Anlagen im Vergleichstest, Testbericht in Wort und Bild auf 6 Seiten &#8230;<\/li>\n<li><strong>Kawasaki Z 1300, ein Kultbike<\/strong> \u2013 Erinnerungen in Wort und Bild auf 1 Seite &#8230;<\/li>\n<li><strong>BMW R 1200 GS \/ Adventure, ab Modell 2008, gebraucht kaufen<\/strong> \u2013 Gebraucht-Beratung in Wort und Bild auf 2 Seiten &#8230;<\/li>\n<li><strong>Triumph Street Triple, Zubeh\u00f6r-Bestseller<\/strong> \u2013 Vorstellung von 10 Extras auf 1 Seite &#8230;<\/li>\n<li><strong>Suzuki GS 550 Katana<\/strong> mit 37 kW (50 PS) Erinnerungen \u2013 Vorstellung in Wort und Bild auf 4 Seiten &#8230;<\/li>\n<\/ul>\n<h2>\ud83c\udf0d Zustand der Zeitschrift<\/h2>\n<p><strong>Gebraucht, weil gelesen, durchgebl\u00e4ttert oder gestapelt \ud83d\ude09<\/strong> dem Alter angemessen gut bis sehr gut erhalten. Alles original, Klebespuren von abgel\u00f6sten Abo-Versandaufklebern k\u00f6nnen vorhanden sein.<\/p>\n<h2>\ud83d\udce6 Versand &amp; Service<\/h2>\n<ul>\n<li>\u2713 Kostenloser Versand innerhalb Deutschlands<\/li>\n<li>\u2713 Versand auch ins Ausland m\u00f6glich<\/li>\n<li>\u2713 Sicher verpackt \u2013 wir wissen, wie wertvoll diese Sch\u00e4tze sind!<\/li>\n<\/ul>\n","protected":false},"excerpt":{"rendered":"<p>Mit dieser kompletten Fachzeitschrift erhalten die Leser\/innen einen Blick zur\u00fcck in die Zeit, als Einspritzung, ABS und erste Elektronikpakete die Motorradwelt ver\u00e4ndert haben.<\/p>\n","protected":false},"featured_media":2719,"template":"","meta":{"iawp_total_views":0},"product_brand":[],"product_cat":[23],"product_tag":[1037,3486,1555,3493,1990,3494,2640,3495,2646,3496,2648,3497,2954,3062,3219,3383,789,3462],"class_list":{"0":"post-2720","1":"product","2":"type-product","3":"status-publish","4":"has-post-thumbnail","6":"product_cat-motorrad","7":"product_tag-suzuki-gs-550-katana","8":"product_tag-suzuki-gsr-750","9":"product_tag-honda-cbr-600-f","10":"product_tag-bmw-k-1600-gtl","11":"product_tag-honda-gold-wing","12":"product_tag-harley-davidson-softail-blackline","13":"product_tag-harley-davidson-sportster-1200-custom","14":"product_tag-husqvarna-sm-511-r","15":"product_tag-bmw-r-1200-gs","16":"product_tag-moto-guzzi-norge-gt-8v","17":"product_tag-honda-hornet-600","18":"product_tag-suzuki-gsr750","19":"product_tag-bmw-r-1200-gs-adventure","20":"product_tag-triumph-street-triple","21":"product_tag-bmw-s-1000-rr","22":"product_tag-yamaha-fz8","23":"product_tag-kawasaki-z-1300","24":"product_tag-kawasaki-z-750-r","26":"first","27":"instock","28":"shipping-taxable","29":"purchasable","30":"product-type-simple"},"_links":{"self":[{"href":"https:\/\/motorrad-erinnerungen.de\/shop\/wp-json\/wp\/v2\/product\/2720","targetHints":{"allow":["GET"]}}],"collection":[{"href":"https:\/\/motorrad-erinnerungen.de\/shop\/wp-json\/wp\/v2\/product"}],"about":[{"href":"https:\/\/motorrad-erinnerungen.de\/shop\/wp-json\/wp\/v2\/types\/product"}],"wp:featuredmedia":[{"embeddable":true,"href":"https:\/\/motorrad-erinnerungen.de\/shop\/wp-json\/wp\/v2\/media\/2719"}],"wp:attachment":[{"href":"https:\/\/motorrad-erinnerungen.de\/shop\/wp-json\/wp\/v2\/media?parent=2720"}],"wp:term":[{"taxonomy":"product_brand","embeddable":true,"href":"https:\/\/motorrad-erinnerungen.de\/shop\/wp-json\/wp\/v2\/product_brand?post=2720"},{"taxonomy":"product_cat","embeddable":true,"href":"https:\/\/motorrad-erinnerungen.de\/shop\/wp-json\/wp\/v2\/product_cat?post=2720"},{"taxonomy":"product_tag","embeddable":true,"href":"https:\/\/motorrad-erinnerungen.de\/shop\/wp-json\/wp\/v2\/product_tag?post=2720"}],"curies":[{"name":"wp","href":"https:\/\/api.w.org\/{rel}","templated":true}]}}