{"id":2722,"date":"2025-09-08T12:02:18","date_gmt":"2025-09-08T10:02:18","guid":{"rendered":"https:\/\/motorrad-erinnerungen.de\/2026\/produkt\/motorrad-11-2011-vergleich-bmw-r-1200-gs-vergleich-honda-varadero-1000-50-jahre-edition-vergleich-ktm-990-adventure\/"},"modified":"2026-03-28T23:57:33","modified_gmt":"2026-03-28T22:57:33","slug":"motorrad-11-2011-vergleich-bmw-r-1200-gs-vergleich-honda-varadero-1000-50-jahre-edition-vergleich-ktm-990-adventure","status":"publish","type":"product","link":"https:\/\/motorrad-erinnerungen.de\/shop\/produkt\/motorrad-11-2011-vergleich-bmw-r-1200-gs-vergleich-honda-varadero-1000-50-jahre-edition-vergleich-ktm-990-adventure\/","title":{"rendered":"MOTORRAD 11\/2011 \u2013 Top-Test Aprilia Tuono V4 R APRC; Gebrauchtkauf Suzuki DL 650 V-Strom"},"content":{"rendered":"<p>Hier k\u00f6nnen Sie die <strong>Motorrad\u2011Zeitschrift &#8222;MOTORRAD 11\/2011&#8220;<\/strong> erwerben:<\/p>\n<h2>\ud83d\udcccInhalt dieser Ausgabe (u.a.):<\/h2>\n<ul>\n<li><strong>BMW R 1200 GS vs. Honda Varadero 1000 &#8222;50 Jahre Edition&#8220; vs. KTM 990 Adventure vs. Moto Guzzi Stelvio 1200 NTX vs. Yamaha XT 1200 Z Super T\u00e9n\u00e9r\u00e9 und der Sieger aus dieser Gruppe vs. Triumph Tiger 800 XC <\/strong>im Mega-Vergleich \u2013 Testbericht Teil 2\/2 + Finale in Wort und Bild auf 19 Seiten<\/li>\n<li><strong>Aprilia Tuono V4 R APRC<\/strong> mit 123 kW (167 PS) im TOP-Test \u2013 Testbericht in Wort und Bild auf 8 Seiten<\/li>\n<li><strong>Honda CBR 600 RR vs. CBR 600 F und Kawasaki ZX-10R Ninja vs. Z 1000 SX<\/strong> im Vergleich \u2013 Sportler vs. Tourensportler, Testbericht in Wort und Bild auf 10 Seiten<\/li>\n<li><strong>Buell 1125 R, hier vom Pegasus Race Team zum Typhon getunt<\/strong> \u2013 Fahrbericht in Wort und Bild auf 1 Seite &#8230;<\/li>\n<li><strong>KTM 350 EXC-F, <\/strong>der Crosser im Enduro-Outfit \u2013 Fahrbericht in Wort und Bild auf 1 Seite &#8230;<\/li>\n<li><strong>Honda CBR 600 RR, hier als Test-Maschine f\u00fcr einen Reifen-Test<\/strong> \u2013 8 Paar Sport- und Tourenreifen im Vergleich, Testbericht in Wort und Bild auf 8 Seiten &#8230;<\/li>\n<li><strong>Suzuki DL 650 V-Strom, ab Modell 2004, gebraucht kaufen<\/strong> \u2013 Gebraucht-Beratung in Wort und Bild auf 2 Seiten &#8230;<\/li>\n<li><strong>Harley-Davidson Electra Glide, ein Kult-Bike<\/strong> \u2013 Erinnerungen auf 1 Seite &#8230;<\/li>\n<li><strong>Yamaha XJ6, Zubeh\u00f6r-Bestseller<\/strong> \u2013 10 Extras, Vorstellung auf 1 Seite &#8230;<\/li>\n<li><strong>Ohle \/ Aston Martin V12<\/strong> \u2013 Fahrbericht in Wort und Bild auf 4 Seiten &#8230;<\/li>\n<\/ul>\n<h2>\ud83c\udf0d Zustand der Zeitschrift<\/h2>\n<p><strong>Gebraucht, weil gelesen, durchgebl\u00e4ttert oder gestapelt \ud83d\ude09<\/strong> dem Alter angemessen gut bis sehr gut erhalten. Alles original, Klebespuren von abgel\u00f6sten Abo-Versandaufklebern k\u00f6nnen vorhanden sein.<\/p>\n<h2>\ud83d\udce6 Versand &amp; Service<\/h2>\n<ul>\n<li>\u2713 Kostenloser Versand innerhalb Deutschlands<\/li>\n<li>\u2713 Versand auch ins Ausland m\u00f6glich<\/li>\n<li>\u2713 Sicher verpackt \u2013 wir wissen, wie wertvoll diese Sch\u00e4tze sind!<\/li>\n<\/ul>\n","protected":false},"excerpt":{"rendered":"<p>Mit dieser kompletten Fachzeitschrift erhalten die Leser\/innen einen Blick zur\u00fcck in die Zeit, als Einspritzung, ABS und erste Elektronikpakete die Motorradwelt ver\u00e4ndert haben.<\/p>\n","protected":false},"featured_media":2721,"template":"","meta":{"iawp_total_views":2},"product_brand":[],"product_cat":[23],"product_tag":[2645,3490,2646,3498,2719,3564,2722,10413,2814,2949,3218,416,3249,1555,3391,2560,3456,2628,3471],"class_list":{"0":"post-2722","1":"product","2":"type-product","3":"status-publish","4":"has-post-thumbnail","6":"product_cat-motorrad","7":"product_tag-honda-cbr600rr","8":"product_tag-aprilia-tuono-v4-r-aprc","9":"product_tag-bmw-r-1200-gs","10":"product_tag-ktm-350-exc-f","11":"product_tag-suzuki-dl-650-v-strom","12":"product_tag-ohle-aston-martin-v12","13":"product_tag-suzuki-v-strom-650","14":"product_tag-pegasus-race-team-buell-1125-r-typhon","15":"product_tag-kawasaki-zx-10r","16":"product_tag-ktm-990-adventure","17":"product_tag-yamaha-xj6","18":"product_tag-harley-davidson-electra-glide","19":"product_tag-moto-guzzi-stelvio-1200-ntx","20":"product_tag-honda-cbr-600-f","21":"product_tag-yamaha-xt-1200-z-super-tenere","22":"product_tag-honda-cbr-600-rr","23":"product_tag-kawasaki-z-1000-sx","24":"product_tag-honda-varadero-1000","25":"product_tag-triumph-tiger-800-xc","27":"first","28":"instock","29":"shipping-taxable","30":"purchasable","31":"product-type-simple"},"_links":{"self":[{"href":"https:\/\/motorrad-erinnerungen.de\/shop\/wp-json\/wp\/v2\/product\/2722","targetHints":{"allow":["GET"]}}],"collection":[{"href":"https:\/\/motorrad-erinnerungen.de\/shop\/wp-json\/wp\/v2\/product"}],"about":[{"href":"https:\/\/motorrad-erinnerungen.de\/shop\/wp-json\/wp\/v2\/types\/product"}],"wp:featuredmedia":[{"embeddable":true,"href":"https:\/\/motorrad-erinnerungen.de\/shop\/wp-json\/wp\/v2\/media\/2721"}],"wp:attachment":[{"href":"https:\/\/motorrad-erinnerungen.de\/shop\/wp-json\/wp\/v2\/media?parent=2722"}],"wp:term":[{"taxonomy":"product_brand","embeddable":true,"href":"https:\/\/motorrad-erinnerungen.de\/shop\/wp-json\/wp\/v2\/product_brand?post=2722"},{"taxonomy":"product_cat","embeddable":true,"href":"https:\/\/motorrad-erinnerungen.de\/shop\/wp-json\/wp\/v2\/product_cat?post=2722"},{"taxonomy":"product_tag","embeddable":true,"href":"https:\/\/motorrad-erinnerungen.de\/shop\/wp-json\/wp\/v2\/product_tag?post=2722"}],"curies":[{"name":"wp","href":"https:\/\/api.w.org\/{rel}","templated":true}]}}