{"id":2748,"date":"2025-09-08T12:02:25","date_gmt":"2025-09-08T10:02:25","guid":{"rendered":"https:\/\/motorrad-erinnerungen.de\/2026\/produkt\/motorrad-24-2011-ducati-1199-panigale-honda-crosstourer-kawasaki-versys-1000-vergleich-ducati-851-superbike\/"},"modified":"2025-12-26T17:00:09","modified_gmt":"2025-12-26T16:00:09","slug":"motorrad-24-2011-ducati-1199-panigale-honda-crosstourer-kawasaki-versys-1000-vergleich-ducati-851-superbike","status":"publish","type":"product","link":"https:\/\/motorrad-erinnerungen.de\/shop\/produkt\/motorrad-24-2011-ducati-1199-panigale-honda-crosstourer-kawasaki-versys-1000-vergleich-ducati-851-superbike\/","title":{"rendered":"MOTORRAD 24\/2011 \u2013 Ducati 1199 Panigale; Vergleich BMW R 75\/5 (1973) und R 1200 R Classic (2011)"},"content":{"rendered":"<p>Hier k\u00f6nnen Sie die <strong>Motorrad\u2011Zeitschrift &#8222;MOTORRAD 24\/2011&#8220;<\/strong> erwerben:<\/p>\n<h2>\ud83d\udcccInhalt dieser Ausgabe (u.a.):<\/h2>\n<ul>\n<li><strong>Ducati 1199 Panigale<\/strong> mit 143 kW (195 PS) als Neuheit f\u00fcr 2012 \u2013 Vorstellung auf 6 Seiten<\/li>\n<li><strong>Honda Crosstourer<\/strong> mit 95 kW (129 PS) als Neuheit f\u00fcr 2012 \u2013 Vorstellung auf 4 Seiten<\/li>\n<li><strong>Kawasaki Versys 1000<\/strong> mit 87 kW (118 PS) als Neuheit f\u00fcr 2012 \u2013 Vorstellung auf 2 Seiten<\/li>\n<li><strong>Ducati 851 Superbike (1989) und Ducati 848 Evo (2011) <\/strong>\u2013 Generationen-Vergleich auf 4 Seiten in einem gr\u00f6\u00dferen Spezial<\/li>\n<li><strong>BMW R 75\/5 (1973) und R 1200 R Classic (2011) <\/strong>\u2013 Generationen-Vergleich\u00a0 auf 4 Seiten in einem gr\u00f6\u00dferen Spezial<\/li>\n<li><strong>Vectric VX-1 Li+<\/strong> mit 20,2 kW (27,4 PS) im Test \u2013 Fahrbericht auf 2 Seiten<\/li>\n<li><strong>Honda CRF 450 R vs. Kawasaki KX 450 F vs. KTM 350 SX-F vs. KTM 450 SX-F vs. Suzuki RM-Z 450 vs. Yamaha YZ 450 F <\/strong>\u2013 MX1-Motocrosser im Vergleich, Testbericht auf 8 Seiten<\/li>\n<li><strong>BMW F 650 CS,\u00a0<\/strong><strong>Buell XB12X Ulysses, <\/strong><strong>Harley-Davidson Street Rod,\u00a0<\/strong><strong>Honda X-Eleven,\u00a0<\/strong><strong>Kawasaki GTR 1000,\u00a0<\/strong><strong>MZ 660 Baghira,\u00a0<\/strong><strong>Suzuki XF 650 Freewind,\u00a0<\/strong><strong>Triumph TT 600,\u00a0<\/strong><strong>Yamaha MT-03 gebraucht kaufen\u00a0\u2013 <\/strong>Gebrauchtkauf-Beratung zu 10 Motorr\u00e4dern auf insgesamt 4 Seiten<\/li>\n<li><strong>Aprilia RSV4 R + Ducati Multistrada 1200 S + Honda CBR 600 F + Kawasaki Z 1000 + KTM 125 Duke + Triumph Tiger 800 XC + Victory Hammer S + Yamaha XT 1200 Z Super T\u00e9n\u00e9r\u00e9<\/strong> im Langstrecken-Test \u2013 Herbstausfahrt mit den Dauertest-Motorr\u00e4dern, Reportage auf insgesamt 16 Seiten<\/li>\n<\/ul>\n<h2>\ud83c\udf0d Zustand der Zeitschrift<\/h2>\n<p><strong>Gebraucht, weil gelesen, durchgebl\u00e4ttert oder gestapelt \ud83d\ude09<\/strong> dem Alter angemessen gut bis sehr gut erhalten. Alles original, Klebespuren von abgel\u00f6sten Abo-Versandaufklebern k\u00f6nnen vorhanden sein.<\/p>\n<h2>\ud83d\udce6 Versand &amp; Service<\/h2>\n<ul>\n<li>\u2713 Kostenloser Versand innerhalb Deutschlands<\/li>\n<li>\u2713 Versand auch ins Ausland m\u00f6glich<\/li>\n<li>\u2713 Sicher verpackt \u2013 wir wissen, wie wertvoll diese Sch\u00e4tze sind!<\/li>\n<\/ul>\n","protected":false},"excerpt":{"rendered":"<p>Mit dieser kompletten Fachzeitschrift erhalten die Leser\/innen einen Blick zur\u00fcck in die Zeit, als Einspritzung, ABS und erste Elektronikpakete die Motorradwelt ver\u00e4ndert haben.<\/p>\n","protected":false},"featured_media":2747,"template":"","meta":{"iawp_total_views":1},"product_brand":[],"product_cat":[23],"product_tag":[2349,2904,3531,2363,3272,3539,2472,3289,3540,2482,3391,37,2564,3397,624,2824,3420,1463,2825,3443,1555,2868,3459,1607,2875,3469,2153,2881,3471,2169,2883,3525],"class_list":{"0":"post-2748","1":"product","2":"type-product","3":"status-publish","4":"has-post-thumbnail","6":"product_cat-motorrad","7":"product_tag-triumph-tt-600","8":"product_tag-harley-davidson-street-rod","9":"product_tag-kawasaki-versys-1000","10":"product_tag-honda-x-eleven","11":"product_tag-aprilia-rsv4-r","12":"product_tag-honda-crosstourer","13":"product_tag-honda-crf-450-r","14":"product_tag-victory-hammer-s","15":"product_tag-vectric-vx-1-li","16":"product_tag-bmw-f-650-cs","17":"product_tag-yamaha-xt-1200-z-super-tenere","18":"product_tag-bmw-r-75-5","19":"product_tag-yamaha-yz-450-f","20":"product_tag-ducati-multistrada-1200-s","21":"product_tag-kawasaki-z-1000-ab-2003","22":"product_tag-ducati-multistrada-620","23":"product_tag-ktm-350-sx-f","24":"product_tag-kawasaki-gtr-1000","25":"product_tag-suzuki-rm-z-450","26":"product_tag-ducati-848-evo","27":"product_tag-honda-cbr-600-f","28":"product_tag-buell-xb12x-ulysses","29":"product_tag-ktm-125-duke","30":"product_tag-ducati-851-superbike","31":"product_tag-kawasaki-kx-450-f","32":"product_tag-bmw-r-1200-r-classic","33":"product_tag-suzuki-xf-650-freewind","34":"product_tag-ktm-450-sx-f","35":"product_tag-triumph-tiger-800-xc","36":"product_tag-mz-660-baghira","37":"product_tag-yamaha-mt-03","38":"product_tag-ducati-1199-panigale","40":"first","41":"instock","42":"shipping-taxable","43":"purchasable","44":"product-type-simple"},"_links":{"self":[{"href":"https:\/\/motorrad-erinnerungen.de\/shop\/wp-json\/wp\/v2\/product\/2748","targetHints":{"allow":["GET"]}}],"collection":[{"href":"https:\/\/motorrad-erinnerungen.de\/shop\/wp-json\/wp\/v2\/product"}],"about":[{"href":"https:\/\/motorrad-erinnerungen.de\/shop\/wp-json\/wp\/v2\/types\/product"}],"wp:featuredmedia":[{"embeddable":true,"href":"https:\/\/motorrad-erinnerungen.de\/shop\/wp-json\/wp\/v2\/media\/2747"}],"wp:attachment":[{"href":"https:\/\/motorrad-erinnerungen.de\/shop\/wp-json\/wp\/v2\/media?parent=2748"}],"wp:term":[{"taxonomy":"product_brand","embeddable":true,"href":"https:\/\/motorrad-erinnerungen.de\/shop\/wp-json\/wp\/v2\/product_brand?post=2748"},{"taxonomy":"product_cat","embeddable":true,"href":"https:\/\/motorrad-erinnerungen.de\/shop\/wp-json\/wp\/v2\/product_cat?post=2748"},{"taxonomy":"product_tag","embeddable":true,"href":"https:\/\/motorrad-erinnerungen.de\/shop\/wp-json\/wp\/v2\/product_tag?post=2748"}],"curies":[{"name":"wp","href":"https:\/\/api.w.org\/{rel}","templated":true}]}}