{"id":2760,"date":"2025-09-08T21:40:13","date_gmt":"2025-09-08T19:40:13","guid":{"rendered":"https:\/\/motorrad-erinnerungen.de\/2026\/produkt\/motorrad-3-2012-mv-agusta-f3-der-motor-test-kawasaki-zzr-1400-honda-fireblade-mv-agusta-f4-1000-r-hier-von-lkm-getunt\/"},"modified":"2025-12-26T17:37:13","modified_gmt":"2025-12-26T16:37:13","slug":"motorrad-3-2012-mv-agusta-f3-der-motor-test-kawasaki-zzr-1400-honda-fireblade-mv-agusta-f4-1000-r-hier-von-lkm-getunt","status":"publish","type":"product","link":"https:\/\/motorrad-erinnerungen.de\/shop\/produkt\/motorrad-3-2012-mv-agusta-f3-der-motor-test-kawasaki-zzr-1400-honda-fireblade-mv-agusta-f4-1000-r-hier-von-lkm-getunt\/","title":{"rendered":"MOTORRAD 3\/2012 \u2013 Dauertest-Bilanz Yamaha XT 1200 Z Super T\u00e9n\u00e9r\u00e9"},"content":{"rendered":"<p>Hier k\u00f6nnen Sie die <strong>Motorrad\u2011Zeitschrift &#8222;MOTORRAD 3\/2012&#8220;<\/strong> erwerben:<\/p>\n<h2>\ud83d\udcccInhalt dieser Ausgabe (u.a.):<\/h2>\n<ul>\n<li><strong>MV Agusta F3, der Motor<\/strong> \u2013 technische Informationen in Wort und Bild auf 8 Seiten<\/li>\n<li><strong>Kawasaki ZZR 1400<\/strong> mit 147 kW (200 PS) Test &amp; Technik \u2013 Fahrbericht in Wort und Bild auf 6 Seiten<\/li>\n<li><strong>Honda Fireblade<\/strong> mit 130,7 kW (178 PS) im Vergleichstest alt vs. neu \u2013 2011er- vs. 2012er-Modell, Testbericht in Wort und Bild auf 6 Seiten<\/li>\n<li><strong>MV Agusta F4 1000 R, hier von LKM getunt<\/strong> \u2013 Fahrbericht in Wort und Bild auf 2 Seiten<\/li>\n<li><strong>KTM 690 Enduro R<\/strong> mit 49 kW (67 PS) Test &amp; Technik \u2013 Fahrbericht in Wort und Bild auf 1 Seite<\/li>\n<li><strong>Ducati Streetfighter 848 vs. MV Agusta Brutale 920 <\/strong>\u2013 italienische Diven im Vergleich, Testbericht in Wort und Bild auf 8 Seiten<\/li>\n<li><strong>Yamaha XT 1200 Z Super T\u00e9n\u00e9r\u00e9<\/strong> mit 80,9 kW (110 PS) nach dem Langstrecken-Test \u2013 Abschluss-Bilanz nach 50.000 km in Wort und Bild auf 8 Seiten<\/li>\n<li><strong>BMW K 1600 GT<\/strong> mit 118 kW (160 PS) im Leser-Test \u2013 Leser-Erfahrungen in Wort und Bild auf 2 Seiten<\/li>\n<\/ul>\n<h2>\ud83c\udf0d Zustand der Zeitschrift<\/h2>\n<p><strong>Gebraucht, weil gelesen, durchgebl\u00e4ttert oder gestapelt \ud83d\ude09<\/strong> dem Alter angemessen gut bis sehr gut erhalten. Alles original, Klebespuren von abgel\u00f6sten Abo-Versandaufklebern k\u00f6nnen vorhanden sein.<\/p>\n<h2>\ud83d\udce6 Versand &amp; Service<\/h2>\n<ul>\n<li>\u2713 Kostenloser Versand innerhalb Deutschlands<\/li>\n<li>\u2713 Versand auch ins Ausland m\u00f6glich<\/li>\n<li>\u2713 Sicher verpackt \u2013 wir wissen, wie wertvoll diese Sch\u00e4tze sind!<\/li>\n<\/ul>\n","protected":false},"excerpt":{"rendered":"<p>Mit dieser kompletten Fachzeitschrift erhalten die Leser\/innen einen Blick zur\u00fcck in die Zeit, als Einspritzung, ABS und erste Elektronikpakete die Motorradwelt ver\u00e4ndert haben.<\/p>\n","protected":false},"featured_media":2759,"template":"","meta":{"iawp_total_views":1},"product_brand":[],"product_cat":[23],"product_tag":[2526,2955,3197,3391,3427,3470,3473,3522,3924],"class_list":{"0":"post-2760","1":"product","2":"type-product","3":"status-publish","4":"has-post-thumbnail","6":"product_cat-motorrad","7":"product_tag-honda-fireblade","8":"product_tag-kawasaki-zzr-1400","9":"product_tag-ktm-690-enduro-r","10":"product_tag-yamaha-xt-1200-z-super-tenere","11":"product_tag-bmw-k-1600-gt","12":"product_tag-mv-agusta-brutale-920","13":"product_tag-mv-agusta-f3","14":"product_tag-ducati-streetfighter-848","15":"product_tag-lkm-mv-agusta-f4-1000-r","17":"first","18":"instock","19":"shipping-taxable","20":"purchasable","21":"product-type-simple"},"_links":{"self":[{"href":"https:\/\/motorrad-erinnerungen.de\/shop\/wp-json\/wp\/v2\/product\/2760","targetHints":{"allow":["GET"]}}],"collection":[{"href":"https:\/\/motorrad-erinnerungen.de\/shop\/wp-json\/wp\/v2\/product"}],"about":[{"href":"https:\/\/motorrad-erinnerungen.de\/shop\/wp-json\/wp\/v2\/types\/product"}],"wp:featuredmedia":[{"embeddable":true,"href":"https:\/\/motorrad-erinnerungen.de\/shop\/wp-json\/wp\/v2\/media\/2759"}],"wp:attachment":[{"href":"https:\/\/motorrad-erinnerungen.de\/shop\/wp-json\/wp\/v2\/media?parent=2760"}],"wp:term":[{"taxonomy":"product_brand","embeddable":true,"href":"https:\/\/motorrad-erinnerungen.de\/shop\/wp-json\/wp\/v2\/product_brand?post=2760"},{"taxonomy":"product_cat","embeddable":true,"href":"https:\/\/motorrad-erinnerungen.de\/shop\/wp-json\/wp\/v2\/product_cat?post=2760"},{"taxonomy":"product_tag","embeddable":true,"href":"https:\/\/motorrad-erinnerungen.de\/shop\/wp-json\/wp\/v2\/product_tag?post=2760"}],"curies":[{"name":"wp","href":"https:\/\/api.w.org\/{rel}","templated":true}]}}