{"id":2772,"date":"2025-09-08T21:40:16","date_gmt":"2025-09-08T19:40:16","guid":{"rendered":"https:\/\/motorrad-erinnerungen.de\/2026\/produkt\/motorrad-9-2012-test-ducati-1199-panigale-s-bmw-r-1200-gs-rallye-ducati-multistrada-1200-s-honda-crosstourer\/"},"modified":"2025-12-26T17:58:42","modified_gmt":"2025-12-26T16:58:42","slug":"motorrad-9-2012-test-ducati-1199-panigale-s-bmw-r-1200-gs-rallye-ducati-multistrada-1200-s-honda-crosstourer","status":"publish","type":"product","link":"https:\/\/motorrad-erinnerungen.de\/shop\/produkt\/motorrad-9-2012-test-ducati-1199-panigale-s-bmw-r-1200-gs-rallye-ducati-multistrada-1200-s-honda-crosstourer\/","title":{"rendered":"MOTORRAD 9\/2012 \u2013 Top-Test Ducati 1199 Panigale S; Gebrauchtkauf Kawasaki 1400 GTR"},"content":{"rendered":"<p>Hier k\u00f6nnen Sie die <strong>Motorrad\u2011Zeitschrift &#8222;MOTORRAD 9\/2012&#8220;<\/strong> erwerben:<\/p>\n<h2>\ud83d\udcccInhalt dieser Ausgabe (u.a.):<\/h2>\n<ul>\n<li><strong>Ducati 1199 Panigale S<\/strong> mit 143 kW (195 PS) im TOP-Test \u2013 Testbericht in Wort und Bild auf 10 Seiten<\/li>\n<li><strong>BMW R 1200 GS Rallye vs. Ducati Multistrada 1200 S Pikes Peak vs. Honda Crosstourer vs. Kawasaki Versys 1000 vs. KTM 990 Adventure vs. Moto Guzzi Stelvio 1200 8V vs. Triumph Tiger Explorer vs. Yamaha XT 1200 Z Super T\u00e9n\u00e9r\u00e9 Worldcrosser <\/strong>\u2013 Reise-Enduros im Mega-Vergleich, Testbericht (Teil 1\/2 Alltag) in Wort und Bild auf 20 Seiten<\/li>\n<li><strong>KTM Freeride 350<\/strong> mit 16,9 kW (23 PS) Test &amp; Technik \u2013 Testbericht in Wort und Bild auf 4 Seiten<\/li>\n<li><strong>KTM 350 EXC-F<\/strong> mit 34,3 kW (47 PS) Test &amp; Technik \u2013 Testbericht in Wort und Bild auf 4 Seiten<\/li>\n<li><strong>M\u00fcnch TTE-2, ein Elektro-Racer<\/strong> \u2013 Fahrbericht in Wort und Bild auf 4 Seiten<\/li>\n<li><strong>Kawasaki 1400 GTR, ab Modell 2008, gebraucht kaufen<\/strong> \u2013 Gebrauchtkauf-Beratung in Wort und Bild auf 2 Seiten<\/li>\n<li><strong>Harley-Davidson Super Glide<\/strong> mit 46 kW (62 PS), ein Kult-Bike \u2013 Erinnerungen in Wort und Bild auf 2 Seiten<\/li>\n<\/ul>\n<h2>\ud83c\udf0d Zustand der Zeitschrift<\/h2>\n<p><strong>Gebraucht, weil gelesen, durchgebl\u00e4ttert oder gestapelt \ud83d\ude09<\/strong> dem Alter angemessen gut bis sehr gut erhalten. Alles original, Klebespuren von abgel\u00f6sten Abo-Versandaufklebern k\u00f6nnen vorhanden sein.<\/p>\n<h2>\ud83d\udce6 Versand &amp; Service<\/h2>\n<ul>\n<li>\u2713 Kostenloser Versand innerhalb Deutschlands<\/li>\n<li>\u2713 Versand auch ins Ausland m\u00f6glich<\/li>\n<li>\u2713 Sicher verpackt \u2013 wir wissen, wie wertvoll diese Sch\u00e4tze sind!<\/li>\n<\/ul>\n","protected":false},"excerpt":{"rendered":"<p>Mit dieser kompletten Fachzeitschrift erhalten die Leser\/innen einen Blick zur\u00fcck in die Zeit, als Einspritzung, ABS und erste Elektronikpakete die Motorradwelt ver\u00e4ndert haben.<\/p>\n","protected":false},"featured_media":2771,"template":"","meta":{"iawp_total_views":4},"product_brand":[],"product_cat":[23],"product_tag":[3531,3539,3598,3604,3615,3616,701,3617,2949,3618,3063,3619,3397,3498],"class_list":{"0":"post-2772","1":"product","2":"type-product","3":"status-publish","4":"has-post-thumbnail","6":"product_cat-motorrad","7":"product_tag-kawasaki-versys-1000","8":"product_tag-honda-crosstourer","9":"product_tag-ducati-1199-panigale-s","10":"product_tag-triumph-tiger-explorer","11":"product_tag-bmw-r-1200-gs-rallye","12":"product_tag-moto-guzzi-stelvio-1200-8v","13":"product_tag-harley-davidson-super-glide","14":"product_tag-yamaha-xt-1200-z-super-tenere-worldcrosser","15":"product_tag-ktm-990-adventure","16":"product_tag-ktm-freeride-350","17":"product_tag-kawasaki-1400-gtr","18":"product_tag-muench-tte-2","19":"product_tag-ducati-multistrada-1200-s","20":"product_tag-ktm-350-exc-f","22":"first","23":"instock","24":"shipping-taxable","25":"purchasable","26":"product-type-simple"},"_links":{"self":[{"href":"https:\/\/motorrad-erinnerungen.de\/shop\/wp-json\/wp\/v2\/product\/2772","targetHints":{"allow":["GET"]}}],"collection":[{"href":"https:\/\/motorrad-erinnerungen.de\/shop\/wp-json\/wp\/v2\/product"}],"about":[{"href":"https:\/\/motorrad-erinnerungen.de\/shop\/wp-json\/wp\/v2\/types\/product"}],"wp:featuredmedia":[{"embeddable":true,"href":"https:\/\/motorrad-erinnerungen.de\/shop\/wp-json\/wp\/v2\/media\/2771"}],"wp:attachment":[{"href":"https:\/\/motorrad-erinnerungen.de\/shop\/wp-json\/wp\/v2\/media?parent=2772"}],"wp:term":[{"taxonomy":"product_brand","embeddable":true,"href":"https:\/\/motorrad-erinnerungen.de\/shop\/wp-json\/wp\/v2\/product_brand?post=2772"},{"taxonomy":"product_cat","embeddable":true,"href":"https:\/\/motorrad-erinnerungen.de\/shop\/wp-json\/wp\/v2\/product_cat?post=2772"},{"taxonomy":"product_tag","embeddable":true,"href":"https:\/\/motorrad-erinnerungen.de\/shop\/wp-json\/wp\/v2\/product_tag?post=2772"}],"curies":[{"name":"wp","href":"https:\/\/api.w.org\/{rel}","templated":true}]}}