{"id":2778,"date":"2025-09-08T21:40:17","date_gmt":"2025-09-08T19:40:17","guid":{"rendered":"https:\/\/motorrad-erinnerungen.de\/2026\/produkt\/motorrad-12-2012-bmw-r-1200-gs-rallye-ducati-multistrada-1200-s-honda-crosstourer-kawasaki-versys-1000\/"},"modified":"2025-12-26T18:09:26","modified_gmt":"2025-12-26T17:09:26","slug":"motorrad-12-2012-bmw-r-1200-gs-rallye-ducati-multistrada-1200-s-honda-crosstourer-kawasaki-versys-1000","status":"publish","type":"product","link":"https:\/\/motorrad-erinnerungen.de\/shop\/produkt\/motorrad-12-2012-bmw-r-1200-gs-rallye-ducati-multistrada-1200-s-honda-crosstourer-kawasaki-versys-1000\/","title":{"rendered":"MOTORRAD 12\/2012 \u2013 Vergleich BMW K 1300 S HP vs. Honda VFR 1200 F DCT"},"content":{"rendered":"<p>Hier k\u00f6nnen Sie die <strong>Motorrad\u2011Zeitschrift &#8222;MOTORRAD 12\/2012&#8220;<\/strong> erwerben:<\/p>\n<h2>\ud83d\udcccInhalt dieser Ausgabe (u.a.):<\/h2>\n<ul>\n<li><strong>BMW R 1200 GS Rallye vs. Ducati Multistrada 1200 S Pikes Peak vs. Honda Crosstourer vs. Kawasaki Versys 1000 vs. KTM 990 Adventure vs. Moto Guzzi Stelvio 1200 8V vs. Triumph Tiger Explorer vs. Yamaha XT 1200 Z Super T\u00e9n\u00e9r\u00e9 Worldcrosser<\/strong> \u2013 Reise-Enduros im Mega-Vergleich, Testbericht (Teil 2\/2 Reise usw.) in Wort und Bild auf 17 Seiten<\/li>\n<li><strong>Triumph Tiger 800, hier von LSL getunt als UrbanX 800<\/strong> \u2013 Fahrbericht in Wort und Bild auf 2 Seiten<\/li>\n<li><strong>Ducati 848 Evo Corse SE<\/strong> mit 96 kW (131 PS) im Test \u2013 Fahrbericht in Wort und Bild auf 2 Seiten<\/li>\n<li><strong>BMW K 1300 S HP vs. Honda VFR 1200 F DCT <\/strong>\u2013 Big Bikes im Vergleich, Testbericht in Wort und Bild auf 6 Seiten<\/li>\n<li><strong>Victory Judge<\/strong> mit 70 kW (95 PS) im Test \u2013 Fahrbericht in Wort und Bild auf 3 Seiten<\/li>\n<li><strong>Triumph Speed Triple, ab Modell 1994, gebraucht kaufen<\/strong> \u2013 Gebrauchtkauf-Tipps + Modell-Historie in Wort und Bild auf 4 Seiten<\/li>\n<li><strong>Suzuki LS 650 Savage<\/strong> mit 23 kW (31 PS), ein Kult-Bike \u2013 Erinnerungen in Wort und Bild auf 2 Seiten<\/li>\n<li><strong>BMW R 69 S<\/strong> mit 30,7 kW (42 PS), ein Traum-Bike \u2013 Vorstellung in Wort und Bild auf 4 Seiten<\/li>\n<\/ul>\n<h2>\ud83c\udf0d Zustand der Zeitschrift<\/h2>\n<p><strong>Gebraucht, weil gelesen, durchgebl\u00e4ttert oder gestapelt \ud83d\ude09<\/strong> dem Alter angemessen gut bis sehr gut erhalten. Alles original, Klebespuren von abgel\u00f6sten Abo-Versandaufklebern k\u00f6nnen vorhanden sein.<\/p>\n<h2>\ud83d\udce6 Versand &amp; Service<\/h2>\n<ul>\n<li>\u2713 Kostenloser Versand innerhalb Deutschlands<\/li>\n<li>\u2713 Versand auch ins Ausland m\u00f6glich<\/li>\n<li>\u2713 Sicher verpackt \u2013 wir wissen, wie wertvoll diese Sch\u00e4tze sind!<\/li>\n<\/ul>\n","protected":false},"excerpt":{"rendered":"<p>Mit dieser kompletten Fachzeitschrift erhalten die Leser\/innen einen Blick zur\u00fcck in die Zeit, als Einspritzung, ABS und erste Elektronikpakete die Motorradwelt ver\u00e4ndert haben.<\/p>\n","protected":false},"featured_media":2777,"template":"","meta":{"iawp_total_views":0},"product_brand":[],"product_cat":[23],"product_tag":[3397,3916,3414,3917,3531,3539,3604,3615,3616,3617,1454,3627,1927,3628,2949,3870],"class_list":{"0":"post-2778","1":"product","2":"type-product","3":"status-publish","4":"has-post-thumbnail","6":"product_cat-motorrad","7":"product_tag-ducati-multistrada-1200-s","8":"product_tag-lsl-triumph-tiger-800-urbanx-800","9":"product_tag-honda-vfr-1200-f-dct","10":"product_tag-bmw-k-1300-s-hp","11":"product_tag-kawasaki-versys-1000","12":"product_tag-honda-crosstourer","13":"product_tag-triumph-tiger-explorer","14":"product_tag-bmw-r-1200-gs-rallye","15":"product_tag-moto-guzzi-stelvio-1200-8v","16":"product_tag-yamaha-xt-1200-z-super-tenere-worldcrosser","17":"product_tag-suzuki-ls-650-savage","18":"product_tag-ducati-848-evo-corse-se","19":"product_tag-triumph-speed-triple","20":"product_tag-bmw-r-69-s","21":"product_tag-ktm-990-adventure","22":"product_tag-victory-judge","24":"first","25":"instock","26":"shipping-taxable","27":"purchasable","28":"product-type-simple"},"_links":{"self":[{"href":"https:\/\/motorrad-erinnerungen.de\/shop\/wp-json\/wp\/v2\/product\/2778","targetHints":{"allow":["GET"]}}],"collection":[{"href":"https:\/\/motorrad-erinnerungen.de\/shop\/wp-json\/wp\/v2\/product"}],"about":[{"href":"https:\/\/motorrad-erinnerungen.de\/shop\/wp-json\/wp\/v2\/types\/product"}],"wp:featuredmedia":[{"embeddable":true,"href":"https:\/\/motorrad-erinnerungen.de\/shop\/wp-json\/wp\/v2\/media\/2777"}],"wp:attachment":[{"href":"https:\/\/motorrad-erinnerungen.de\/shop\/wp-json\/wp\/v2\/media?parent=2778"}],"wp:term":[{"taxonomy":"product_brand","embeddable":true,"href":"https:\/\/motorrad-erinnerungen.de\/shop\/wp-json\/wp\/v2\/product_brand?post=2778"},{"taxonomy":"product_cat","embeddable":true,"href":"https:\/\/motorrad-erinnerungen.de\/shop\/wp-json\/wp\/v2\/product_cat?post=2778"},{"taxonomy":"product_tag","embeddable":true,"href":"https:\/\/motorrad-erinnerungen.de\/shop\/wp-json\/wp\/v2\/product_tag?post=2778"}],"curies":[{"name":"wp","href":"https:\/\/api.w.org\/{rel}","templated":true}]}}