{"id":2824,"date":"2025-09-08T21:40:31","date_gmt":"2025-09-08T19:40:31","guid":{"rendered":"https:\/\/motorrad-erinnerungen.de\/2026\/produkt\/motorrad-9-2013-vergleich-bmw-r-1200-gs-ducati-multistrada-1200-s-touring-honda-crosstourer-kawasaki-versys-1000\/"},"modified":"2025-12-27T12:49:14","modified_gmt":"2025-12-27T11:49:14","slug":"motorrad-9-2013-vergleich-bmw-r-1200-gs-ducati-multistrada-1200-s-touring-honda-crosstourer-kawasaki-versys-1000","status":"publish","type":"product","link":"https:\/\/motorrad-erinnerungen.de\/shop\/produkt\/motorrad-9-2013-vergleich-bmw-r-1200-gs-ducati-multistrada-1200-s-touring-honda-crosstourer-kawasaki-versys-1000\/","title":{"rendered":"MOTORRAD 9\/2013 \u2013 Test Aprilia RSV4 R APRC + ABS; Gebrauchtkauf Kawasaki VN 900"},"content":{"rendered":"<p>Hier k\u00f6nnen Sie die <strong>Motorrad\u2011Zeitschrift &#8222;MOTORRAD 9\/2013&#8220;<\/strong> erwerben:<\/p>\n<h2>\ud83d\udcccInhalt dieser Ausgabe (u.a.):<\/h2>\n<ul>\n<li><strong>KTM 1190 Adventure vs. Triumph Tiger Explorer XC vs. Honda Crosstourer vs. Yamaha XT 1200 Z Super T\u00e9n\u00e9r\u00e9 Worldcrosser vs. Moto Guzzi Stelvio 1200 8V vs. BMW R 1200 GS vs. Ducati Multistrada 1200 S Touring vs. Kawasaki Versys 1000 vs. Triumph Tiger 1050 Sport <\/strong>\u2013 Reiseenduros im Vergleich, Testbericht (Teil 3\/3) in Wort und Bild auf 20 Seiten<\/li>\n<li><strong>Ducati 1199 Panigale R<\/strong> mit 144 kW (196 PS) im Test \u2013 Fahrbericht in Wort und Bild auf 4 Seiten<\/li>\n<li><strong>Harley-Davidson Softail Breakout<\/strong> mit 55 kW (75 PS) im Test \u2013 Fahrbericht in Wort und Bild auf 5 Seiten<\/li>\n<li><strong>Aprilia RSV4 R APRC<\/strong> mit 135,3 kW (184 PS) + ABS Test &amp; Technik \u2013 Testbericht in Wort und Bild auf 4 Seiten<\/li>\n<li><strong>Zero S ZF 8.5 \/ DS ZF 8.5<\/strong> mit 40 kW (54 PS) im Test \u2013 Fahrbericht in Wort und Bild auf 5 Seiten<\/li>\n<li><strong>Kawasaki VN 900, ab Modell 2006, gebraucht kaufen<\/strong> \u2013 Gebraucht-Beratung in Wort und Bild auf 2 Seiten<\/li>\n<li><strong>Moto Guzzi Falcone \/ Nuovo Falcone, ein Kult-Bike<\/strong> \u2013 Vorstellung in Wort und Bild auf 2 Seiten<\/li>\n<\/ul>\n<h2>\ud83c\udf0d Zustand der Zeitschrift<\/h2>\n<p><strong>Gebraucht, weil gelesen, durchgebl\u00e4ttert oder gestapelt \ud83d\ude09<\/strong> dem Alter angemessen gut bis sehr gut erhalten. Alles original, Klebespuren von abgel\u00f6sten Abo-Versandaufklebern k\u00f6nnen vorhanden sein.<\/p>\n<h2>\ud83d\udce6 Versand &amp; Service<\/h2>\n<ul>\n<li>\u2713 Kostenloser Versand innerhalb Deutschlands<\/li>\n<li>\u2713 Versand auch ins Ausland m\u00f6glich<\/li>\n<li>\u2713 Sicher verpackt \u2013 wir wissen, wie wertvoll diese Sch\u00e4tze sind!<\/li>\n<\/ul>\n","protected":false},"excerpt":{"rendered":"<p>Mit dieser kompletten Fachzeitschrift erhalten die Leser\/innen einen Blick zur\u00fcck in die Zeit, als Einspritzung, ABS und erste Elektronikpakete die Motorradwelt ver\u00e4ndert haben.<\/p>\n","protected":false},"featured_media":2823,"template":"","meta":{"iawp_total_views":2},"product_brand":[],"product_cat":[23],"product_tag":[3876,3531,3877,3539,3616,3617,3633,3656,3680,3681,2646,3689,3409,3690,3488],"class_list":{"0":"post-2824","1":"product","2":"type-product","3":"status-publish","4":"has-post-thumbnail","6":"product_cat-motorrad","7":"product_tag-zero-s-zf-8-5-ds-zf-8-5","8":"product_tag-kawasaki-versys-1000","9":"product_tag-moto-guzzi-falcone-nuovo-falcone","10":"product_tag-honda-crosstourer","11":"product_tag-moto-guzzi-stelvio-1200-8v","12":"product_tag-yamaha-xt-1200-z-super-tenere-worldcrosser","13":"product_tag-aprilia-rsv4-r-aprc","14":"product_tag-ktm-1190-adventure","15":"product_tag-triumph-tiger-sport","16":"product_tag-triumph-tiger-explorer-xc","17":"product_tag-bmw-r-1200-gs","18":"product_tag-ducati-1199-panigale-r","19":"product_tag-ducati-multistrada-1200-s-touring","20":"product_tag-harley-davidson-softail-breakout","21":"product_tag-kawasaki-vn-900","23":"first","24":"instock","25":"shipping-taxable","26":"purchasable","27":"product-type-simple"},"_links":{"self":[{"href":"https:\/\/motorrad-erinnerungen.de\/shop\/wp-json\/wp\/v2\/product\/2824","targetHints":{"allow":["GET"]}}],"collection":[{"href":"https:\/\/motorrad-erinnerungen.de\/shop\/wp-json\/wp\/v2\/product"}],"about":[{"href":"https:\/\/motorrad-erinnerungen.de\/shop\/wp-json\/wp\/v2\/types\/product"}],"wp:featuredmedia":[{"embeddable":true,"href":"https:\/\/motorrad-erinnerungen.de\/shop\/wp-json\/wp\/v2\/media\/2823"}],"wp:attachment":[{"href":"https:\/\/motorrad-erinnerungen.de\/shop\/wp-json\/wp\/v2\/media?parent=2824"}],"wp:term":[{"taxonomy":"product_brand","embeddable":true,"href":"https:\/\/motorrad-erinnerungen.de\/shop\/wp-json\/wp\/v2\/product_brand?post=2824"},{"taxonomy":"product_cat","embeddable":true,"href":"https:\/\/motorrad-erinnerungen.de\/shop\/wp-json\/wp\/v2\/product_cat?post=2824"},{"taxonomy":"product_tag","embeddable":true,"href":"https:\/\/motorrad-erinnerungen.de\/shop\/wp-json\/wp\/v2\/product_tag?post=2824"}],"curies":[{"name":"wp","href":"https:\/\/api.w.org\/{rel}","templated":true}]}}