{"id":2870,"date":"2025-09-08T21:40:43","date_gmt":"2025-09-08T19:40:43","guid":{"rendered":"https:\/\/motorrad-erinnerungen.de\/2026\/produkt\/motorrad-6-2014-test-bmw-s-1000-r-kawasaki-er-6n-yamaha-mt-07-test-triumph-thunderbird-commander-lt\/"},"modified":"2026-03-28T23:55:43","modified_gmt":"2026-03-28T22:55:43","slug":"motorrad-6-2014-test-bmw-s-1000-r-kawasaki-er-6n-yamaha-mt-07-test-triumph-thunderbird-commander-lt","status":"publish","type":"product","link":"https:\/\/motorrad-erinnerungen.de\/shop\/produkt\/motorrad-6-2014-test-bmw-s-1000-r-kawasaki-er-6n-yamaha-mt-07-test-triumph-thunderbird-commander-lt\/","title":{"rendered":"MOTORRAD 6\/2014 \u2013 Top-Test BMW S 1000 R; Gebrauchtkauf Suzuki DL 1000 V-Strom"},"content":{"rendered":"<p>Hier k\u00f6nnen Sie die <strong>Motorrad\u2011Zeitschrift &#8222;MOTORRAD 6\/2014&#8220;<\/strong> erwerben:<\/p>\n<h2>\ud83d\udcccInhalt dieser Ausgabe (u.a.):<\/h2>\n<ul>\n<li><strong>BMW S 1000 R<\/strong> mit 118 kW (161 PS) im Top-Test \u2013 Testbericht in Wort und Bild auf 8 Seiten<\/li>\n<li><strong>Yamaha MT-07 vs. Kawasaki ER-6n <\/strong>\u2013 Mittelklasse-Nakeds im Vergleich, Testbericht in Wort und Bild auf 6 Seiten<\/li>\n<li><strong>Triumph Thunderbird Commander (LT)<\/strong> mit 69 kW (94 PS) im Test \u2013 Fahrbericht in Wort und Bild auf 4 Seiten<\/li>\n<li><strong>BMW R 1200 GS Adventure vs. KTM 1190 Adventure R vs. Triumph Tiger Explorer XC vs. Yamaha XT 1200 ZE Super T\u00e9n\u00e9r\u00e9 <\/strong>\u2013 Adventure-Enduros im Vergleich, Testbericht in Wort und Bild auf 16 Seiten<\/li>\n<li><strong>MV Agusta Brutale 800 Dragster<\/strong> mit 92 kW (125 PS) im Test \u2013 Fahrbericht in Wort und Bild auf 4 Seiten<\/li>\n<li><strong>Triumph Rocket III, hier von MSG getunt<\/strong> \u2013 Fahrbericht in Wort und Bild auf 2 Seiten<\/li>\n<li><strong>Suzuki DL 1000 V-Strom, ab Modell 2002, gebraucht kaufen<\/strong> \u2013 Gebraucht-Beratung in Wort und Bild auf 2 Seiten<\/li>\n<li><strong>Hercules MK 4 M, war mal Opas Traum<\/strong> \u2013 Erinnerungen in Wort und Bild auf 4 Seiten<\/li>\n<li><strong>Yamaha FZR 1000 Exup<\/strong> mit 106 kW (145 PS), ein Kult-Bike \u2013 Erinnerungen in Wort und Bild auf 2 Seiten<\/li>\n<\/ul>\n<h2>\ud83c\udf0d Zustand der Zeitschrift<\/h2>\n<p><strong>Gebraucht, weil gelesen, durchgebl\u00e4ttert oder gestapelt \ud83d\ude09<\/strong> dem Alter angemessen gut bis sehr gut erhalten. Alles original, Klebespuren von abgel\u00f6sten Abo-Versandaufklebern k\u00f6nnen vorhanden sein.<\/p>\n<h2>\ud83d\udce6 Versand &amp; Service<\/h2>\n<ul>\n<li>\u2713 Kostenloser Versand innerhalb Deutschlands<\/li>\n<li>\u2713 Versand auch ins Ausland m\u00f6glich<\/li>\n<li>\u2713 Sicher verpackt \u2013 wir wissen, wie wertvoll diese Sch\u00e4tze sind!<\/li>\n<\/ul>\n","protected":false},"excerpt":{"rendered":"<p>Mit dieser kompletten Fachzeitschrift erhalten die Leser\/innen einen Blick zur\u00fcck in die Zeit, als Einspritzung, ABS und erste Elektronikpakete die Motorradwelt ver\u00e4ndert haben.<\/p>\n","protected":false},"featured_media":2869,"template":"","meta":{"iawp_total_views":1},"product_brand":[],"product_cat":[23],"product_tag":[2851,2954,3650,3681,3729,3752,3755,3756,1685,3757,2522,3758,2748,3854],"class_list":{"0":"post-2870","1":"product","2":"type-product","3":"status-publish","4":"has-post-thumbnail","6":"product_cat-motorrad","7":"product_tag-kawasaki-er-6n","8":"product_tag-bmw-r-1200-gs-adventure","9":"product_tag-ktm-1190-adventure-r","10":"product_tag-triumph-tiger-explorer-xc","11":"product_tag-bmw-s-1000-r","12":"product_tag-yamaha-mt-07","13":"product_tag-yamaha-xt-1200-ze-super-tenere","14":"product_tag-triumph-thunderbird-commander","15":"product_tag-yamaha-fzr-1000-exup","16":"product_tag-mv-agusta-brutale-800-dragster","17":"product_tag-suzuki-dl-1000-v-strom","18":"product_tag-hercules-mk-4-m","19":"product_tag-suzuki-v-strom-1000","20":"product_tag-mgs-triumph-rocket-iii","22":"first","23":"instock","24":"shipping-taxable","25":"purchasable","26":"product-type-simple"},"_links":{"self":[{"href":"https:\/\/motorrad-erinnerungen.de\/shop\/wp-json\/wp\/v2\/product\/2870","targetHints":{"allow":["GET"]}}],"collection":[{"href":"https:\/\/motorrad-erinnerungen.de\/shop\/wp-json\/wp\/v2\/product"}],"about":[{"href":"https:\/\/motorrad-erinnerungen.de\/shop\/wp-json\/wp\/v2\/types\/product"}],"wp:featuredmedia":[{"embeddable":true,"href":"https:\/\/motorrad-erinnerungen.de\/shop\/wp-json\/wp\/v2\/media\/2869"}],"wp:attachment":[{"href":"https:\/\/motorrad-erinnerungen.de\/shop\/wp-json\/wp\/v2\/media?parent=2870"}],"wp:term":[{"taxonomy":"product_brand","embeddable":true,"href":"https:\/\/motorrad-erinnerungen.de\/shop\/wp-json\/wp\/v2\/product_brand?post=2870"},{"taxonomy":"product_cat","embeddable":true,"href":"https:\/\/motorrad-erinnerungen.de\/shop\/wp-json\/wp\/v2\/product_cat?post=2870"},{"taxonomy":"product_tag","embeddable":true,"href":"https:\/\/motorrad-erinnerungen.de\/shop\/wp-json\/wp\/v2\/product_tag?post=2870"}],"curies":[{"name":"wp","href":"https:\/\/api.w.org\/{rel}","templated":true}]}}