{"id":2890,"date":"2025-09-08T21:40:50","date_gmt":"2025-09-08T19:40:50","guid":{"rendered":"https:\/\/motorrad-erinnerungen.de\/2026\/produkt\/motorrad-16-2014-ariel-ace-bmw-r-1200-rt-honda-vfr-800-f-kawasaki-z-1000-sx\/"},"modified":"2025-12-27T22:42:11","modified_gmt":"2025-12-27T21:42:11","slug":"motorrad-16-2014-ariel-ace-bmw-r-1200-rt-honda-vfr-800-f-kawasaki-z-1000-sx","status":"publish","type":"product","link":"https:\/\/motorrad-erinnerungen.de\/shop\/produkt\/motorrad-16-2014-ariel-ace-bmw-r-1200-rt-honda-vfr-800-f-kawasaki-z-1000-sx\/","title":{"rendered":"MOTORRAD 16\/2014 \u2013 Gebrauchtkauf Kawasaki ZX-6R Ninja; Traumbike Honda VFR 750 R"},"content":{"rendered":"<p>Hier k\u00f6nnen Sie die <strong>Motorrad\u2011Zeitschrift &#8222;MOTORRAD 16\/2014&#8220;<\/strong> erwerben:<\/p>\n<h2>\ud83d\udcccInhalt dieser Ausgabe (u.a.):<\/h2>\n<ul>\n<li><strong>Ariel Ace<\/strong> mit 127 kW (173 PS) als Neuheit f\u00fcr 2015 \u2013 Vorstellung in Wort und Bild auf 4 Seiten<\/li>\n<li><strong>BMW R 1200 RT vs. Honda VFR 800 F vs. Kawasaki Z 1000 SX vs. Yamaha FJR 1300 AE<\/strong> im Alpen-Masters 2014, Teil 2 \u2013 Touring-Bikes im Vergleich, Testbericht in Wort und Bild auf 5 Seiten innerhalb einer gr\u00f6\u00dferen Reportage<\/li>\n<li><strong>Honda CB 650 F vs. KTM 690 Duke R vs. MV Agusta Rivale 800 vs. Yamaha MT-09 <\/strong>im Alpen-Masters 2014, Teil 2 \u2013 Fun-Bikes im Vergleich, Testbericht in Wort und Bild auf 5 Seiten innerhalb einer gr\u00f6\u00dferen Reportage<\/li>\n<li><strong>KTM 1190 Adventure vs. Suzuki V-Strom 1000 vs. Triumph Tiger Sport vs. Yamaha XT 1200 ZE Super T\u00e9n\u00e9r\u00e9 <\/strong>im Alpen-Masters 2014, Teil 2 \u2013 Adventure-Bikes im Vergleich, Testbericht in Wort und Bild auf 6 Seiten innerhalb einer gr\u00f6\u00dferen Reportage<\/li>\n<li><strong>Beta RR 350 EFI, Modell 2015<\/strong> \u2013 Fahrbericht in Wort und Bild auf 2 Seiten<\/li>\n<li><strong>Moto Morini 11 1\/2<\/strong> mit 86 kW (117 PS) im Test \u2013 Fahrbericht in Wort und Bild auf 4 Seiten<\/li>\n<li><strong>Piaggio MP3 Sport 500 I.E.<\/strong> mit 29,5 kW (40 PS) im Test \u2013 Fahrbericht in Wort und Bild auf 2 Seiten<\/li>\n<li><strong>Energica Ego<\/strong> mit 100 kW (136 PS) im Test \u2013 Fahrbericht in Wort und Bild auf 2 Seiten<\/li>\n<li><strong>Kawasaki ZX-6R Ninja, ab Modell 2003, gebraucht kaufen<\/strong> \u2013 Gebraucht-Beratung in Wort und Bild auf 2 Seiten<\/li>\n<li><strong>Honda VFR 750 R<\/strong> mit 82 kW (112 PS), ein Traum-Bike \u2013 Vorstellung in Wort und Bild auf 4 Seiten<\/li>\n<li><strong>Egli-Ducati 900 SS, ein Kult-Bike<\/strong> \u2013 Testbericht in Wort und Bild auf 2 Seiten<\/li>\n<\/ul>\n<h2>\ud83c\udf0d Zustand der Zeitschrift<\/h2>\n<p><strong>Gebraucht, weil gelesen, durchgebl\u00e4ttert oder gestapelt \ud83d\ude09<\/strong> dem Alter angemessen gut bis sehr gut erhalten. Alles original, Klebespuren von abgel\u00f6sten Abo-Versandaufklebern k\u00f6nnen vorhanden sein.<\/p>\n<h2>\ud83d\udce6 Versand &amp; Service<\/h2>\n<ul>\n<li>\u2713 Kostenloser Versand innerhalb Deutschlands<\/li>\n<li>\u2713 Versand auch ins Ausland m\u00f6glich<\/li>\n<li>\u2713 Sicher verpackt \u2013 wir wissen, wie wertvoll diese Sch\u00e4tze sind!<\/li>\n<\/ul>\n","protected":false},"excerpt":{"rendered":"<p>Mit dieser kompletten Fachzeitschrift erhalten die Leser\/innen einen Blick zur\u00fcck in die Zeit, als Einspritzung, ABS und erste Elektronikpakete die Motorradwelt ver\u00e4ndert haben.<\/p>\n","protected":false},"featured_media":2889,"template":"","meta":{"iawp_total_views":1},"product_brand":[],"product_cat":[23],"product_tag":[3824,3680,3844,3699,3845,3730,3755,1597,3760,2001,3769,2748,3770,2807,3792,3398,3793,3456,3794,3656],"class_list":{"0":"post-2890","1":"product","2":"type-product","3":"status-publish","4":"has-post-thumbnail","6":"product_cat-motorrad","7":"product_tag-beta-rr-350-efi","8":"product_tag-triumph-tiger-sport","9":"product_tag-ariel-ace","10":"product_tag-yamaha-mt-09","11":"product_tag-energica-ego","12":"product_tag-mv-agusta-rivale-800","13":"product_tag-yamaha-xt-1200-ze-super-tenere","14":"product_tag-honda-vfr-750-r","15":"product_tag-yamaha-fjr-1300-ae","16":"product_tag-kawasaki-zx-6r-ninja","17":"product_tag-honda-cb-650-f","18":"product_tag-suzuki-v-strom-1000","19":"product_tag-honda-vfr-800-f","20":"product_tag-bmw-r-1200-rt","21":"product_tag-moto-morini-11-1-2","22":"product_tag-ktm-690-duke-r","23":"product_tag-piaggio-mp3-sport-500-i","24":"product_tag-kawasaki-z-1000-sx","25":"product_tag-egli-ducati-900-ss","26":"product_tag-ktm-1190-adventure","28":"first","29":"instock","30":"shipping-taxable","31":"purchasable","32":"product-type-simple"},"_links":{"self":[{"href":"https:\/\/motorrad-erinnerungen.de\/shop\/wp-json\/wp\/v2\/product\/2890","targetHints":{"allow":["GET"]}}],"collection":[{"href":"https:\/\/motorrad-erinnerungen.de\/shop\/wp-json\/wp\/v2\/product"}],"about":[{"href":"https:\/\/motorrad-erinnerungen.de\/shop\/wp-json\/wp\/v2\/types\/product"}],"wp:featuredmedia":[{"embeddable":true,"href":"https:\/\/motorrad-erinnerungen.de\/shop\/wp-json\/wp\/v2\/media\/2889"}],"wp:attachment":[{"href":"https:\/\/motorrad-erinnerungen.de\/shop\/wp-json\/wp\/v2\/media?parent=2890"}],"wp:term":[{"taxonomy":"product_brand","embeddable":true,"href":"https:\/\/motorrad-erinnerungen.de\/shop\/wp-json\/wp\/v2\/product_brand?post=2890"},{"taxonomy":"product_cat","embeddable":true,"href":"https:\/\/motorrad-erinnerungen.de\/shop\/wp-json\/wp\/v2\/product_cat?post=2890"},{"taxonomy":"product_tag","embeddable":true,"href":"https:\/\/motorrad-erinnerungen.de\/shop\/wp-json\/wp\/v2\/product_tag?post=2890"}],"curies":[{"name":"wp","href":"https:\/\/api.w.org\/{rel}","templated":true}]}}