{"id":3020,"date":"2025-09-09T10:20:58","date_gmt":"2025-09-09T08:20:58","guid":{"rendered":"https:\/\/motorrad-erinnerungen.de\/2026\/produkt\/motorrad-abenteuer-6-2005-bmw-k-1200-r-optimierungs-vorschlaege-test-kawasaki-er-6n-aprilia-etv-1000-caponord-baujahr-2001-bis-2005\/"},"modified":"2025-09-09T10:20:58","modified_gmt":"2025-09-09T08:20:58","slug":"motorrad-abenteuer-6-2005-bmw-k-1200-r-optimierungs-vorschlaege-test-kawasaki-er-6n-aprilia-etv-1000-caponord-baujahr-2001-bis-2005","status":"publish","type":"product","link":"https:\/\/motorrad-erinnerungen.de\/shop\/produkt\/motorrad-abenteuer-6-2005-bmw-k-1200-r-optimierungs-vorschlaege-test-kawasaki-er-6n-aprilia-etv-1000-caponord-baujahr-2001-bis-2005\/","title":{"rendered":"Motorrad ABENTEUER 6\/2005 \u2013 BMW K 1200 R, Optimierungs-Vorschl\u00e4ge; Test Kawasaki ER-6n; Aprilia ETV 1000 Caponord, Baujahr 2001 bis 2005"},"content":{"rendered":"<p>Angeboten wird die Motorrad\u2011Zeitschrift &#8222;Motorrad ABENTEUER 6\/2005&#8220;.<\/p>\n<h2>\ud83d\udccc Freuen Sie sich auf spannende Beitr\u00e4ge zu:<\/h2>\n<ul>\n<li><strong>BMW K 1200 R, Optimierungs-Vorschl\u00e4ge<\/strong> \u2013 Zubeh\u00f6r-M\u00f6glichkeiten und sch\u00f6ne Bilder auf 8 Seiten <\/li>\n<li><strong>Kawasaki ER-6n<\/strong> mit 53 kW (72 PS) im Test \u2013 Testbericht und sch\u00f6ne Bilder auf 7 Seiten <\/li>\n<li><strong>Aprilia ETV 1000 Caponord, Baujahr 2001 bis 2005<\/strong> , im Gebrauchtmarkt \u2013 Gebrauchtkauf-Tipps auf 5 Seiten <\/li>\n<\/ul>\n<h2>\ud83c\udf0d Zustand der Zeitschrift<\/h2>\n<p><strong>Gebraucht, weil gelesen, durchgebl\u00e4ttert oder gestapelt \ud83d\ude09<\/strong> dem Alter angemessen gut bis sehr gut erhalten. Alles original, Klebespuren von abgel\u00f6sten Abo-Versandaufklebern k\u00f6nnen vorhanden sein.<\/p>\n<h2>\ud83d\udce6 Versand &#038; Service<\/h2>\n<ul>\n<li>\u2713 Kostenloser Versand innerhalb Deutschlands<\/li>\n<li>\u2713 Versand auch ins Ausland m\u00f6glich<\/li>\n<li>\u2713 Sicher verpackt \u2013 wir wissen, wie wertvoll diese Sch\u00e4tze sind!<\/li>\n<\/ul>\n","protected":false},"excerpt":{"rendered":"<p>BMW K 1200 R, Optimierungs-Vorschl\u00e4ge. Test Kawasaki ER-6n. Aprilia ETV 1000 Caponord, Baujahr 2001 bis 2005.<\/p>\n","protected":false},"featured_media":3019,"template":"","meta":{"iawp_total_views":1},"product_brand":[],"product_cat":[24],"product_tag":[2798,2851,2465],"class_list":{"0":"post-3020","1":"product","2":"type-product","3":"status-publish","4":"has-post-thumbnail","6":"product_cat-motorrad-abenteuer-on-rout","7":"product_tag-bmw-k-1200-r","8":"product_tag-kawasaki-er-6n","9":"product_tag-aprilia-etv-1000-caponord","11":"first","12":"instock","13":"shipping-taxable","14":"purchasable","15":"product-type-simple"},"_links":{"self":[{"href":"https:\/\/motorrad-erinnerungen.de\/shop\/wp-json\/wp\/v2\/product\/3020","targetHints":{"allow":["GET"]}}],"collection":[{"href":"https:\/\/motorrad-erinnerungen.de\/shop\/wp-json\/wp\/v2\/product"}],"about":[{"href":"https:\/\/motorrad-erinnerungen.de\/shop\/wp-json\/wp\/v2\/types\/product"}],"wp:featuredmedia":[{"embeddable":true,"href":"https:\/\/motorrad-erinnerungen.de\/shop\/wp-json\/wp\/v2\/media\/3019"}],"wp:attachment":[{"href":"https:\/\/motorrad-erinnerungen.de\/shop\/wp-json\/wp\/v2\/media?parent=3020"}],"wp:term":[{"taxonomy":"product_brand","embeddable":true,"href":"https:\/\/motorrad-erinnerungen.de\/shop\/wp-json\/wp\/v2\/product_brand?post=3020"},{"taxonomy":"product_cat","embeddable":true,"href":"https:\/\/motorrad-erinnerungen.de\/shop\/wp-json\/wp\/v2\/product_cat?post=3020"},{"taxonomy":"product_tag","embeddable":true,"href":"https:\/\/motorrad-erinnerungen.de\/shop\/wp-json\/wp\/v2\/product_tag?post=3020"}],"curies":[{"name":"wp","href":"https:\/\/api.w.org\/{rel}","templated":true}]}}