{"id":3074,"date":"2025-09-09T10:21:12","date_gmt":"2025-09-09T08:21:12","guid":{"rendered":"https:\/\/motorrad-erinnerungen.de\/2026\/produkt\/motorrad-abenteuer-5-6-2010-yamaha-xt-1200-z-super-tenere-test-ducati-multistrada-1200-test-husqvarna-te-630\/"},"modified":"2025-09-09T11:11:10","modified_gmt":"2025-09-09T09:11:10","slug":"motorrad-abenteuer-5-6-2010-yamaha-xt-1200-z-super-tenere-test-ducati-multistrada-1200-test-husqvarna-te-630","status":"publish","type":"product","link":"https:\/\/motorrad-erinnerungen.de\/shop\/produkt\/motorrad-abenteuer-5-6-2010-yamaha-xt-1200-z-super-tenere-test-ducati-multistrada-1200-test-husqvarna-te-630\/","title":{"rendered":"Motorrad ABENTEUER 5\/6 2010 \u2013 Yamaha XT 1200 Z Super T\u00e9n\u00e9r\u00e9; Test Ducati Multistrada 1200; Test Husqvarna TE 630"},"content":{"rendered":"<p>Angeboten wird die Motorrad\u2011Zeitschrift &#8222;Motorrad ABENTEUER 5\/6 2010&#8220;.<\/p>\n<h2>\ud83d\udccc Freuen Sie sich auf spannende Beitr\u00e4ge zu:<\/h2>\n<ul>\n<li><strong>Yamaha XT 1200 Z Super T\u00e9n\u00e9r\u00e9<\/strong> mit 81 kW (110 PS) als Neuheit f\u00fcr 2010 \u2013 Vorstellung in Wort und Bildern auf 4 Seiten s<\/li>\n<li><strong>Ducati Multistrada 1200<\/strong> mit 110 kW (150 PS) im Test \u2013 Fahrbericht in Wort und Bildern auf 3 Seiten s<\/li>\n<li><strong>Husqvarna TE 630<\/strong> mit 42 kW (57 PS) im Test \u2013 Fahrbericht in Wort und Bildern auf 3 Seiten s<\/li>\n<\/ul>\n<h2>\ud83c\udf0d Zustand der Zeitschrift<\/h2>\n<p><strong>Gebraucht, weil gelesen, durchgebl\u00e4ttert oder gestapelt \ud83d\ude09<\/strong> dem Alter angemessen gut bis sehr gut erhalten. Alles original, Klebespuren von abgel\u00f6sten Abo-Versandaufklebern k\u00f6nnen vorhanden sein.<\/p>\n<h2>\ud83d\udce6 Versand &amp; Service<\/h2>\n<ul>\n<li>\u2713 Kostenloser Versand innerhalb Deutschlands<\/li>\n<li>\u2713 Versand auch ins Ausland m\u00f6glich<\/li>\n<li>\u2713 Sicher verpackt \u2013 wir wissen, wie wertvoll diese Sch\u00e4tze sind!<\/li>\n<\/ul>\n","protected":false},"excerpt":{"rendered":"<p>Yamaha XT 1200 Z Super T\u00e9n\u00e9r\u00e9. Test Ducati Multistrada 1200. Test Husqvarna TE 630.<\/p>\n","protected":false},"featured_media":3073,"template":"","meta":{"iawp_total_views":1},"product_brand":[],"product_cat":[24],"product_tag":[3273,3391,3973],"class_list":{"0":"post-3074","1":"product","2":"type-product","3":"status-publish","4":"has-post-thumbnail","6":"product_cat-motorrad-abenteuer-on-rout","7":"product_tag-ducati-multistrada-1200","8":"product_tag-yamaha-xt-1200-z-super-tenere","9":"product_tag-husqvarna-te-630","11":"first","12":"instock","13":"shipping-taxable","14":"purchasable","15":"product-type-simple"},"_links":{"self":[{"href":"https:\/\/motorrad-erinnerungen.de\/shop\/wp-json\/wp\/v2\/product\/3074","targetHints":{"allow":["GET"]}}],"collection":[{"href":"https:\/\/motorrad-erinnerungen.de\/shop\/wp-json\/wp\/v2\/product"}],"about":[{"href":"https:\/\/motorrad-erinnerungen.de\/shop\/wp-json\/wp\/v2\/types\/product"}],"wp:featuredmedia":[{"embeddable":true,"href":"https:\/\/motorrad-erinnerungen.de\/shop\/wp-json\/wp\/v2\/media\/3073"}],"wp:attachment":[{"href":"https:\/\/motorrad-erinnerungen.de\/shop\/wp-json\/wp\/v2\/media?parent=3074"}],"wp:term":[{"taxonomy":"product_brand","embeddable":true,"href":"https:\/\/motorrad-erinnerungen.de\/shop\/wp-json\/wp\/v2\/product_brand?post=3074"},{"taxonomy":"product_cat","embeddable":true,"href":"https:\/\/motorrad-erinnerungen.de\/shop\/wp-json\/wp\/v2\/product_cat?post=3074"},{"taxonomy":"product_tag","embeddable":true,"href":"https:\/\/motorrad-erinnerungen.de\/shop\/wp-json\/wp\/v2\/product_tag?post=3074"}],"curies":[{"name":"wp","href":"https:\/\/api.w.org\/{rel}","templated":true}]}}