{"id":3084,"date":"2025-09-09T10:21:15","date_gmt":"2025-09-09T08:21:15","guid":{"rendered":"https:\/\/motorrad-erinnerungen.de\/2026\/produkt\/motorrad-abenteuer-3-4-2011-test-bmw-g-650-gs-test-gas-gas-ec-300-e-yamaha-xtz-750-super-tenere-hier-umgebaut-zum-wuestenrenner\/"},"modified":"2025-09-09T11:06:24","modified_gmt":"2025-09-09T09:06:24","slug":"motorrad-abenteuer-3-4-2011-test-bmw-g-650-gs-test-gas-gas-ec-300-e-yamaha-xtz-750-super-tenere-hier-umgebaut-zum-wuestenrenner","status":"publish","type":"product","link":"https:\/\/motorrad-erinnerungen.de\/shop\/produkt\/motorrad-abenteuer-3-4-2011-test-bmw-g-650-gs-test-gas-gas-ec-300-e-yamaha-xtz-750-super-tenere-hier-umgebaut-zum-wuestenrenner\/","title":{"rendered":"Motorrad ABENTEUER 3\/4 2011 \u2013 Test BMW G 650 GS; Test Gas Gas EC 300 E; Yamaha XTZ 750 Super T\u00e9n\u00e9r\u00e9, hier umgebaut zum W\u00fcstenrenner"},"content":{"rendered":"<p>Angeboten wird die Motorrad\u2011Zeitschrift &#8222;Motorrad ABENTEUER 3\/4 2011&#8220;.<\/p>\n<h2>\ud83d\udccc Freuen Sie sich auf spannende Beitr\u00e4ge zu:<\/h2>\n<ul>\n<li><strong>BMW G 650 GS<\/strong> mit 35 kW (48 PS) Test &amp; Technik \u2013 Testbericht in Wort und Bildern auf 4 Seiten s<\/li>\n<li><strong>Gas Gas EC 300 E<\/strong> mit 6,5 kW (8,8 PS) im Test \u2013 Fahrbericht in Wort und Bildern auf 2 Seiten s<\/li>\n<li><strong>Yamaha XTZ 750 Super T\u00e9n\u00e9r\u00e9, hier umgebaut zum W\u00fcstenrenner<\/strong> \u2013 Vorstellung in Wort und Bildern auf 3 Seiten s<\/li>\n<\/ul>\n<h2>\ud83c\udf0d Zustand der Zeitschrift<\/h2>\n<p><strong>Gebraucht, weil gelesen, durchgebl\u00e4ttert oder gestapelt \ud83d\ude09<\/strong> dem Alter angemessen gut bis sehr gut erhalten. Alles original, Klebespuren von abgel\u00f6sten Abo-Versandaufklebern k\u00f6nnen vorhanden sein.<\/p>\n<h2>\ud83d\udce6 Versand &amp; Service<\/h2>\n<ul>\n<li>\u2713 Kostenloser Versand innerhalb Deutschlands<\/li>\n<li>\u2713 Versand auch ins Ausland m\u00f6glich<\/li>\n<li>\u2713 Sicher verpackt \u2013 wir wissen, wie wertvoll diese Sch\u00e4tze sind!<\/li>\n<\/ul>\n","protected":false},"excerpt":{"rendered":"<p>Test BMW G 650 GS. Test Gas Gas EC 300 E. Yamaha XTZ 750 Super T\u00e9n\u00e9r\u00e9, hier umgebaut zum W\u00fcstenrenner.<\/p>\n","protected":false},"featured_media":3083,"template":"","meta":{"iawp_total_views":0},"product_brand":[],"product_cat":[24],"product_tag":[1677,3460,3980],"class_list":{"0":"post-3084","1":"product","2":"type-product","3":"status-publish","4":"has-post-thumbnail","6":"product_cat-motorrad-abenteuer-on-rout","7":"product_tag-yamaha-xtz-750-super-tenere","8":"product_tag-bmw-g-650-gs","9":"product_tag-gas-gas-ec-300-e","11":"first","12":"instock","13":"shipping-taxable","14":"purchasable","15":"product-type-simple"},"_links":{"self":[{"href":"https:\/\/motorrad-erinnerungen.de\/shop\/wp-json\/wp\/v2\/product\/3084","targetHints":{"allow":["GET"]}}],"collection":[{"href":"https:\/\/motorrad-erinnerungen.de\/shop\/wp-json\/wp\/v2\/product"}],"about":[{"href":"https:\/\/motorrad-erinnerungen.de\/shop\/wp-json\/wp\/v2\/types\/product"}],"wp:featuredmedia":[{"embeddable":true,"href":"https:\/\/motorrad-erinnerungen.de\/shop\/wp-json\/wp\/v2\/media\/3083"}],"wp:attachment":[{"href":"https:\/\/motorrad-erinnerungen.de\/shop\/wp-json\/wp\/v2\/media?parent=3084"}],"wp:term":[{"taxonomy":"product_brand","embeddable":true,"href":"https:\/\/motorrad-erinnerungen.de\/shop\/wp-json\/wp\/v2\/product_brand?post=3084"},{"taxonomy":"product_cat","embeddable":true,"href":"https:\/\/motorrad-erinnerungen.de\/shop\/wp-json\/wp\/v2\/product_cat?post=3084"},{"taxonomy":"product_tag","embeddable":true,"href":"https:\/\/motorrad-erinnerungen.de\/shop\/wp-json\/wp\/v2\/product_tag?post=3084"}],"curies":[{"name":"wp","href":"https:\/\/api.w.org\/{rel}","templated":true}]}}