{"id":3320,"date":"2025-09-09T12:24:52","date_gmt":"2025-09-09T10:24:52","guid":{"rendered":"https:\/\/motorrad-erinnerungen.de\/2026\/produkt\/motorrad-classic-3-1992-mv-agusta-750-s-die-serien-emm-vau-ardie-ne-125-seltenes-aus-nuernberg-bmw-r-51-2-das-traum-gespann\/"},"modified":"2026-02-17T07:13:24","modified_gmt":"2026-02-17T06:13:24","slug":"motorrad-classic-3-1992-mv-agusta-750-s-die-serien-emm-vau-ardie-ne-125-seltenes-aus-nuernberg-bmw-r-51-2-das-traum-gespann","status":"publish","type":"product","link":"https:\/\/motorrad-erinnerungen.de\/shop\/produkt\/motorrad-classic-3-1992-mv-agusta-750-s-die-serien-emm-vau-ardie-ne-125-seltenes-aus-nuernberg-bmw-r-51-2-das-traum-gespann\/","title":{"rendered":"Motorrad Classic 03\/1992 \u2013 MV Agusta 750 S; Ardie Ne 125; BMW R 51\/2"},"content":{"rendered":"<p>Zum Kauf angeboten wird die Fachzeitschrift Motorrad Classic 03\/1992.<\/p>\n<h2>\ud83d\udccc Freuen Sie sich auf interessante Beitr\u00e4ge u.a. zu:<\/h2>\n<ul>\n<li><strong>MV Agusta 750 S, die Serien &#8211; &#8222;Emm Vau&#8220;<\/strong> \u2013 Titelstory auf 8 Seiten, Vorstellung mit Text und Fotos<\/li>\n<li><strong>Ardie Ne 125, Seltenes aus N\u00fcrnberg<\/strong> \u2013 Vorstellung mit Text und Fotos auf 6 Seiten<\/li>\n<li><strong>BMW R 51\/2, das Traum-Gespann<\/strong> \u2013 Vorstellung mit Text und Fotos auf 7 Seiten<\/li>\n<li><strong>Velocette KTT Mark I, eine Erasmus Gr\u00fcttefien-Geschichte<\/strong> \u2013 Text und Fotos auf 2 Seiten<\/li>\n<li><strong>Tornax<\/strong> und die Zeitl\u00e4ufe, Teil 3 \u2013 Text und Fotos auf 9 Seiten<\/li>\n<li><strong>NSU 4 PS von 1925, ein V-Zweizylinder<\/strong> \u2013 Vorstellung mit Text und Fotos auf 5 Seiten<\/li>\n<li><strong>CZ 250 MC, der Doppelport-Pott<\/strong> \u2013 Vorstellung mit Text und Fotos auf 2 Seiten<\/li>\n<li><strong>MZ Re 250, die von L\u00e1zl\u00f3 Szab\u00f3<\/strong> \u2013 Erinnerungen mit Text und Fotos auf 10 Seiten<\/li>\n<li><strong>Triumph S 500, Viertaktfinale<\/strong> \u2013 Erinnerungen mit Text und Fotos auf 6 Seiten<\/li>\n<\/ul>\n<h2>\ud83c\udf0d Zustand der Zeitschrift<\/h2>\n<ul>\n<li>Gebraucht, weil gelesen, durchgebl\u00e4ttert oder gestapelt \ud83d\ude09<\/li>\n<li>Dem Alter angemessen gut bis sehr gut erhalten<\/li>\n<li>Alles original<\/li>\n<li>Klebespuren von abgel\u00f6sten Abo-Versandaufklebern k\u00f6nnen vorhanden sein<\/li>\n<\/ul>\n<h2>\ud83d\udce6 Versand &amp; Service<\/h2>\n<ul>\n<li>\u2713 Versand gratis in Deutschland<\/li>\n<li>\u2713 Auf Wunsch auch internationaler Versand<\/li>\n<li>\u2713 Stabil verpackt, damit die Zeitschrift heil bei Ihnen ankommt<\/li>\n<\/ul>\n","protected":false},"excerpt":{"rendered":"<p>Spannende Fahrberichte und detaillierte Einblicke in die Welt der Oldtimer. Diese Motorrad Classic Ausgabe darf in keiner Sammlung fehlen.<\/p>\n","protected":false},"featured_media":3205,"template":"","meta":{"iawp_total_views":1},"product_brand":[],"product_cat":[25],"product_tag":[363,4086,4106,4107,4108,4109,4309,4311,4312],"class_list":{"0":"post-3320","1":"product","2":"type-product","3":"status-publish","4":"has-post-thumbnail","6":"product_cat-motorrad-classic","7":"product_tag-mv-agusta-750-s","8":"product_tag-mz-re-250","9":"product_tag-bmw-r-51-2","10":"product_tag-nsu-4-ps-von-1925","11":"product_tag-cz-250-mc","12":"product_tag-triumph-s-500","13":"product_tag-tornax-firmengeschichte","14":"product_tag-ardie-ne-125","15":"product_tag-velocette-ktt-mark-i","17":"first","18":"instock","19":"shipping-taxable","20":"purchasable","21":"product-type-simple"},"_links":{"self":[{"href":"https:\/\/motorrad-erinnerungen.de\/shop\/wp-json\/wp\/v2\/product\/3320","targetHints":{"allow":["GET"]}}],"collection":[{"href":"https:\/\/motorrad-erinnerungen.de\/shop\/wp-json\/wp\/v2\/product"}],"about":[{"href":"https:\/\/motorrad-erinnerungen.de\/shop\/wp-json\/wp\/v2\/types\/product"}],"wp:featuredmedia":[{"embeddable":true,"href":"https:\/\/motorrad-erinnerungen.de\/shop\/wp-json\/wp\/v2\/media\/3205"}],"wp:attachment":[{"href":"https:\/\/motorrad-erinnerungen.de\/shop\/wp-json\/wp\/v2\/media?parent=3320"}],"wp:term":[{"taxonomy":"product_brand","embeddable":true,"href":"https:\/\/motorrad-erinnerungen.de\/shop\/wp-json\/wp\/v2\/product_brand?post=3320"},{"taxonomy":"product_cat","embeddable":true,"href":"https:\/\/motorrad-erinnerungen.de\/shop\/wp-json\/wp\/v2\/product_cat?post=3320"},{"taxonomy":"product_tag","embeddable":true,"href":"https:\/\/motorrad-erinnerungen.de\/shop\/wp-json\/wp\/v2\/product_tag?post=3320"}],"curies":[{"name":"wp","href":"https:\/\/api.w.org\/{rel}","templated":true}]}}