{"id":3324,"date":"2025-09-09T12:24:53","date_gmt":"2025-09-09T10:24:53","guid":{"rendered":"https:\/\/motorrad-erinnerungen.de\/2026\/produkt\/motorrad-classic-1-1993-bmw-die-5-reihe-yamaha-r3-eine-350er-mz-re-250-alte-liebe-von-1964-gilera-rondine-ein-motor\/"},"modified":"2026-02-18T21:38:39","modified_gmt":"2026-02-18T20:38:39","slug":"motorrad-classic-1-1993-bmw-die-5-reihe-yamaha-r3-eine-350er-mz-re-250-alte-liebe-von-1964-gilera-rondine-ein-motor","status":"publish","type":"product","link":"https:\/\/motorrad-erinnerungen.de\/shop\/produkt\/motorrad-classic-1-1993-bmw-die-5-reihe-yamaha-r3-eine-350er-mz-re-250-alte-liebe-von-1964-gilera-rondine-ein-motor\/","title":{"rendered":"Motorrad Classic 01\/1993 \u2013 BMW \/5-Reihe; Yamaha R3; MZ RE 250"},"content":{"rendered":"<p>Zum Kauf angeboten wird die Fachzeitschrift Motorrad Classic 01\/1993.<\/p>\n<h2>\ud83d\udccc Freuen Sie sich auf interessante Beitr\u00e4ge u.a. zu:<\/h2>\n<ul>\n<li><strong>BMW, die \/5-Reihe<\/strong> mit Schlosser-Kurs \u2013 Titelstory\/Modellgeschichte in Wort und Bild auf 14 Seiten<\/li>\n<li><strong>Yamaha R3, eine 350er<\/strong> mit Zweizylinder-Zweitaktmotor \u2013 Modellgeschichte in Wort und Bild auf 6 Seiten<\/li>\n<li><strong>MZ RE 250, alte Liebe von 1964<\/strong> \u2013 Modellgeschichte in Wort und Bild auf 8 Seiten<\/li>\n<li><strong>Gilera Rondine, ein Motor<\/strong> im Detail \u2013 nicht nur Technisches in Wort und Bild auf 8 Seiten<\/li>\n<li><strong>Panther TS 98, ein Motor-Fahrrad<\/strong> mit 98er-Zweitakter \u2013 Modellgeschichte in Wort und Bild auf 4 Seiten<\/li>\n<li><strong>Trumpf-Ass 500, die aus dem Saarbr\u00fcckener Fahrradwerk<\/strong> \u2013 Vorstellung\/Modellgeschichte in Wort und Bild auf 6 Seiten<\/li>\n<li><strong>Harley-Davidson Model K, gab es nur 2 Jahre lang =&gt; selten<\/strong> \u2013 Modellgeschichte in Wort und Bild auf 6 Seiten<\/li>\n<\/ul>\n<h2>\ud83c\udf0d Zustand der Zeitschrift<\/h2>\n<ul>\n<li>Gebraucht, weil gelesen, durchgebl\u00e4ttert oder gestapelt \ud83d\ude09<\/li>\n<li>Dem Alter angemessen gut bis sehr gut erhalten<\/li>\n<li>Alles original<\/li>\n<li>Klebespuren von abgel\u00f6sten Abo-Versandaufklebern k\u00f6nnen vorhanden sein<\/li>\n<\/ul>\n<h2>\ud83d\udce6 Versand &amp; Service<\/h2>\n<ul>\n<li>\u2713 Versand gratis in Deutschland<\/li>\n<li>\u2713 Auf Wunsch auch internationaler Versand<\/li>\n<li>\u2713 Stabil verpackt, damit die Zeitschrift heil bei Ihnen ankommt<\/li>\n<\/ul>\n","protected":false},"excerpt":{"rendered":"<p>Entdecken Sie faszinierende Technik-Analysen und historische Portr\u00e4ts in dieser Motorrad Classic Ausgabe. Perfekt f\u00fcr Liebhaber klassischer Motorr\u00e4der.<\/p>\n","protected":false},"featured_media":3213,"template":"","meta":{"iawp_total_views":0},"product_brand":[],"product_cat":[25],"product_tag":[4086,4114,13949,13950,13951,13952,13953,247],"class_list":{"0":"post-3324","1":"product","2":"type-product","3":"status-publish","4":"has-post-thumbnail","6":"product_cat-motorrad-classic","7":"product_tag-mz-re-250","8":"product_tag-yamaha-r3","9":"product_tag-die-5-reihe","10":"product_tag-gilera-rondine","11":"product_tag-panther-ts-98","12":"product_tag-trumpf-ass-500","13":"product_tag-harley-davidson-model-k","14":"product_tag-bmw","16":"first","17":"instock","18":"shipping-taxable","19":"purchasable","20":"product-type-simple"},"_links":{"self":[{"href":"https:\/\/motorrad-erinnerungen.de\/shop\/wp-json\/wp\/v2\/product\/3324","targetHints":{"allow":["GET"]}}],"collection":[{"href":"https:\/\/motorrad-erinnerungen.de\/shop\/wp-json\/wp\/v2\/product"}],"about":[{"href":"https:\/\/motorrad-erinnerungen.de\/shop\/wp-json\/wp\/v2\/types\/product"}],"wp:featuredmedia":[{"embeddable":true,"href":"https:\/\/motorrad-erinnerungen.de\/shop\/wp-json\/wp\/v2\/media\/3213"}],"wp:attachment":[{"href":"https:\/\/motorrad-erinnerungen.de\/shop\/wp-json\/wp\/v2\/media?parent=3324"}],"wp:term":[{"taxonomy":"product_brand","embeddable":true,"href":"https:\/\/motorrad-erinnerungen.de\/shop\/wp-json\/wp\/v2\/product_brand?post=3324"},{"taxonomy":"product_cat","embeddable":true,"href":"https:\/\/motorrad-erinnerungen.de\/shop\/wp-json\/wp\/v2\/product_cat?post=3324"},{"taxonomy":"product_tag","embeddable":true,"href":"https:\/\/motorrad-erinnerungen.de\/shop\/wp-json\/wp\/v2\/product_tag?post=3324"}],"curies":[{"name":"wp","href":"https:\/\/api.w.org\/{rel}","templated":true}]}}