{"id":3350,"date":"2025-09-09T12:25:00","date_gmt":"2025-09-09T10:25:00","guid":{"rendered":"https:\/\/motorrad-erinnerungen.de\/2026\/produkt\/motorrad-classic-3-1997-zuendapp-ks-750-erfahrungen-kaufberatung-modellgeschichte-indian-model-0-die-puch-m-125-tradition\/"},"modified":"2026-02-15T16:21:16","modified_gmt":"2026-02-15T15:21:16","slug":"motorrad-classic-3-1997-zuendapp-ks-750-erfahrungen-kaufberatung-modellgeschichte-indian-model-0-die-puch-m-125-tradition","status":"publish","type":"product","link":"https:\/\/motorrad-erinnerungen.de\/shop\/produkt\/motorrad-classic-3-1997-zuendapp-ks-750-erfahrungen-kaufberatung-modellgeschichte-indian-model-0-die-puch-m-125-tradition\/","title":{"rendered":"Motorrad Classic 03\/1997 \u2013 BMW R 5; Z\u00fcndapp KS 750; AJR TSS 350"},"content":{"rendered":"<p><strong>Motorrad Classic 03\/1997<\/strong> mit ausf\u00fchrlichen Beitr\u00e4gen zu BMW R 5, Z\u00fcndapp KS 750 und AJR TSS 350.<\/p>\n<h2>\ud83d\udccc Freuen Sie sich auf interessante Beitr\u00e4ge u.a. zu:<\/h2>\n<ul>\n<li><strong>Z\u00fcndapp KS 750<\/strong> \u2013 Klassiker-Story auf 8 Seiten<\/li>\n<li><strong>Indian Model 0<\/strong>die mit dem Boxermotor \u2013 Klassiker-Story auf 2 Seiten<\/li>\n<li><strong>Puch M 125<\/strong> und Moderne vereint \u2013 Klassiker-Story auf 4 Seiten<\/li>\n<li><strong>BMW R 5<\/strong> \u2013 Klassiker-Story auf 10 Seiten<\/li>\n<li><strong>NSU Max<\/strong> \u2013 Klassiker-Story auf 6 Seiten<\/li>\n<li><strong>New Hudson<\/strong> \u2013 Klassiker-Story auf 4 Seiten<\/li>\n<li><strong>Guazzoni Matta 50<\/strong> , mit Drehschiebermotor und 8 PS \u2013 Klassiker-Story auf 6 Seiten<\/li>\n<li><strong>AJR TSS 350<\/strong> \u2013 Klassiker-Story auf 8 Seiten<\/li>\n<\/ul>\n<h2>\ud83c\udf0d Zustand<\/h2>\n<ul>\n<li>Gebraucht, weil gelesen, durchgebl\u00e4ttert oder gestapelt \ud83d\ude09<\/li>\n<li>Dem Alter angemessen gut bis sehr gut erhalten<\/li>\n<li>Alles original<\/li>\n<li>Klebespuren von abgel\u00f6sten Abo-Versandaufklebern k\u00f6nnen vorhanden sein<\/li>\n<\/ul>\n<h2>\ud83d\udce6 Versand &amp; Service<\/h2>\n<ul>\n<li>\u2713 Versand gratis in Deutschland<\/li>\n<li>\u2713 Auf Wunsch auch internationaler Versand<\/li>\n<li>\u2713 Stabil verpackt, damit die Zeitschrift heil bei Ihnen ankommt<\/li>\n<\/ul>\n","protected":false},"excerpt":{"rendered":"<p>Spannende Modellportr\u00e4ts und Zeitdokumente: BMW R 5, Z\u00fcndapp KS 750 und AJR TSS 350 stehen hier besonders im Fokus \u2013 erg\u00e4nzt durch weitere Themen rund um Klassiker.<\/p>\n","protected":false},"featured_media":3265,"template":"","meta":{"iawp_total_views":4},"product_brand":[],"product_cat":[25],"product_tag":[4235,4236,84,222,603,856,4170,4234],"class_list":{"0":"post-3350","1":"product","2":"type-product","3":"status-publish","4":"has-post-thumbnail","6":"product_cat-motorrad-classic","7":"product_tag-guazzoni-matta-50","8":"product_tag-ajr-tss-350","9":"product_tag-nsu-max","10":"product_tag-puch-m-125","11":"product_tag-bmw-r-5","12":"product_tag-zuendapp-ks-750","13":"product_tag-indian-model-0","14":"product_tag-new-hudson","16":"first","17":"instock","18":"shipping-taxable","19":"purchasable","20":"product-type-simple"},"_links":{"self":[{"href":"https:\/\/motorrad-erinnerungen.de\/shop\/wp-json\/wp\/v2\/product\/3350","targetHints":{"allow":["GET"]}}],"collection":[{"href":"https:\/\/motorrad-erinnerungen.de\/shop\/wp-json\/wp\/v2\/product"}],"about":[{"href":"https:\/\/motorrad-erinnerungen.de\/shop\/wp-json\/wp\/v2\/types\/product"}],"wp:featuredmedia":[{"embeddable":true,"href":"https:\/\/motorrad-erinnerungen.de\/shop\/wp-json\/wp\/v2\/media\/3265"}],"wp:attachment":[{"href":"https:\/\/motorrad-erinnerungen.de\/shop\/wp-json\/wp\/v2\/media?parent=3350"}],"wp:term":[{"taxonomy":"product_brand","embeddable":true,"href":"https:\/\/motorrad-erinnerungen.de\/shop\/wp-json\/wp\/v2\/product_brand?post=3350"},{"taxonomy":"product_cat","embeddable":true,"href":"https:\/\/motorrad-erinnerungen.de\/shop\/wp-json\/wp\/v2\/product_cat?post=3350"},{"taxonomy":"product_tag","embeddable":true,"href":"https:\/\/motorrad-erinnerungen.de\/shop\/wp-json\/wp\/v2\/product_tag?post=3350"}],"curies":[{"name":"wp","href":"https:\/\/api.w.org\/{rel}","templated":true}]}}