{"id":3361,"date":"2025-09-09T12:25:03","date_gmt":"2025-09-09T10:25:03","guid":{"rendered":"https:\/\/motorrad-erinnerungen.de\/2026\/produkt\/motorrad-classic-2-1999-bmw-r-50-r-60-2-modelle-werden-hier-vorgestellt-vergleich-ducati-750-ss-vergleich-laverda-750-sfc\/"},"modified":"2026-03-27T13:19:09","modified_gmt":"2026-03-27T12:19:09","slug":"motorrad-classic-2-1999-bmw-r-50-r-60-2-modelle-werden-hier-vorgestellt-vergleich-ducati-750-ss-vergleich-laverda-750-sfc","status":"publish","type":"product","link":"https:\/\/motorrad-erinnerungen.de\/shop\/produkt\/motorrad-classic-2-1999-bmw-r-50-r-60-2-modelle-werden-hier-vorgestellt-vergleich-ducati-750-ss-vergleich-laverda-750-sfc\/","title":{"rendered":"Motorrad Classic 02\/1999 \u2013 BMW R 50 \/ R 60; Ducati 750 SS; Tornax 1000"},"content":{"rendered":"<p><strong>Motorrad Classic 02\/1999<\/strong> mit ausf\u00fchrlichen Beitr\u00e4gen zu BMW R 50 \/ R 60, Ducati 750 SS und Laverda 750 SFC.<\/p>\n<h2>\ud83d\udccc Freuen Sie sich auf interessante Beitr\u00e4ge u.a. zu:<\/h2>\n<ul>\n<li><strong>BMW R 50 \/ R 60, \/2-Modelle<\/strong> \u2013 werden hier vorgestellt \u2013 Titelgeschichte auf 14 Seiten<\/li>\n<li><strong>Ducati 750 SS<\/strong> \u2013 mit 53 kW (73 PS) im Oldtimer-Vergleich \u2013 Supersport-Oldtimer im Vergleich, Ducati 750SS vs. Laverda 750SFC vs. MV Agusta 750S, Titelstory auf 10 Seiten<\/li>\n<li><strong>Laverda 750 SFC<\/strong> \u2013 mit 55 kW (75 PS) im Oldtimer-Vergleich \u2013 Supersport-Oldtimer im Vergleich, Ducati 750SS vs. Laverda 750SFC vs. MV Agusta 750S, Titelstory auf 10 Seiten<\/li>\n<li><strong>MV Agusta 750 S<\/strong> \u2013 mit 69 PS im Oldtimer-Vergleich \u2013 Supersport-Oldtimer im Vergleich, Ducati 750SS vs. Laverda 750SFC vs. MV Agusta 750S, Titelstory auf 10 Seiten<\/li>\n<li><strong>Tornax 1000, ein Reisemotorrad aus Wuppertal<\/strong> \u2013 Vorstellung + Modellgeschichte auf 10 Seiten<\/li>\n<li><strong>PMZ-750, ein Motorrad aus Russland<\/strong> \u2013 Vorstellung einer russischen Entwicklung auf 6 Seiten<\/li>\n<\/ul>\n<h2>\ud83c\udf0d Zustand<\/h2>\n<ul>\n<li>\u2714 Gebraucht, weil gelesen, durchgebl\u00e4ttert oder gestapelt \ud83d\ude09<\/li>\n<li>\u2714 Dem Alter angemessen gut bis sehr gut erhalten<\/li>\n<li>\u2714 Alles original<\/li>\n<li>\u2714 Klebespuren von abgel\u00f6sten Abo-Versandaufklebern k\u00f6nnen vorhanden sein<\/li>\n<\/ul>\n<h2>\ud83d\udce6 Versand &amp; Service<\/h2>\n<ul>\n<li>\u2713 Versand gratis in Deutschland<\/li>\n<li>\u2713 Auf Wunsch auch internationaler Versand<\/li>\n<li>\u2713 Stabil verpackt, damit die Zeitschrift heil bei Ihnen ankommt<\/li>\n<\/ul>\n","protected":false},"excerpt":{"rendered":"<p>Drei Highlights, viel Inhalt: BMW R 50 \/ R 60, Ducati 750 SS und Laverda 750 SFC. Dazu weitere Reportagen und Technik-Themen \u2013 f\u00fcr alle, die klassische Motorr\u00e4der wirklich m\u00f6gen.<\/p>\n","protected":false},"featured_media":3287,"template":"","meta":{"iawp_total_views":1},"product_brand":[],"product_cat":[25],"product_tag":[470,494,4187,4205,4206,4207,14337,363],"class_list":{"0":"post-3361","1":"product","2":"type-product","3":"status-publish","4":"has-post-thumbnail","6":"product_cat-motorrad-classic","7":"product_tag-ducati-750-ss","8":"product_tag-laverda-750-sfc","9":"product_tag-ducati-750ss","10":"product_tag-bmw-r-50-r-60","11":"product_tag-tornax-1000","12":"product_tag-pmz-750","13":"product_tag-ducati-supersport-600-750-800-1000","14":"product_tag-mv-agusta-750-s","16":"first","17":"instock","18":"shipping-taxable","19":"purchasable","20":"product-type-simple"},"_links":{"self":[{"href":"https:\/\/motorrad-erinnerungen.de\/shop\/wp-json\/wp\/v2\/product\/3361","targetHints":{"allow":["GET"]}}],"collection":[{"href":"https:\/\/motorrad-erinnerungen.de\/shop\/wp-json\/wp\/v2\/product"}],"about":[{"href":"https:\/\/motorrad-erinnerungen.de\/shop\/wp-json\/wp\/v2\/types\/product"}],"wp:featuredmedia":[{"embeddable":true,"href":"https:\/\/motorrad-erinnerungen.de\/shop\/wp-json\/wp\/v2\/media\/3287"}],"wp:attachment":[{"href":"https:\/\/motorrad-erinnerungen.de\/shop\/wp-json\/wp\/v2\/media?parent=3361"}],"wp:term":[{"taxonomy":"product_brand","embeddable":true,"href":"https:\/\/motorrad-erinnerungen.de\/shop\/wp-json\/wp\/v2\/product_brand?post=3361"},{"taxonomy":"product_cat","embeddable":true,"href":"https:\/\/motorrad-erinnerungen.de\/shop\/wp-json\/wp\/v2\/product_cat?post=3361"},{"taxonomy":"product_tag","embeddable":true,"href":"https:\/\/motorrad-erinnerungen.de\/shop\/wp-json\/wp\/v2\/product_tag?post=3361"}],"curies":[{"name":"wp","href":"https:\/\/api.w.org\/{rel}","templated":true}]}}