{"id":3362,"date":"2025-09-09T12:25:03","date_gmt":"2025-09-09T10:25:03","guid":{"rendered":"https:\/\/motorrad-erinnerungen.de\/2026\/produkt\/motorrad-classic-3-1999-honda-c-77-war-mal-ein-traumtourer-ariel-arrow-maicoletta-175\/"},"modified":"2026-02-17T07:30:03","modified_gmt":"2026-02-17T06:30:03","slug":"motorrad-classic-3-1999-honda-c-77-war-mal-ein-traumtourer-ariel-arrow-maicoletta-175","status":"publish","type":"product","link":"https:\/\/motorrad-erinnerungen.de\/shop\/produkt\/motorrad-classic-3-1999-honda-c-77-war-mal-ein-traumtourer-ariel-arrow-maicoletta-175\/","title":{"rendered":"Motorrad Classic 03\/1999 \u2013 Honda C 77; Maicoletta 175 und 250; Opel Motorfahrrad"},"content":{"rendered":"<p><strong>Motorrad Classic 03\/1999<\/strong> mit ausf\u00fchrlichen Beitr\u00e4gen zu Honda C 77, Maicoletta 175 und 250 und Opel Motorfahrrad.<\/p>\n<h2>\ud83d\udccc Freuen Sie sich auf interessante Beitr\u00e4ge u.a. zu:<\/h2>\n<ul>\n<li><strong>Honda C 77, war mal ein Traumtourer<\/strong> \u2013 Titelstory auf 10 Seiten<\/li>\n<li><strong>Ariel Arrow und Leader<\/strong> \u2013 Zweitakter als Zugnummer \u2013 die Restauration hat sich gelohnt, sch\u00f6ner Bericht auf 6 Seiten<\/li>\n<li><strong>Maicoletta 175 und 250<\/strong> \u2013 der Roller rollt \u2013 auf 10 Seiten dieser Oldtimer-Motorradzeitschrift<\/li>\n<li><strong>Kawasaki VN 1500 Drifter, hier in einer Oldtimer-Zeitschrift<\/strong> \u2013 Vorstellung der VN1500 und VN800 auf 4 Seiten<\/li>\n<li><strong>Opel Motorfahrrad<\/strong>\u00a0\u2013 waren und sind wieder begehrt \u2013 Erinnerungen auf 7 Seiten dieser Oldtimer-Motorradzeitung<\/li>\n<li><strong>New Imperial &#8211; JAP: Rennerfolge fast garantiert<\/strong> \u2013 Historisches auf 6 Seiten dieser Oldtimer-Motorradzeitung<\/li>\n<li><strong>Bimota, eine kleine italienische Edelschmiede, 25 Jahre<\/strong> \u2013 Jubil\u00e4ums-Bericht auf 4 Seiten dieser Oldtimer-Motorradzeitung<\/li>\n<li><strong>Kawasaki VN 800 Drifter, hier in einer Oldtimer-Zeitschrift<\/strong> \u2013 Vorstellung der VN1500 und VN800 auf 4 Seiten<\/li>\n<\/ul>\n<h2>\ud83c\udf0d Zustand<\/h2>\n<ul>\n<li>\u2714 Gebraucht, weil gelesen, durchgebl\u00e4ttert oder gestapelt \ud83d\ude09<\/li>\n<li>\u2714 Dem Alter angemessen gut bis sehr gut erhalten<\/li>\n<li>\u2714 Alles original<\/li>\n<li>\u2714 Klebespuren von abgel\u00f6sten Abo-Versandaufklebern k\u00f6nnen vorhanden sein<\/li>\n<\/ul>\n<h2>\ud83d\udce6 Versand &amp; Service<\/h2>\n<ul>\n<li>\u2713 Versand gratis in Deutschland<\/li>\n<li>\u2713 Auf Wunsch auch internationaler Versand<\/li>\n<li>\u2713 Stabil verpackt, damit die Zeitschrift heil bei Ihnen ankommt<\/li>\n<\/ul>\n","protected":false},"excerpt":{"rendered":"<p>Von Honda C 77 \u00fcber Maicoletta 175 und 250 bis Opel Motorfahrrad: Diese Ausgabe steckt voller Modellportr\u00e4ts und Historie. Ein lesenswertes Heft f\u00fcr Fans klassischer Zweir\u00e4der.<\/p>\n","protected":false},"featured_media":3289,"template":"","meta":{"iawp_total_views":2},"product_brand":[],"product_cat":[25],"product_tag":[4203,4204,2314,2315,4188,4200,4201,4202],"class_list":{"0":"post-3362","1":"product","2":"type-product","3":"status-publish","4":"has-post-thumbnail","6":"product_cat-motorrad-classic","7":"product_tag-new-imperial-jap","8":"product_tag-bimota","9":"product_tag-kawasaki-vn-800-drifter","10":"product_tag-kawasaki-vn-1500-drifter","11":"product_tag-honda-c-77","12":"product_tag-ariel-arrow-und-leader","13":"product_tag-opel-motorfahrrad","14":"product_tag-maicoletta-175-und-250","16":"first","17":"instock","18":"shipping-taxable","19":"purchasable","20":"product-type-simple"},"_links":{"self":[{"href":"https:\/\/motorrad-erinnerungen.de\/shop\/wp-json\/wp\/v2\/product\/3362","targetHints":{"allow":["GET"]}}],"collection":[{"href":"https:\/\/motorrad-erinnerungen.de\/shop\/wp-json\/wp\/v2\/product"}],"about":[{"href":"https:\/\/motorrad-erinnerungen.de\/shop\/wp-json\/wp\/v2\/types\/product"}],"wp:featuredmedia":[{"embeddable":true,"href":"https:\/\/motorrad-erinnerungen.de\/shop\/wp-json\/wp\/v2\/media\/3289"}],"wp:attachment":[{"href":"https:\/\/motorrad-erinnerungen.de\/shop\/wp-json\/wp\/v2\/media?parent=3362"}],"wp:term":[{"taxonomy":"product_brand","embeddable":true,"href":"https:\/\/motorrad-erinnerungen.de\/shop\/wp-json\/wp\/v2\/product_brand?post=3362"},{"taxonomy":"product_cat","embeddable":true,"href":"https:\/\/motorrad-erinnerungen.de\/shop\/wp-json\/wp\/v2\/product_cat?post=3362"},{"taxonomy":"product_tag","embeddable":true,"href":"https:\/\/motorrad-erinnerungen.de\/shop\/wp-json\/wp\/v2\/product_tag?post=3362"}],"curies":[{"name":"wp","href":"https:\/\/api.w.org\/{rel}","templated":true}]}}