{"id":3731,"date":"2025-09-10T22:30:11","date_gmt":"2025-09-10T20:30:11","guid":{"rendered":"https:\/\/motorrad-erinnerungen.de\/2026\/produkt\/motorrad-classic-2-2012-maier-karl-der-vierfache-langbahn-weltmeister-imola-renn-boxer-von-helmut-daehne-die-legendaere-formel-750-bmw\/"},"modified":"2026-03-21T16:34:59","modified_gmt":"2026-03-21T15:34:59","slug":"motorrad-classic-2-2012-maier-karl-der-vierfache-langbahn-weltmeister-imola-renn-boxer-von-helmut-daehne-die-legendaere-formel-750-bmw","status":"publish","type":"product","link":"https:\/\/motorrad-erinnerungen.de\/shop\/produkt\/motorrad-classic-2-2012-maier-karl-der-vierfache-langbahn-weltmeister-imola-renn-boxer-von-helmut-daehne-die-legendaere-formel-750-bmw\/","title":{"rendered":"Motorrad Classic 02\/2012 \u2013 Honda XL 600 LM; Yamaha XT 600 T\u00e9n\u00e9r\u00e9"},"content":{"rendered":"<p>Die Zeitschrift (\u201eMOTORRAD CLASSIC 2\/2012\u201c) steht hier zum Verkauf.<\/p>\n<h2>\ud83d\udccc Freuen Sie sich auf interessante Beitr\u00e4ge u.a. zu:<\/h2>\n<ul>\n<li><strong>Maier, Karl, der vierfache Langbahn-Weltmeister<\/strong> \u2013 Portrait in Wort und Bild auf insgesamt 6 Seiten<\/li>\n<li><strong>Imola-Renn-Boxer von Helmut D\u00e4hne, die legend\u00e4re Formel 750-BMW<\/strong> \u2013 Fahrbericht\/Titelstory in Wort und Bild auf insgesamt 10 Seiten<\/li>\n<li><strong>Yamaha RD 350 LC YPVS, ein Klassiker<\/strong> \u2013 Modell Typ 31K \/ YPVS, Vorstellung in Wort und Bild auf insgesamt 8 Seiten<\/li>\n<li><strong>Honda XL 600 LM + Yamaha XT 600 Z T\u00e9n\u00e9r\u00e9<\/strong> \u2013 gemeinsam auf Achse, Vorstellungen in Wort und Bild auf insgesamt 10 Seiten<\/li>\n<li><strong>Horex, ein Renngespann wird restauriert (Teil 4)<\/strong> \u2013 Fortsetzungsgeschichte, Teil 4, in Wort und Bild auf 5 Seiten<\/li>\n<li><strong>Laverda 650 \/ 750, Twins gebraucht kaufen<\/strong> \u2013 Kaufberatung\/Historisches in Wort und Bild auf insgesamt 7 Seiten<\/li>\n<li><strong>Jawa 350, Leser restaurieren selbst<\/strong> \u2013 Erfahrungen in Wort und Bild auf insgesamt 4 Seiten<\/li>\n<li><strong>Kawasaki H2R-Dirt Tracker, das Zweitakt-Experiment<\/strong> \u2013 Erinnerungen in Wort und Bild auf insgesamt 5 Seiten<\/li>\n<\/ul>\n<h2>\ud83c\udf0d Zustand der Zeitschrift<\/h2>\n<ul>\n<li>Gebraucht, weil gelesen, durchgebl\u00e4ttert oder gestapelt \ud83d\ude09<\/li>\n<li>Dem Alter angemessen gut bis sehr gut erhalten<\/li>\n<li>Alles original<\/li>\n<li>Klebespuren von abgel\u00f6sten Abo-Versandaufklebern k\u00f6nnen vorhanden sein<\/li>\n<\/ul>\n<h2>\ud83d\udce6 Versand &amp; Service<\/h2>\n<ul>\n<li>\u2713 Versand gratis in Deutschland<\/li>\n<li>\u2713 Auf Wunsch auch internationaler Versand<\/li>\n<li>\u2713 Stabil verpackt, damit die Zeitschrift heil bei Ihnen ankommt<\/li>\n<\/ul>\n","protected":false},"excerpt":{"rendered":"<p>Im Fokus stehen Honda XL 600 LM, Imola-Renn-Boxer von Helmut D\u00e4hne und Yamaha XT 600 T\u00e9n\u00e9r\u00e9.<\/p>\n","protected":false},"featured_media":3730,"template":"","meta":{"iawp_total_views":1},"product_brand":[],"product_cat":[25],"product_tag":[1641,1853,4080,4722,4920,4925,4926,673,1360,1425],"class_list":{"0":"post-3731","1":"product","2":"type-product","3":"status-publish","4":"has-post-thumbnail","6":"product_cat-motorrad-classic","7":"product_tag-yamaha-xt-600-z-tenere","8":"product_tag-laverda-650","9":"product_tag-laverda-750","10":"product_tag-kawasaki-h2r-dirt-tracker","11":"product_tag-horex-renngespann","12":"product_tag-maier-karl-langbahn-weltmeister","13":"product_tag-imola-renn-boxer-von-helmut-daehne","14":"product_tag-jawa-350","15":"product_tag-yamaha-rd-350-lc-ypvs","16":"product_tag-honda-xl-600-lm","18":"first","19":"instock","20":"shipping-taxable","21":"purchasable","22":"product-type-simple"},"_links":{"self":[{"href":"https:\/\/motorrad-erinnerungen.de\/shop\/wp-json\/wp\/v2\/product\/3731","targetHints":{"allow":["GET"]}}],"collection":[{"href":"https:\/\/motorrad-erinnerungen.de\/shop\/wp-json\/wp\/v2\/product"}],"about":[{"href":"https:\/\/motorrad-erinnerungen.de\/shop\/wp-json\/wp\/v2\/types\/product"}],"wp:featuredmedia":[{"embeddable":true,"href":"https:\/\/motorrad-erinnerungen.de\/shop\/wp-json\/wp\/v2\/media\/3730"}],"wp:attachment":[{"href":"https:\/\/motorrad-erinnerungen.de\/shop\/wp-json\/wp\/v2\/media?parent=3731"}],"wp:term":[{"taxonomy":"product_brand","embeddable":true,"href":"https:\/\/motorrad-erinnerungen.de\/shop\/wp-json\/wp\/v2\/product_brand?post=3731"},{"taxonomy":"product_cat","embeddable":true,"href":"https:\/\/motorrad-erinnerungen.de\/shop\/wp-json\/wp\/v2\/product_cat?post=3731"},{"taxonomy":"product_tag","embeddable":true,"href":"https:\/\/motorrad-erinnerungen.de\/shop\/wp-json\/wp\/v2\/product_tag?post=3731"}],"curies":[{"name":"wp","href":"https:\/\/api.w.org\/{rel}","templated":true}]}}