{"id":3873,"date":"2025-09-11T20:31:37","date_gmt":"2025-09-11T18:31:37","guid":{"rendered":"https:\/\/motorrad-erinnerungen.de\/2026\/produkt\/motorradfahrer-5-1991-test-yamaha-xtz-660-tenere-bsa-yamaha-srx-600-aus-2-hand-gebraucht-kaufen\/"},"modified":"2026-04-04T21:21:55","modified_gmt":"2026-04-04T19:21:55","slug":"motorradfahrer-5-1991-test-yamaha-xtz-660-tenere-bsa-yamaha-srx-600-aus-2-hand-gebraucht-kaufen","status":"publish","type":"product","link":"https:\/\/motorrad-erinnerungen.de\/shop\/produkt\/motorradfahrer-5-1991-test-yamaha-xtz-660-tenere-bsa-yamaha-srx-600-aus-2-hand-gebraucht-kaufen\/","title":{"rendered":"Motorradfahrer 5\/1991 \u2013 Yamaha XTZ 660 T\u00e9n\u00e9r\u00e9; XVZ 12 T Gespann"},"content":{"rendered":"<p>T\u00e9n\u00e9r\u00e9 und Luxusgespann: der <strong>Motorradfahrer Heft 5\/1991<\/strong> mit der Yamaha XTZ 660 T\u00e9n\u00e9r\u00e9 im Test \u2014 plus dem prachtvollen Yamaha XVZ 12 T als Walter-Jewell-Gespann.<\/p>\n<h2>\ud83d\udccc Das steckt drin \u2013 Berichte, Tests und mehr:<\/h2>\n<ul>\n<li><strong>Yamaha XTZ 660 T\u00e9n\u00e9r\u00e9<\/strong> (48 PS) \u2013 Test &amp; Technik, Testbericht auf 4 Seiten<\/li>\n<li><strong>BSA- und Triumph-Dreizylinder \u2013 ein Klassiker, Teil 2<\/strong> \u2013 Erinnerungen und Modellgeschichte auf 3 Seiten<\/li>\n<li><strong>Yamaha SRX 600, gebraucht kaufen<\/strong> \u2013 Gebrauchtkauf-Tipps auf 2 Seiten<\/li>\n<li><strong>Yamaha XVZ 12 T als Walter-Jewell-Gespann<\/strong> \u2013 Gespann-Vorstellung auf 2 Seiten<\/li>\n<\/ul>\n<h2>\ud83c\udf0d Zustand der Zeitschrift<\/h2>\n<ul>\n<li><strong>Gebraucht, weil gelesen, durchgebl\u00e4ttert oder gestapelt \ud83d\ude09<\/strong><\/li>\n<li>dem Alter angemessen gut bis sehr gut erhalten, alles original<\/li>\n<\/ul>\n<h2>\ud83d\udce6 Versand &amp; Service<\/h2>\n<ul>\n<li>\u2713 Versand gratis in Deutschland<\/li>\n<li>\u2713 Auf Wunsch auch internationaler Versand<\/li>\n<li>\u2713 Stabil verpackt, damit die Zeitschrift heil bei Ihnen ankommt<\/li>\n<\/ul>\n","protected":false},"excerpt":{"rendered":"<p>Yamaha XTZ 660 T\u00e9n\u00e9r\u00e9 Test (4 S.) \u2013 plus BSA\/Triumph-Dreizylinder Klassiker Teil 2 (3 S.), Yamaha SRX 600 Gebrauchtkauf (2 S.) und Yamaha XVZ 12 T als Walter-Jewell-Gespann (2 S.).<\/p>\n","protected":false},"featured_media":3872,"template":"","meta":{"iawp_total_views":1},"product_brand":[],"product_cat":[27],"product_tag":[14585,1318,1409,1797,14400,14401],"class_list":{"0":"post-3873","1":"product","2":"type-product","3":"status-publish","4":"has-post-thumbnail","6":"product_cat-motorradfahrer","7":"product_tag-walter-jewell-gespann","8":"product_tag-yamaha-xvz-12-t","9":"product_tag-yamaha-srx-600","10":"product_tag-yamaha-xtz-660-tenere","11":"product_tag-bsa-dreizylinder","12":"product_tag-triumph-dreizylinder","14":"first","15":"instock","16":"shipping-taxable","17":"purchasable","18":"product-type-simple"},"_links":{"self":[{"href":"https:\/\/motorrad-erinnerungen.de\/shop\/wp-json\/wp\/v2\/product\/3873","targetHints":{"allow":["GET"]}}],"collection":[{"href":"https:\/\/motorrad-erinnerungen.de\/shop\/wp-json\/wp\/v2\/product"}],"about":[{"href":"https:\/\/motorrad-erinnerungen.de\/shop\/wp-json\/wp\/v2\/types\/product"}],"wp:featuredmedia":[{"embeddable":true,"href":"https:\/\/motorrad-erinnerungen.de\/shop\/wp-json\/wp\/v2\/media\/3872"}],"wp:attachment":[{"href":"https:\/\/motorrad-erinnerungen.de\/shop\/wp-json\/wp\/v2\/media?parent=3873"}],"wp:term":[{"taxonomy":"product_brand","embeddable":true,"href":"https:\/\/motorrad-erinnerungen.de\/shop\/wp-json\/wp\/v2\/product_brand?post=3873"},{"taxonomy":"product_cat","embeddable":true,"href":"https:\/\/motorrad-erinnerungen.de\/shop\/wp-json\/wp\/v2\/product_cat?post=3873"},{"taxonomy":"product_tag","embeddable":true,"href":"https:\/\/motorrad-erinnerungen.de\/shop\/wp-json\/wp\/v2\/product_tag?post=3873"}],"curies":[{"name":"wp","href":"https:\/\/api.w.org\/{rel}","templated":true}]}}