{"id":3957,"date":"2025-09-11T20:31:56","date_gmt":"2025-09-11T18:31:56","guid":{"rendered":"https:\/\/motorrad-erinnerungen.de\/2026\/produkt\/motorradfahrer-11-1994-kawasaki-el-250-suzuki-gn-250-yamaha-xv-250-virago-test-bmw-r-1100-r\/"},"modified":"2026-04-03T21:56:44","modified_gmt":"2026-04-03T19:56:44","slug":"motorradfahrer-11-1994-kawasaki-el-250-suzuki-gn-250-yamaha-xv-250-virago-test-bmw-r-1100-r","status":"publish","type":"product","link":"https:\/\/motorrad-erinnerungen.de\/shop\/produkt\/motorradfahrer-11-1994-kawasaki-el-250-suzuki-gn-250-yamaha-xv-250-virago-test-bmw-r-1100-r\/","title":{"rendered":"Motorradfahrer 11\/1994 \u2013 250er-Vergleich: Kawasaki EL 250; Suzuki GN 250; Yamaha XV 250; BMW R 1100 R"},"content":{"rendered":"<p>Der gro\u00dfe 250er-Vergleich und Premium-Technik: der <strong>Motorradfahrer 11\/1994<\/strong> mit Tipps f\u00fcr Einsteiger und Erfahrene.<\/p>\n<h2>\ud83d\udccc Inhaltlich bietet das Heft unter anderem folgende Themen:<\/h2>\n<ul>\n<li><strong>Kawasaki EL 250 vs. Suzuki GN 250 vs. Yamaha XV 250 Virago<\/strong> \u2013 Vergleichstest 250er-Cruiser (27\/17\/22 PS), Testbericht auf 5 Seiten<\/li>\n<li><strong>BMW R 1100 R<\/strong> (80 PS) \u2013 Test &amp; Technik, Testbericht auf 4 Seiten<\/li>\n<li><strong>Yamaha TDM 850 vs. Yamaha XTZ 750 Super T\u00e9n\u00e9r\u00e9<\/strong> \u2013 Vergleichstest Reiseenduro (77 PS vs. 69 PS), Testbericht auf 5 Seiten<\/li>\n<li><strong>Kawasaki Zephyr 750, gebraucht kaufen<\/strong> \u2013 Gebrauchtkauf-Tipps auf 2 Seiten<\/li>\n<li><strong>Suzuki DR 350 mit Reisezubeh\u00f6r<\/strong> \u2013 Optimierungs-Tipps auf 2 Seiten<\/li>\n<li><strong>Suzuki VS 800 Intruder als GP Maxi-Gespann<\/strong> \u2013 Gespann-Vorstellung auf 2 Seiten<\/li>\n<\/ul>\n<h2>\ud83c\udf0d Zustand der Zeitschrift<\/h2>\n<p><strong>Gebraucht, weil gelesen, durchgebl\u00e4ttert oder gestapelt \ud83d\ude09<\/strong> dem Alter angemessen gut bis sehr gut erhalten. Alles original, Klebespuren von abgel\u00f6sten Abo-Versandaufklebern k\u00f6nnen vorhanden sein.<\/p>\n<h2>\ud83d\udce6 Versand &amp; Service<\/h2>\n<ul>\n<li>\u2713 Versand gratis in Deutschland<\/li>\n<li>\u2713 Auf Wunsch auch internationaler Versand<\/li>\n<li>\u2713 Stabil verpackt, damit die Zeitschrift heil bei Ihnen ankommt<\/li>\n<\/ul>\n","protected":false},"excerpt":{"rendered":"<p>Drei Einsteiger-Bikes im direkten Vergleich: Kawasaki EL 250, Suzuki GN 250 und Yamaha XV 250 Virago auf 5 Seiten \u2013 plus BMW R 1100 R Test.<\/p>\n","protected":false},"featured_media":3956,"template":"","meta":{"iawp_total_views":1},"product_brand":[],"product_cat":[27],"product_tag":[1839,1912,1993,2066,1677,1698,1699,1784,1787],"class_list":{"0":"post-3957","1":"product","2":"type-product","3":"status-publish","4":"has-post-thumbnail","6":"product_cat-motorradfahrer","7":"product_tag-suzuki-vs-800-intruder","8":"product_tag-suzuki-gn-250","9":"product_tag-bmw-r-1100-r","10":"product_tag-suzuki-dr-350","11":"product_tag-yamaha-xtz-750-super-tenere","12":"product_tag-yamaha-xv-250-virago","13":"product_tag-kawasaki-el-250","14":"product_tag-kawasaki-zephyr-750","15":"product_tag-yamaha-tdm-850","17":"first","18":"instock","19":"shipping-taxable","20":"purchasable","21":"product-type-simple"},"_links":{"self":[{"href":"https:\/\/motorrad-erinnerungen.de\/shop\/wp-json\/wp\/v2\/product\/3957","targetHints":{"allow":["GET"]}}],"collection":[{"href":"https:\/\/motorrad-erinnerungen.de\/shop\/wp-json\/wp\/v2\/product"}],"about":[{"href":"https:\/\/motorrad-erinnerungen.de\/shop\/wp-json\/wp\/v2\/types\/product"}],"wp:featuredmedia":[{"embeddable":true,"href":"https:\/\/motorrad-erinnerungen.de\/shop\/wp-json\/wp\/v2\/media\/3956"}],"wp:attachment":[{"href":"https:\/\/motorrad-erinnerungen.de\/shop\/wp-json\/wp\/v2\/media?parent=3957"}],"wp:term":[{"taxonomy":"product_brand","embeddable":true,"href":"https:\/\/motorrad-erinnerungen.de\/shop\/wp-json\/wp\/v2\/product_brand?post=3957"},{"taxonomy":"product_cat","embeddable":true,"href":"https:\/\/motorrad-erinnerungen.de\/shop\/wp-json\/wp\/v2\/product_cat?post=3957"},{"taxonomy":"product_tag","embeddable":true,"href":"https:\/\/motorrad-erinnerungen.de\/shop\/wp-json\/wp\/v2\/product_tag?post=3957"}],"curies":[{"name":"wp","href":"https:\/\/api.w.org\/{rel}","templated":true}]}}