{"id":3980,"date":"2025-09-11T21:43:58","date_gmt":"2025-09-11T19:43:58","guid":{"rendered":"https:\/\/motorrad-erinnerungen.de\/2026\/produkt\/motorradfahrer-9-1995-ducati-monster-600-suzuki-gsf-600-bandit-test-aprilia-moto-6-5-test-suzuki-dr-125-se\/"},"modified":"2026-04-03T22:24:03","modified_gmt":"2026-04-03T20:24:03","slug":"motorradfahrer-9-1995-ducati-monster-600-suzuki-gsf-600-bandit-test-aprilia-moto-6-5-test-suzuki-dr-125-se","status":"publish","type":"product","link":"https:\/\/motorrad-erinnerungen.de\/shop\/produkt\/motorradfahrer-9-1995-ducati-monster-600-suzuki-gsf-600-bandit-test-aprilia-moto-6-5-test-suzuki-dr-125-se\/","title":{"rendered":"Motorradfahrer 9\/1995 \u2013 Ducati Monster 600 vs. Suzuki GSF 600 Bandit"},"content":{"rendered":"<p>Italian Flair gegen japanische Pr\u00e4zision: der <strong>Motorradfahrer 9\/1995<\/strong> mit einem Duell, das Ma\u00dfst\u00e4be setzt.<\/p>\n<h2>\ud83d\udccc Inhaltlich bietet das Heft unter anderem folgende Themen:<\/h2>\n<ul>\n<li><strong>Ducati Monster 600 vs. Suzuki GSF 600 Bandit<\/strong> \u2013 Naked-Bike-Duell (53 PS vs. 78 PS), Testbericht auf 5 Seiten<\/li>\n<li><strong>Aprilia Moto 6.5<\/strong> (42 PS) \u2013 Test &amp; Technik, Testbericht auf 3 Seiten<\/li>\n<li><strong>Suzuki DR 125 SE<\/strong> (12,5 PS) \u2013 Test &amp; Technik, Testbericht auf 3 Seiten<\/li>\n<li><strong>Jawa 250 Master<\/strong> (24,5 PS) \u2013 Probefahrt, Fahrbericht auf 1 Seite<\/li>\n<li><strong>Kawasaki GTR 1000<\/strong> (92 PS) \u2013 Kurz-Test auf 1 Seite<\/li>\n<li><strong>Yamaha XTZ 660 T\u00e9n\u00e9r\u00e9, gebraucht kaufen<\/strong> \u2013 Gebrauchtkauf-Tipps auf 2 Seiten<\/li>\n<li><strong>BMW R 100 R als Kalich-CSS-Gespann<\/strong> \u2013 Gespann-Vorstellung auf 2 Seiten<\/li>\n<\/ul>\n<h2>\ud83c\udf0d Zustand der Zeitschrift<\/h2>\n<p><strong>Gebraucht, weil gelesen, durchgebl\u00e4ttert oder gestapelt \ud83d\ude09<\/strong> dem Alter angemessen gut bis sehr gut erhalten. Alles original, Klebespuren von abgel\u00f6sten Abo-Versandaufklebern k\u00f6nnen vorhanden sein.<\/p>\n<h2>\ud83d\udce6 Versand &amp; Service<\/h2>\n<ul>\n<li>\u2713 Versand gratis in Deutschland<\/li>\n<li>\u2713 Auf Wunsch auch internationaler Versand<\/li>\n<li>\u2713 Stabil verpackt, damit die Zeitschrift heil bei Ihnen ankommt<\/li>\n<\/ul>\n","protected":false},"excerpt":{"rendered":"<p>Duell der Kultbikes: Ducati Monster 600 gegen Suzuki GSF 600 Bandit auf 5 Seiten \u2013 plus Aprilia Moto 6.5 Test, Suzuki DR 125 SE und Kawasaki GTR 1000.<\/p>\n","protected":false},"featured_media":3979,"template":"","meta":{"iawp_total_views":0},"product_brand":[],"product_cat":[27],"product_tag":[1463,1797,1828,1964,2009,2139,2343,5013,14461],"class_list":{"0":"post-3980","1":"product","2":"type-product","3":"status-publish","4":"has-post-thumbnail","6":"product_cat-motorradfahrer","7":"product_tag-kawasaki-gtr-1000","8":"product_tag-yamaha-xtz-660-tenere","9":"product_tag-bmw-r-100-r","10":"product_tag-ducati-monster-600","11":"product_tag-suzuki-gsf-600-bandit","12":"product_tag-aprilia-moto-6-5","13":"product_tag-suzuki-dr-125-se","14":"product_tag-jawa-250-master","15":"product_tag-kalich-css-gespann","17":"first","18":"instock","19":"shipping-taxable","20":"purchasable","21":"product-type-simple"},"_links":{"self":[{"href":"https:\/\/motorrad-erinnerungen.de\/shop\/wp-json\/wp\/v2\/product\/3980","targetHints":{"allow":["GET"]}}],"collection":[{"href":"https:\/\/motorrad-erinnerungen.de\/shop\/wp-json\/wp\/v2\/product"}],"about":[{"href":"https:\/\/motorrad-erinnerungen.de\/shop\/wp-json\/wp\/v2\/types\/product"}],"wp:featuredmedia":[{"embeddable":true,"href":"https:\/\/motorrad-erinnerungen.de\/shop\/wp-json\/wp\/v2\/media\/3979"}],"wp:attachment":[{"href":"https:\/\/motorrad-erinnerungen.de\/shop\/wp-json\/wp\/v2\/media?parent=3980"}],"wp:term":[{"taxonomy":"product_brand","embeddable":true,"href":"https:\/\/motorrad-erinnerungen.de\/shop\/wp-json\/wp\/v2\/product_brand?post=3980"},{"taxonomy":"product_cat","embeddable":true,"href":"https:\/\/motorrad-erinnerungen.de\/shop\/wp-json\/wp\/v2\/product_cat?post=3980"},{"taxonomy":"product_tag","embeddable":true,"href":"https:\/\/motorrad-erinnerungen.de\/shop\/wp-json\/wp\/v2\/product_tag?post=3980"}],"curies":[{"name":"wp","href":"https:\/\/api.w.org\/{rel}","templated":true}]}}