{"id":4653,"date":"2025-09-12T10:52:27","date_gmt":"2025-09-12T08:52:27","guid":{"rendered":"https:\/\/motorrad-erinnerungen.de\/2026\/produkt\/motorradfahrer-3-2009-yamaha-yzf-r1-mit-1339-kw-182-ps-test-suzuki-gladius-mit-53-kw-72-ps-test-technik\/"},"modified":"2026-04-14T23:02:47","modified_gmt":"2026-04-14T21:02:47","slug":"motorradfahrer-3-2009-yamaha-yzf-r1-mit-1339-kw-182-ps-test-suzuki-gladius-mit-53-kw-72-ps-test-technik","status":"publish","type":"product","link":"https:\/\/motorrad-erinnerungen.de\/shop\/produkt\/motorradfahrer-3-2009-yamaha-yzf-r1-mit-1339-kw-182-ps-test-suzuki-gladius-mit-53-kw-72-ps-test-technik\/","title":{"rendered":"Motorradfahrer 3\/2009 \u2013 Ducati 848 vs. Suzuki GSX-R 750"},"content":{"rendered":"<p>Sport-Duell und Enduro-Gebrauchtstipps: der <strong>Motorradfahrer Heft 3\/2009<\/strong> mit dem Ducati-848-vs.-GSX-R-750-Vergleich und einem gro\u00dfen 6-Modelle-Reise-Enduro-Secondhand-Spezial.<\/p>\n<h2>\ud83d\udccc Das steckt drin \u2013 Berichte, Tests und mehr:<\/h2>\n<ul>\n<li><strong>Ducati 848 vs. Suzuki GSX-R 750<\/strong> \u2013 Sport-Duell (125 PS vs. 150 PS), Testbericht auf 7 Seiten<\/li>\n<li><strong>Yamaha YZF-R1<\/strong> (182 PS) \u2013 Test &amp; Technik, Fahrbericht auf 3 Seiten<\/li>\n<li><strong>Suzuki Gladius<\/strong> (72 PS) + <strong>Yamaha XJ6 \/ XJ6 Diversion<\/strong> (78 PS) \u2013 Neuvorstellungen, je 3 Seiten<\/li>\n<li><strong>Honda Shadow 750<\/strong> (46 PS) \u2013 Testbericht auf 4 Seiten<\/li>\n<li><strong>6-Bike-Enduro-Secondhand-Spezial<\/strong>: BMW R 80 GS, BMW F 650 GS\/Dakar, Honda XL 650 V Transalp, Suzuki DL 650 V-Strom, Yamaha XTZ 660 T\u00e9n\u00e9r\u00e9 \u2013 je 1 Seite<\/li>\n<li><strong>Kawasaki Versys Zubeh\u00f6r-Spezial<\/strong> \u2013 Tipps auf 6 Seiten<\/li>\n<\/ul>\n<h2>\ud83c\udf0d Zustand der Zeitschrift<\/h2>\n<ul>\n<li><strong>Gebraucht, weil gelesen, durchgebl\u00e4ttert oder gestapelt \ud83d\ude09<\/strong><\/li>\n<li>dem Alter angemessen gut bis sehr gut erhalten, alles original<\/li>\n<\/ul>\n<h2>\ud83d\udce6 Versand &amp; Service<\/h2>\n<ul>\n<li>\u2713 Versand gratis in Deutschland<\/li>\n<li>\u2713 Auf Wunsch auch internationaler Versand<\/li>\n<li>\u2713 Stabil verpackt, damit die Zeitschrift heil bei Ihnen ankommt<\/li>\n<\/ul>\n","protected":false},"excerpt":{"rendered":"<p>Ducati 848 vs. Suzuki GSX-R 750 Sport-Duell (7 S.) und 6-Bike-Enduro-Secondhand-Spezial (BMW R 80 GS, F 650 GS, Honda Transalp, V-Strom, T\u00e9n\u00e9r\u00e9) \u2013 plus Yamaha YZF-R1 Test (3 S.), Suzuki Gladius Test (3 S.) und Kawasaki Versys Zubeh\u00f6r-Spezial.<\/p>\n","protected":false},"featured_media":4308,"template":"","meta":{"iawp_total_views":0},"product_brand":[],"product_cat":[27],"product_tag":[3095,3218,850,3237,1387,3298,1797,2218,2357,2393,2403,2719,2750],"class_list":{"0":"post-4653","1":"product","2":"type-product","3":"status-publish","4":"has-post-thumbnail","6":"product_cat-motorradfahrer","7":"product_tag-ducati-848","8":"product_tag-yamaha-xj6","9":"product_tag-bmw-r-80-gs","10":"product_tag-yamaha-xj6-diversion","11":"product_tag-suzuki-gsx-r-750","12":"product_tag-suzuki-gladius","13":"product_tag-yamaha-xtz-660-tenere","14":"product_tag-yamaha-yzf-r1","15":"product_tag-honda-xl-650-v-transalp","16":"product_tag-bmw-f-650-gs","17":"product_tag-bmw-f-650-gs-dakar","18":"product_tag-suzuki-dl-650-v-strom","19":"product_tag-honda-shadow-750","21":"first","22":"instock","23":"shipping-taxable","24":"purchasable","25":"product-type-simple"},"_links":{"self":[{"href":"https:\/\/motorrad-erinnerungen.de\/shop\/wp-json\/wp\/v2\/product\/4653","targetHints":{"allow":["GET"]}}],"collection":[{"href":"https:\/\/motorrad-erinnerungen.de\/shop\/wp-json\/wp\/v2\/product"}],"about":[{"href":"https:\/\/motorrad-erinnerungen.de\/shop\/wp-json\/wp\/v2\/types\/product"}],"wp:featuredmedia":[{"embeddable":true,"href":"https:\/\/motorrad-erinnerungen.de\/shop\/wp-json\/wp\/v2\/media\/4308"}],"wp:attachment":[{"href":"https:\/\/motorrad-erinnerungen.de\/shop\/wp-json\/wp\/v2\/media?parent=4653"}],"wp:term":[{"taxonomy":"product_brand","embeddable":true,"href":"https:\/\/motorrad-erinnerungen.de\/shop\/wp-json\/wp\/v2\/product_brand?post=4653"},{"taxonomy":"product_cat","embeddable":true,"href":"https:\/\/motorrad-erinnerungen.de\/shop\/wp-json\/wp\/v2\/product_cat?post=4653"},{"taxonomy":"product_tag","embeddable":true,"href":"https:\/\/motorrad-erinnerungen.de\/shop\/wp-json\/wp\/v2\/product_tag?post=4653"}],"curies":[{"name":"wp","href":"https:\/\/api.w.org\/{rel}","templated":true}]}}