{"id":4657,"date":"2025-09-12T10:52:28","date_gmt":"2025-09-12T08:52:28","guid":{"rendered":"https:\/\/motorrad-erinnerungen.de\/2026\/produkt\/motorradfahrer-7-2009-benelli-tre-899-k-mit-78-kw-106-ps-test-kawasaki-vn-1700-classic-tourer-mit-54-kw-73-ps-test-technik\/"},"modified":"2026-04-14T23:02:47","modified_gmt":"2026-04-14T21:02:47","slug":"motorradfahrer-7-2009-benelli-tre-899-k-mit-78-kw-106-ps-test-kawasaki-vn-1700-classic-tourer-mit-54-kw-73-ps-test-technik","status":"publish","type":"product","link":"https:\/\/motorrad-erinnerungen.de\/shop\/produkt\/motorradfahrer-7-2009-benelli-tre-899-k-mit-78-kw-106-ps-test-kawasaki-vn-1700-classic-tourer-mit-54-kw-73-ps-test-technik\/","title":{"rendered":"Motorradfahrer 7\/2009 \u2013 Honda CBF 600 S gro\u00dfes Zubeh\u00f6r-Spezial"},"content":{"rendered":"<p>Zubeh\u00f6r-Spezial: der <strong>Motorradfahrer Heft 7\/2009<\/strong> mit dem gro\u00dfen 9-Seiten-Zubeh\u00f6rtest f\u00fcr die Honda CBF 600 S \u2014 plus ein 5-Modelle-Freizeitsportler-Gebrauchtspezial.<\/p>\n<h2>\ud83d\udccc Das steckt drin \u2013 Berichte, Tests und mehr:<\/h2>\n<ul>\n<li><strong>Honda CBF 600 S Zubeh\u00f6r-Spezial<\/strong> \u2013 ausf\u00fchrlicher Zubeh\u00f6rtest auf 9 Seiten<\/li>\n<li><strong>5-Bike-Freizeitsportler-Secondhand-Spezial<\/strong>: Honda VFR 800, Kawasaki ZR-7 S, Suzuki SV 650 S, Yamaha FZS 600 Fazer, Yamaha TRX 850 \u2013 je 1 Seite<\/li>\n<li><strong>Kawasaki VN 1700 Classic Tourer<\/strong> (73 PS) \u2013 Fahrbericht auf 4 Seiten<\/li>\n<li><strong>Triumph Thunderbird<\/strong> (85 PS) \u2013 Fahrbericht auf 3 Seiten<\/li>\n<li><strong>Benelli Tre 899 K<\/strong> (106 PS) \u2013 Fahrbericht auf 3 Seiten<\/li>\n<li><strong>Touren-Tipps<\/strong>: Niederrhein (4 S.) + Mallorca-Enduro-Rundreise (6 S.)<\/li>\n<\/ul>\n<h2>\ud83c\udf0d Zustand der Zeitschrift<\/h2>\n<ul>\n<li><strong>Gebraucht, weil gelesen, durchgebl\u00e4ttert oder gestapelt \ud83d\ude09<\/strong><\/li>\n<li>dem Alter angemessen gut bis sehr gut erhalten, alles original<\/li>\n<\/ul>\n<h2>\ud83d\udce6 Versand &amp; Service<\/h2>\n<ul>\n<li>\u2713 Versand gratis in Deutschland<\/li>\n<li>\u2713 Auf Wunsch auch internationaler Versand<\/li>\n<li>\u2713 Stabil verpackt, damit die Zeitschrift heil bei Ihnen ankommt<\/li>\n<\/ul>\n","protected":false},"excerpt":{"rendered":"<p>Honda CBF 600 S gro\u00dfes Zubeh\u00f6r-Spezial (9 S.) und 5-Bike-Freizeitsportler-Gebrauchtspezial (VFR, ZR-7 S, SV 650 S, FZS 600, TRX 850) \u2013 plus Triumph Thunderbird Test (3 S.), Kawasaki VN 1700 Classic Tourer Test (4 S.) und Mallorca-Reisebericht.<\/p>\n","protected":false},"featured_media":4316,"template":"","meta":{"iawp_total_views":2},"product_brand":[],"product_cat":[27],"product_tag":[2217,2219,2306,2457,2602,2728,3233,3282,5219],"class_list":{"0":"post-4657","1":"product","2":"type-product","3":"status-publish","4":"has-post-thumbnail","6":"product_cat-motorradfahrer","7":"product_tag-honda-vfr-800","8":"product_tag-yamaha-fzs-600-fazer","9":"product_tag-suzuki-sv-650-s","10":"product_tag-kawasaki-zr-7-s","11":"product_tag-honda-vfr","12":"product_tag-honda-cbf-600-s","13":"product_tag-benelli-tre-899-k","14":"product_tag-triumph-thunderbird","15":"product_tag-kawasaki-vn-1700-classic-tourer","17":"first","18":"instock","19":"shipping-taxable","20":"purchasable","21":"product-type-simple"},"_links":{"self":[{"href":"https:\/\/motorrad-erinnerungen.de\/shop\/wp-json\/wp\/v2\/product\/4657","targetHints":{"allow":["GET"]}}],"collection":[{"href":"https:\/\/motorrad-erinnerungen.de\/shop\/wp-json\/wp\/v2\/product"}],"about":[{"href":"https:\/\/motorrad-erinnerungen.de\/shop\/wp-json\/wp\/v2\/types\/product"}],"wp:featuredmedia":[{"embeddable":true,"href":"https:\/\/motorrad-erinnerungen.de\/shop\/wp-json\/wp\/v2\/media\/4316"}],"wp:attachment":[{"href":"https:\/\/motorrad-erinnerungen.de\/shop\/wp-json\/wp\/v2\/media?parent=4657"}],"wp:term":[{"taxonomy":"product_brand","embeddable":true,"href":"https:\/\/motorrad-erinnerungen.de\/shop\/wp-json\/wp\/v2\/product_brand?post=4657"},{"taxonomy":"product_cat","embeddable":true,"href":"https:\/\/motorrad-erinnerungen.de\/shop\/wp-json\/wp\/v2\/product_cat?post=4657"},{"taxonomy":"product_tag","embeddable":true,"href":"https:\/\/motorrad-erinnerungen.de\/shop\/wp-json\/wp\/v2\/product_tag?post=4657"}],"curies":[{"name":"wp","href":"https:\/\/api.w.org\/{rel}","templated":true}]}}