{"id":4660,"date":"2025-09-12T10:52:29","date_gmt":"2025-09-12T08:52:29","guid":{"rendered":"https:\/\/motorrad-erinnerungen.de\/2026\/produkt\/motorradfahrer-10-2009-suzuki-b-king-hier-von-lkm-veredelt-yamaha-xt-660-z-tenere-mit-356-kw-484-ps-test-technik\/"},"modified":"2026-04-04T20:18:52","modified_gmt":"2026-04-04T18:18:52","slug":"motorradfahrer-10-2009-suzuki-b-king-hier-von-lkm-veredelt-yamaha-xt-660-z-tenere-mit-356-kw-484-ps-test-technik","status":"publish","type":"product","link":"https:\/\/motorrad-erinnerungen.de\/shop\/produkt\/motorradfahrer-10-2009-suzuki-b-king-hier-von-lkm-veredelt-yamaha-xt-660-z-tenere-mit-356-kw-484-ps-test-technik\/","title":{"rendered":"Motorradfahrer 10\/2009 \u2013 YZF-R6 vs. GSX-R 750 vs. ZX-10R"},"content":{"rendered":"<p>Landstra\u00dfen-Konzeptvergleich: der <strong>Motorradfahrer Heft 10\/2009<\/strong> mit dem Dreikampf Yamaha R6 gegen Suzuki GSX-R 750 gegen Kawasaki ZX-10R auf der Landstra\u00dfe \u2014 auf 9 Seiten.<\/p>\n<h2>\ud83d\udccc Das steckt drin \u2013 Berichte, Tests und mehr:<\/h2>\n<ul>\n<li><strong>Yamaha YZF-R6 vs. Suzuki GSX-R 750 vs. Kawasaki ZX-10R Ninja<\/strong> \u2013 Landstra\u00dfen-Konzeptvergleich (129\/150\/188 PS), Testbericht auf 9 Seiten<\/li>\n<li><strong>Honda DN-01<\/strong> (61 PS) \u2013 Intensivtest auf 6 Seiten<\/li>\n<li><strong>Kawasaki ER-6n als LSL Caf\u00e9-Racer<\/strong> \u2013 Umbau-Testbericht auf 5 Seiten<\/li>\n<li><strong>Yamaha XT 660 Z T\u00e9n\u00e9r\u00e9<\/strong> (48,4 PS) \u2013 Testbericht auf 4 Seiten<\/li>\n<li><strong>Honda CBF 1000 Zubeh\u00f6r-Spezial Teil 1<\/strong> \u2013 auf 6 Seiten<\/li>\n<li><strong>Suzuki Bandit-Dreier-Secondhand-Spezial<\/strong>: GSF 600, GSF 650, GSF 1200 \u2013 je auf 3 Seiten gesamt<\/li>\n<\/ul>\n<h2>\ud83c\udf0d Zustand der Zeitschrift<\/h2>\n<ul>\n<li><strong>Gebraucht, weil gelesen, durchgebl\u00e4ttert oder gestapelt \ud83d\ude09<\/strong><\/li>\n<li>dem Alter angemessen gut bis sehr gut erhalten, alles original<\/li>\n<\/ul>\n<h2>\ud83d\udce6 Versand &amp; Service<\/h2>\n<ul>\n<li>\u2713 Versand gratis in Deutschland<\/li>\n<li>\u2713 Auf Wunsch auch internationaler Versand<\/li>\n<li>\u2713 Stabil verpackt, damit die Zeitschrift heil bei Ihnen ankommt<\/li>\n<\/ul>\n","protected":false},"excerpt":{"rendered":"<p>Landstra\u00dfen-Dreikampf Yamaha YZF-R6 vs. Suzuki GSX-R 750 vs. Kawasaki ZX-10R Ninja (9 S.) und Honda DN-01 Intensivtest (6 S.) \u2013 plus Kawasaki ER-6n als LSL Caf\u00e9-Racer (5 S.), Suzuki Bandit-Dreier-Gebrauchtspezial und Honda CBF 1000 Zubeh\u00f6r-Spezial Teil 1.<\/p>\n","protected":false},"featured_media":4322,"template":"","meta":{"iawp_total_views":7},"product_brand":[],"product_cat":[27],"product_tag":[2726,2948,3127,3133,3137,3192,5227,5228,5229,1387,5259,2279],"class_list":{"0":"post-4660","1":"product","2":"type-product","3":"status-publish","4":"has-post-thumbnail","6":"product_cat-motorradfahrer","7":"product_tag-kawasaki-zx-10r-ninja","8":"product_tag-honda-cbf-1000","9":"product_tag-honda-innova-125","10":"product_tag-yamaha-xt-660-z-tenere","11":"product_tag-honda-dn-01","12":"product_tag-honda-cbf-125","13":"product_tag-suzuki-gsf-600-s-bandit-2","14":"product_tag-suzuki-gsf-650-s-bandit","15":"product_tag-suzuki-gsf-1200-s-bandit-2","16":"product_tag-suzuki-gsx-r-750","17":"product_tag-lsl-kawasaki-er-6n","18":"product_tag-yamaha-yzf-r6","20":"first","21":"instock","22":"shipping-taxable","23":"purchasable","24":"product-type-simple"},"_links":{"self":[{"href":"https:\/\/motorrad-erinnerungen.de\/shop\/wp-json\/wp\/v2\/product\/4660","targetHints":{"allow":["GET"]}}],"collection":[{"href":"https:\/\/motorrad-erinnerungen.de\/shop\/wp-json\/wp\/v2\/product"}],"about":[{"href":"https:\/\/motorrad-erinnerungen.de\/shop\/wp-json\/wp\/v2\/types\/product"}],"wp:featuredmedia":[{"embeddable":true,"href":"https:\/\/motorrad-erinnerungen.de\/shop\/wp-json\/wp\/v2\/media\/4322"}],"wp:attachment":[{"href":"https:\/\/motorrad-erinnerungen.de\/shop\/wp-json\/wp\/v2\/media?parent=4660"}],"wp:term":[{"taxonomy":"product_brand","embeddable":true,"href":"https:\/\/motorrad-erinnerungen.de\/shop\/wp-json\/wp\/v2\/product_brand?post=4660"},{"taxonomy":"product_cat","embeddable":true,"href":"https:\/\/motorrad-erinnerungen.de\/shop\/wp-json\/wp\/v2\/product_cat?post=4660"},{"taxonomy":"product_tag","embeddable":true,"href":"https:\/\/motorrad-erinnerungen.de\/shop\/wp-json\/wp\/v2\/product_tag?post=4660"}],"curies":[{"name":"wp","href":"https:\/\/api.w.org\/{rel}","templated":true}]}}