{"id":5126,"date":"2025-09-12T20:59:37","date_gmt":"2025-09-12T18:59:37","guid":{"rendered":"https:\/\/motorrad-erinnerungen.de\/2026\/produkt\/motorrad-news-12-2011-husqvarna-nuda-900-r-mit-77-kw-105-ps-test-kawasaki-versys-1000-mit-87-kw-118-ps-als-neuheit-fuer-2012-honda-crosstourer-mit-95-kw-129-ps-als-neuhei\/"},"modified":"2025-09-12T21:05:10","modified_gmt":"2025-09-12T19:05:10","slug":"motorrad-news-12-2011-husqvarna-nuda-900-r-mit-77-kw-105-ps-test-kawasaki-versys-1000-mit-87-kw-118-ps-als-neuheit-fuer-2012-honda-crosstourer-mit-95-kw-129-ps-als-neuhei","status":"publish","type":"product","link":"https:\/\/motorrad-erinnerungen.de\/shop\/produkt\/motorrad-news-12-2011-husqvarna-nuda-900-r-mit-77-kw-105-ps-test-kawasaki-versys-1000-mit-87-kw-118-ps-als-neuheit-fuer-2012-honda-crosstourer-mit-95-kw-129-ps-als-neuhei\/","title":{"rendered":"MOTORRAD NEWS 12\/2011 \u2013 Husqvarna Nuda 900 \/ R mit 77 kW (105 PS) Test &#038; Technik; Kawasaki Versys 1000 mit 87 kW (118 PS) als Neuheit f\u00fcr 2012; Honda Crosstourer mit 95 kW (129 PS) als Neuheit f\u00fcr 2012"},"content":{"rendered":"<p>Hier k\u00f6nnen Sie die Motorrad-Zeitschrift \u201eMOTORRAD NEWS 12\/2011\u201c erwerben.<\/p>\n<h2>\ud83d\udccc Diese Ausgabe behandelt unter anderem folgende Themen\/Berichte:<\/h2>\n<ul>\n<li><strong>Husqvarna Nuda 900<\/strong> \/ R mit 77 kW (105 PS) Test &amp; Technik \u2013 Fahrbericht in Wort und Bild auf 3 Seiten dieser Zeitung<\/li>\n<li><strong>Kawasaki Versys 1000<\/strong> mit 87 kW (118 PS) als Neuheit f\u00fcr 2012 \u2013 Vorstellung in Wort und Bild auf 1 Seite dieser Zeitung<\/li>\n<li><strong>Honda Crosstourer<\/strong> mit 95 kW (129 PS) als Neuheit f\u00fcr 2012 \u2013 Vorstellung in Wort und Bild auf 1 Seite dieser Zeitung<\/li>\n<li><strong>Honda NC 700 S<\/strong> mit 35 kW (48 PS) als Neuheit f\u00fcr 2012 \u2013 Vorstellung in Wort und Bild auf 1 Seite dieser Zeitung<\/li>\n<li><strong>BMW S 1000 RR<\/strong> mit 142 kW (193 PS) Modell 2012 \u2013 Fahrbericht in Wort und Bild auf 3 Seiten dieser Zeitung<\/li>\n<li><strong>Suzuki GSX-R 1000<\/strong> mit 136 kW (185 PS) Modell 2012 \u2013 Vorstellung in Wort und Bild auf 1 Seite dieser Zeitung<\/li>\n<li><strong>Kawasaki ER-6n<\/strong> mit 53 kW (72 PS) Modell 2012 \u2013 Fahrbericht in Wort und Bild auf 3 Seiten dieser Zeitung<\/li>\n<li><strong>KTM Freeride 350<\/strong> mit 17 kW (23 PS) als Neuheit f\u00fcr 2012 \u2013 Vorstellung in Wort und Bild auf 1 Seite dieser Zeitung<\/li>\n<li><strong>BMW G 650 GS Sertao<\/strong> mit 35 kW (48 PS) Modell 2012 \u2013 Vorstellung in Wort und Bild auf 1 Seite dieser Zeitung<\/li>\n<li><strong>BMW C 600 Sport \/ 650 GT<\/strong> mit 44 kW (60 PS) Modell 2012 \u2013 Vorstellung in Wort und Bild auf 1 Seite dieser Zeitung<\/li>\n<li><strong>Yamaha YZF-R1<\/strong> mit 133,9 kW 182 PS) Modell 2012 \u2013 Fahrbericht in Wort und Bild auf 3 Seiten dieser Zeitung<\/li>\n<li><strong>Suzuki GS 550 M Katana<\/strong> mit 37 kW (50 PS) im R\u00fcckblick \u2013 Erinnerungen\/Gebrauchtkauftipps in Wort und Bild auf 2 Seiten dieser Zeitung<\/li>\n<li><strong>Harley-Davidson Dyna Switchback<\/strong> mit 56 kW (76 PS) im MAXI-Test \u2013 Testbericht in Wort und Bild auf 6 Seiten dieser Zeitung<\/li>\n<li><strong>Suzuki Intruder M 800<\/strong>, im Detail optimiert \u2013 Zubeh\u00f6r-Tipps in Wort und Bild auf 2 Seiten dieser Zeitung<\/li>\n<li><strong>Suzuki Bandit 1250<\/strong>, ab Modell 2007, gebraucht kaufen \u2013 Gebrauchtkauf-Tipps in Wort und Bild auf 3 Seiten dieser Zeitung<\/li>\n<li><strong>Bimota KB1<\/strong> mit 69 kW (94 PS) wird hier als Meilenstein vorgestellt \u2013 Erinnerungen in Wort und Bild auf 5 Seiten dieser Zeitung<\/li>\n<\/ul>\n<h2>\ud83d\udce6 Versand &amp; Service<\/h2>\n<ul>\n<li>\u2713 Versand gratis in Deutschland<\/li>\n<li>\u2713 Auf Wunsch auch internationaler Versand<\/li>\n<li>\u2713 Stabil verpackt, damit die Zeitschrift heil bei Ihnen ankommt<\/li>\n<\/ul>\n<h2>\ud83c\udf0d Zustand der Zeitschrift<\/h2>\n<p><strong>Gebraucht, weil gelesen, durchgebl\u00e4ttert oder gestapelt \ud83d\ude09<\/strong> dem Alter angemessen gut bis sehr gut erhalten. Alles original, Klebespuren von abgel\u00f6sten Abo-Versandaufklebern k\u00f6nnen vorhanden sein.<\/p>\n","protected":false},"excerpt":{"rendered":"<p>Husqvarna Nuda 900 \/ R mit 77 kW (105 PS) Test &amp; Technik. Kawasaki Versys 1000 mit 87 kW (118 PS) als Neuheit f\u00fcr 2012. Honda Crosstourer mit 95 kW (129 PS) als Neuheit f\u00fcr 2012.<\/p>\n","protected":false},"featured_media":5125,"template":"","meta":{"iawp_total_views":1},"product_brand":[],"product_cat":[26],"product_tag":[3219,3499,3531,3539,3541,855,3612,2218,3618,2421,3620,2838,5501,2851,5505,3048],"class_list":{"0":"post-5126","1":"product","2":"type-product","3":"status-publish","4":"has-post-thumbnail","6":"product_cat-motorrad-news","7":"product_tag-bmw-s-1000-rr","8":"product_tag-husqvarna-nuda-900","9":"product_tag-kawasaki-versys-1000","10":"product_tag-honda-crosstourer","11":"product_tag-harley-davidson-dyna-switchback","12":"product_tag-bimota-kb1","13":"product_tag-bmw-g-650-gs-sertao","14":"product_tag-yamaha-yzf-r1","15":"product_tag-ktm-freeride-350","16":"product_tag-suzuki-gsx-r-1000","17":"product_tag-honda-nc-700-s","18":"product_tag-suzuki-intruder-m-800","19":"product_tag-suzuki-gs-550-m-katana","20":"product_tag-kawasaki-er-6n","21":"product_tag-bmw-c-600-sport-650-gt","22":"product_tag-suzuki-bandit-1250","24":"first","25":"instock","26":"shipping-taxable","27":"purchasable","28":"product-type-simple"},"_links":{"self":[{"href":"https:\/\/motorrad-erinnerungen.de\/shop\/wp-json\/wp\/v2\/product\/5126","targetHints":{"allow":["GET"]}}],"collection":[{"href":"https:\/\/motorrad-erinnerungen.de\/shop\/wp-json\/wp\/v2\/product"}],"about":[{"href":"https:\/\/motorrad-erinnerungen.de\/shop\/wp-json\/wp\/v2\/types\/product"}],"wp:featuredmedia":[{"embeddable":true,"href":"https:\/\/motorrad-erinnerungen.de\/shop\/wp-json\/wp\/v2\/media\/5125"}],"wp:attachment":[{"href":"https:\/\/motorrad-erinnerungen.de\/shop\/wp-json\/wp\/v2\/media?parent=5126"}],"wp:term":[{"taxonomy":"product_brand","embeddable":true,"href":"https:\/\/motorrad-erinnerungen.de\/shop\/wp-json\/wp\/v2\/product_brand?post=5126"},{"taxonomy":"product_cat","embeddable":true,"href":"https:\/\/motorrad-erinnerungen.de\/shop\/wp-json\/wp\/v2\/product_cat?post=5126"},{"taxonomy":"product_tag","embeddable":true,"href":"https:\/\/motorrad-erinnerungen.de\/shop\/wp-json\/wp\/v2\/product_tag?post=5126"}],"curies":[{"name":"wp","href":"https:\/\/api.w.org\/{rel}","templated":true}]}}