{"id":5486,"date":"2025-09-13T12:33:28","date_gmt":"2025-09-13T10:33:28","guid":{"rendered":"https:\/\/motorrad-erinnerungen.de\/2026\/produkt\/mo-1-1992-honda-nr-750-mit-92-kw-125-ps-test-bmw-r-100-r-mit-44-kw-63-ps-test-technik\/"},"modified":"2025-12-28T22:30:52","modified_gmt":"2025-12-28T21:30:52","slug":"mo-1-1992-honda-nr-750-mit-92-kw-125-ps-test-bmw-r-100-r-mit-44-kw-63-ps-test-technik","status":"publish","type":"product","link":"https:\/\/motorrad-erinnerungen.de\/shop\/produkt\/mo-1-1992-honda-nr-750-mit-92-kw-125-ps-test-bmw-r-100-r-mit-44-kw-63-ps-test-technik\/","title":{"rendered":"MO 1\/1992 \u2013 Test Honda NR 750; BMW R 100 R; Honda NTV 650 Revere"},"content":{"rendered":"<p>Sch\u00f6n, dass die Motorradzeitschrift \u201eMO 1\/1992\u201c bei uns gefunden wurde. Diese Zeitschrift aus ehemaliger Sammlerhand wird hier zum Kauf angeboten.<\/p>\n<h2>\ud83d\udccc In dieser Ausgabe sind professionelle Berichte unter anderem zu folgenden Themen zu finden:<\/h2>\n<ul>\n<li><strong>Honda NR 750<\/strong> mit 92 kW (125 PS) Test &amp; Technik \u2013 Testbericht und sch\u00f6ne Bilder auf 8 Seiten<\/li>\n<li><strong>BMW R 100 R<\/strong> mit 44 kW (63 PS) Test &amp; Technik \u2013 Testbericht und sch\u00f6ne Bilder auf 5 Seiten<\/li>\n<li><strong>Segale-Honda Supermono<\/strong> mit 32 kW (44 PS) Test &amp; Technik \u2013 Testbericht und sch\u00f6ne Bilder auf 4 Seiten<\/li>\n<li><strong>Honda NTV 650 Revere<\/strong> mit 37 kW (50 PS) Test &amp; Technik \u2013 Testbericht und sch\u00f6ne Bilder auf 5 Seiten in einem noch gr\u00f6\u00dferen Spezialteil<\/li>\n<\/ul>\n<h2>\ud83d\udce6 Versand &amp; Service<\/h2>\n<ul>\n<li>\u2713 Versand gratis in Deutschland<\/li>\n<li>\u2713 Auf Wunsch auch internationaler Versand<\/li>\n<li>\u2713 Stabil verpackt, damit die Zeitschrift heil bei Ihnen ankommt<\/li>\n<\/ul>\n<h2>\ud83c\udf0d Zustand der Zeitschrift<\/h2>\n<p><strong>Gebraucht, weil gelesen, durchgebl\u00e4ttert oder gestapelt \ud83d\ude09<\/strong> dem Alter angemessen gut bis sehr gut erhalten. Alles original, Klebespuren von abgel\u00f6sten Abo-Versandaufklebern k\u00f6nnen vorhanden sein.<\/p>\n","protected":false},"excerpt":{"rendered":"<p>Ein Motorrad\u2011Magazin im guten Originalzustand, das Erinnerungen an erste Maschinen, lange Touren und legend\u00e4re Tests und Kommentare wachruft.<\/p>\n","protected":false},"featured_media":5228,"template":"","meta":{"iawp_total_views":4},"product_brand":[],"product_cat":[19],"product_tag":[1579,1644,1828,5760],"class_list":{"0":"post-5486","1":"product","2":"type-product","3":"status-publish","4":"has-post-thumbnail","6":"product_cat-mo","7":"product_tag-honda-nr-750","8":"product_tag-honda-ntv-650-revere","9":"product_tag-bmw-r-100-r","10":"product_tag-segale-honda-supermono","12":"first","13":"instock","14":"shipping-taxable","15":"purchasable","16":"product-type-simple"},"_links":{"self":[{"href":"https:\/\/motorrad-erinnerungen.de\/shop\/wp-json\/wp\/v2\/product\/5486","targetHints":{"allow":["GET"]}}],"collection":[{"href":"https:\/\/motorrad-erinnerungen.de\/shop\/wp-json\/wp\/v2\/product"}],"about":[{"href":"https:\/\/motorrad-erinnerungen.de\/shop\/wp-json\/wp\/v2\/types\/product"}],"wp:featuredmedia":[{"embeddable":true,"href":"https:\/\/motorrad-erinnerungen.de\/shop\/wp-json\/wp\/v2\/media\/5228"}],"wp:attachment":[{"href":"https:\/\/motorrad-erinnerungen.de\/shop\/wp-json\/wp\/v2\/media?parent=5486"}],"wp:term":[{"taxonomy":"product_brand","embeddable":true,"href":"https:\/\/motorrad-erinnerungen.de\/shop\/wp-json\/wp\/v2\/product_brand?post=5486"},{"taxonomy":"product_cat","embeddable":true,"href":"https:\/\/motorrad-erinnerungen.de\/shop\/wp-json\/wp\/v2\/product_cat?post=5486"},{"taxonomy":"product_tag","embeddable":true,"href":"https:\/\/motorrad-erinnerungen.de\/shop\/wp-json\/wp\/v2\/product_tag?post=5486"}],"curies":[{"name":"wp","href":"https:\/\/api.w.org\/{rel}","templated":true}]}}