{"id":5487,"date":"2025-09-13T12:33:28","date_gmt":"2025-09-13T10:33:28","guid":{"rendered":"https:\/\/motorrad-erinnerungen.de\/2026\/produkt\/mo-2-1992-suzuki-gsx-r-750-mit-74-kw-100-ps-test-bimota-yb9-bellaria-mit-94-ps-im-vergleich\/"},"modified":"2025-12-28T22:33:20","modified_gmt":"2025-12-28T21:33:20","slug":"mo-2-1992-suzuki-gsx-r-750-mit-74-kw-100-ps-test-bimota-yb9-bellaria-mit-94-ps-im-vergleich","status":"publish","type":"product","link":"https:\/\/motorrad-erinnerungen.de\/shop\/produkt\/mo-2-1992-suzuki-gsx-r-750-mit-74-kw-100-ps-test-bimota-yb9-bellaria-mit-94-ps-im-vergleich\/","title":{"rendered":"MO 2\/1992 \u2013 Test Suzuki GSX-R 750; Bimota YB9 Bellaria im Vergleich"},"content":{"rendered":"<p>Sch\u00f6n, dass die Motorradzeitschrift \u201eMO 2\/1992\u201c bei uns gefunden wurde. Diese Zeitschrift aus ehemaliger Sammlerhand wird hier zum Kauf angeboten.<\/p>\n<h2>\ud83d\udccc In dieser Ausgabe sind professionelle Berichte unter anderem zu folgenden Themen zu finden:<\/h2>\n<ul>\n<li><strong>Suzuki GSX-R 750<\/strong> mit 74 kW (100 PS) Test &amp; Technik \u2013 Testbericht und sch\u00f6ne Bilder auf 6 Seiten<\/li>\n<li><strong>Bimota Bellaria YB9 vs. Yamaha FZR 600 vs. Honda CBR 600 F vs. Kawasaki ZZ-R 600 <\/strong>\u2013 600er Supersportler im Vergleich, Testbericht und sch\u00f6ne Bilder auf 8 Seiten<\/li>\n<li><strong>Harley-Davidson Sportster 883<\/strong>, hier umgebaut als Sportster Europa, mit 36 kW (49 PS) im Test \u2013 Testbericht und sch\u00f6ne Bilder auf 4 Seiten in einem noch gr\u00f6\u00dferen Harley-Davidson-Spezial<\/li>\n<\/ul>\n<h2>\ud83d\udce6 Versand &amp; Service<\/h2>\n<ul>\n<li>\u2713 Versand gratis in Deutschland<\/li>\n<li>\u2713 Auf Wunsch auch internationaler Versand<\/li>\n<li>\u2713 Stabil verpackt, damit die Zeitschrift heil bei Ihnen ankommt<\/li>\n<\/ul>\n<h2>\ud83c\udf0d Zustand der Zeitschrift<\/h2>\n<p><strong>Gebraucht, weil gelesen, durchgebl\u00e4ttert oder gestapelt \ud83d\ude09<\/strong> dem Alter angemessen gut bis sehr gut erhalten. Alles original, Klebespuren von abgel\u00f6sten Abo-Versandaufklebern k\u00f6nnen vorhanden sein.<\/p>\n","protected":false},"excerpt":{"rendered":"<p>Ein Motorrad\u2011Magazin im guten Originalzustand, das Erinnerungen an erste Maschinen, lange Touren und legend\u00e4re Tests und Kommentare wachruft.<\/p>\n","protected":false},"featured_media":5230,"template":"","meta":{"iawp_total_views":1},"product_brand":[],"product_cat":[19],"product_tag":[1387,1434,1555,1673,1713,5621,5622,10428],"class_list":{"0":"post-5487","1":"product","2":"type-product","3":"status-publish","4":"has-post-thumbnail","6":"product_cat-mo","7":"product_tag-suzuki-gsx-r-750","8":"product_tag-harley-davidson-sportster-883","9":"product_tag-honda-cbr-600-f","10":"product_tag-yamaha-fzr-600","11":"product_tag-kawasaki-zz-r-600","12":"product_tag-bimota-yb9-bellaria","13":"product_tag-bimota-bellaria-yb9","14":"product_tag-sportster-europa","16":"first","17":"instock","18":"shipping-taxable","19":"purchasable","20":"product-type-simple"},"_links":{"self":[{"href":"https:\/\/motorrad-erinnerungen.de\/shop\/wp-json\/wp\/v2\/product\/5487","targetHints":{"allow":["GET"]}}],"collection":[{"href":"https:\/\/motorrad-erinnerungen.de\/shop\/wp-json\/wp\/v2\/product"}],"about":[{"href":"https:\/\/motorrad-erinnerungen.de\/shop\/wp-json\/wp\/v2\/types\/product"}],"wp:featuredmedia":[{"embeddable":true,"href":"https:\/\/motorrad-erinnerungen.de\/shop\/wp-json\/wp\/v2\/media\/5230"}],"wp:attachment":[{"href":"https:\/\/motorrad-erinnerungen.de\/shop\/wp-json\/wp\/v2\/media?parent=5487"}],"wp:term":[{"taxonomy":"product_brand","embeddable":true,"href":"https:\/\/motorrad-erinnerungen.de\/shop\/wp-json\/wp\/v2\/product_brand?post=5487"},{"taxonomy":"product_cat","embeddable":true,"href":"https:\/\/motorrad-erinnerungen.de\/shop\/wp-json\/wp\/v2\/product_cat?post=5487"},{"taxonomy":"product_tag","embeddable":true,"href":"https:\/\/motorrad-erinnerungen.de\/shop\/wp-json\/wp\/v2\/product_tag?post=5487"}],"curies":[{"name":"wp","href":"https:\/\/api.w.org\/{rel}","templated":true}]}}