{"id":5524,"date":"2025-09-13T12:33:38","date_gmt":"2025-09-13T10:33:38","guid":{"rendered":"https:\/\/motorrad-erinnerungen.de\/2026\/produkt\/mo-9-1996-honda-cbr-1100-xx-mit-72-121-kw-98-164-ps-test-harris-magnum-5-mit-91-kw-124-ps-test-technik\/"},"modified":"2025-12-29T14:07:36","modified_gmt":"2025-12-29T13:07:36","slug":"mo-9-1996-honda-cbr-1100-xx-mit-72-121-kw-98-164-ps-test-harris-magnum-5-mit-91-kw-124-ps-test-technik","status":"publish","type":"product","link":"https:\/\/motorrad-erinnerungen.de\/shop\/produkt\/mo-9-1996-honda-cbr-1100-xx-mit-72-121-kw-98-164-ps-test-harris-magnum-5-mit-91-kw-124-ps-test-technik\/","title":{"rendered":"MO 9\/1996 \u2013 Test Honda CBR 1100 XX; Harris Magnum 5; Hyperpro-Yamaha TRX 850"},"content":{"rendered":"<p>Sch\u00f6n, dass die Motorradzeitschrift \u201eMO 9\/1996\u201c bei uns gefunden wurde. Diese Zeitschrift aus ehemaliger Sammlerhand wird hier zum Kauf angeboten.<\/p>\n<h2>\ud83d\udccc In dieser Ausgabe sind professionelle Berichte unter anderem zu folgenden Themen zu finden:<\/h2>\n<ul>\n<li><strong>Honda CBR 1100 XX<\/strong> mit 72 und mit 121 kW (98\/164 PS) Test &amp; Technik \u2013 Fahrbericht und sch\u00f6ne Bilder auf 4 Seiten<\/li>\n<li><strong>Harris Magnum 5<\/strong> mit 91 kW (124 PS) Test &amp; Technik \u2013 Testbericht und sch\u00f6ne Bilder auf 6 Seiten<\/li>\n<li><strong>KTM LC4 620<\/strong> mit 37 kW (50 PS) Test &amp; Technik \u2013 Testbericht und sch\u00f6ne Bilder auf 1 Seite in einem gr\u00f6\u00dferen KTM-Spezialteil<\/li>\n<li><strong>KTM LC2 125<\/strong> mit 7 kW (9,5 PS) Test &amp; Technik \u2013 Testbericht und sch\u00f6ne Bilder auf 1 Seite in einem gr\u00f6\u00dferen KTM-Spezialteil<\/li>\n<li><strong>KTM Duke 620 E<\/strong> mit 37 kW (50 PS) Test &amp; Technik \u2013 Testbericht und sch\u00f6ne Bilder auf 1 Seite in einem gr\u00f6\u00dferen KTM-Spezialteil<\/li>\n<li><strong>Hyperpro-Yamaha TRX 850<\/strong>\u00a0\u2013 Testbericht und sch\u00f6ne Bilder auf 4 Seiten<\/li>\n<li><strong>Norton Manx<\/strong> mit 37 kW (50 PS)\u2013 Testbericht und sch\u00f6ne Bilder auf 4 Seiten<\/li>\n<li><strong>Aprilia RS 125 Replica<\/strong> mit 11 kW (15 PS) Test &amp; Technik \u2013 Testbericht und sch\u00f6ne Bilder auf 4 Seiten<\/li>\n<li><strong>Suzuki GSX-R 750<\/strong>, 10 Schalld\u00e4mpfer im Test \u2013 Testbericht auf 4 Seiten<\/li>\n<\/ul>\n<h2>\ud83d\udce6 Versand &amp; Service<\/h2>\n<ul>\n<li>\u2713 Versand gratis in Deutschland<\/li>\n<li>\u2713 Auf Wunsch auch internationaler Versand<\/li>\n<li>\u2713 Stabil verpackt, damit die Zeitschrift heil bei Ihnen ankommt<\/li>\n<\/ul>\n<h2>\ud83c\udf0d Zustand der Zeitschrift<\/h2>\n<p><strong>Gebraucht, weil gelesen, durchgebl\u00e4ttert oder gestapelt \ud83d\ude09<\/strong> dem Alter angemessen gut bis sehr gut erhalten. Alles original, Klebespuren von abgel\u00f6sten Abo-Versandaufklebern k\u00f6nnen vorhanden sein.<\/p>\n","protected":false},"excerpt":{"rendered":"<p>Ein Motorrad\u2011Magazin im guten Originalzustand, das Erinnerungen an erste Maschinen, lange Touren und legend\u00e4re Tests und Kommentare wachruft.<\/p>\n","protected":false},"featured_media":5304,"template":"","meta":{"iawp_total_views":0},"product_brand":[],"product_cat":[19],"product_tag":[5677,5678,5807,1387,1958,2089,2099,5024,5034],"class_list":{"0":"post-5524","1":"product","2":"type-product","3":"status-publish","4":"has-post-thumbnail","6":"product_cat-mo","7":"product_tag-harris-magnum-5","8":"product_tag-norton-manx","9":"product_tag-hyperpro-yamaha-trx-850","10":"product_tag-suzuki-gsx-r-750","11":"product_tag-ktm-lc4-620","12":"product_tag-ktm-duke-620-e","13":"product_tag-honda-cbr-1100-xx","14":"product_tag-ktm-lc2-125","15":"product_tag-aprilia-rs-125-replica","17":"first","18":"instock","19":"shipping-taxable","20":"purchasable","21":"product-type-simple"},"_links":{"self":[{"href":"https:\/\/motorrad-erinnerungen.de\/shop\/wp-json\/wp\/v2\/product\/5524","targetHints":{"allow":["GET"]}}],"collection":[{"href":"https:\/\/motorrad-erinnerungen.de\/shop\/wp-json\/wp\/v2\/product"}],"about":[{"href":"https:\/\/motorrad-erinnerungen.de\/shop\/wp-json\/wp\/v2\/types\/product"}],"wp:featuredmedia":[{"embeddable":true,"href":"https:\/\/motorrad-erinnerungen.de\/shop\/wp-json\/wp\/v2\/media\/5304"}],"wp:attachment":[{"href":"https:\/\/motorrad-erinnerungen.de\/shop\/wp-json\/wp\/v2\/media?parent=5524"}],"wp:term":[{"taxonomy":"product_brand","embeddable":true,"href":"https:\/\/motorrad-erinnerungen.de\/shop\/wp-json\/wp\/v2\/product_brand?post=5524"},{"taxonomy":"product_cat","embeddable":true,"href":"https:\/\/motorrad-erinnerungen.de\/shop\/wp-json\/wp\/v2\/product_cat?post=5524"},{"taxonomy":"product_tag","embeddable":true,"href":"https:\/\/motorrad-erinnerungen.de\/shop\/wp-json\/wp\/v2\/product_tag?post=5524"}],"curies":[{"name":"wp","href":"https:\/\/api.w.org\/{rel}","templated":true}]}}