{"id":5528,"date":"2025-09-13T12:33:39","date_gmt":"2025-09-13T10:33:39","guid":{"rendered":"https:\/\/motorrad-erinnerungen.de\/2026\/produkt\/mo-1-1997-suzuki-tl-1000-s-mit-92-kw-125-ps-test-suzuki-gsx-r-600-mit-78-kw-106-ps-test-technik\/"},"modified":"2026-03-24T23:05:03","modified_gmt":"2026-03-24T22:05:03","slug":"mo-1-1997-suzuki-tl-1000-s-mit-92-kw-125-ps-test-suzuki-gsx-r-600-mit-78-kw-106-ps-test-technik","status":"publish","type":"product","link":"https:\/\/motorrad-erinnerungen.de\/shop\/produkt\/mo-1-1997-suzuki-tl-1000-s-mit-92-kw-125-ps-test-suzuki-gsx-r-600-mit-78-kw-106-ps-test-technik\/","title":{"rendered":"MO 1\/1997 \u2013 Test Suzuki TL 1000 S; Yamaha XJR 1200 SP und Halbschale"},"content":{"rendered":"<p>Sch\u00f6n, dass die Motorradzeitschrift \u201eMO 1\/1997\u201c bei uns gefunden wurde. Diese Zeitschrift aus ehemaliger Sammlerhand wird hier zum Kauf angeboten.<\/p>\n<h2>\ud83d\udccc In dieser Ausgabe sind professionelle Berichte unter anderem zu folgenden Themen zu finden:<\/h2>\n<ul>\n<li><strong>Suzuki TL 1000 S<\/strong> mit 92 kW (125 PS) Test &amp; Technik \u2013 Testbericht in Wort und Bild auf 6 Seiten<\/li>\n<li><strong>Suzuki GSX-R 600<\/strong> mit 78 kW (106 PS) Test &amp; Technik \u2013 Testbericht in Wort und Bild auf 2 Seiten<\/li>\n<li><strong>Honda XLR 200 R<\/strong> mit 13 kW (17 PS) Test &amp; Technik \u2013 Testbericht in Wort und Bild auf 1 Seite<\/li>\n<li><strong>Yamaha XJR 1200 SP<\/strong> mit 72 kW (98 PS) im Vergleich \u2013 Yamahas Big Bike in zwei Versionen, SP und Halbschale, Testbericht in Wort und Bild auf 6 Seiten<\/li>\n<li><strong>BMW F 650 ST vs. Honda SLR 650 <\/strong>\u2013 zwei Singles im 34-PS-Vergleich, Testbericht in Wort und Bild auf 5 Seiten<\/li>\n<li><strong>Yamaha SR 125<\/strong> mit 9 kW (12 PS) Test &amp; Technik \u2013 Testbericht in Wort und Bild auf 2 Seiten<\/li>\n<li><strong>Vespa ET 4<\/strong> mit 7,9 kW (10,7 PS) Test &amp; Technik \u2013 Testbericht in Wort und Bild auf 2 Seiten<\/li>\n<li><strong>Ducati 900 SS vs. Yamaha TRX 850 <\/strong>im Vergleichstest \u2013 Testbericht in Wort und Bild auf 5 Seiten in einem gr\u00f6\u00dferen Zweizylinder Special<\/li>\n<li><strong>Ducati 900 SS<\/strong>, hier getunt zur DSM Racing \u2013 Testbericht in Wort und Bild auf 2 Seiten in einem gr\u00f6\u00dferen Zweizylinder Special<\/li>\n<li><strong>Moto Guzzi 850 Le Mans II<\/strong>, hier getunt zur M\u00f6rk Le Mans 950 \u2013 Testbericht in Wort und Bild auf 2 Seiten in einem gr\u00f6\u00dferen Zweizylinder Special<\/li>\n<li><strong>BMW R 1100 RS<\/strong>, hier der Hiller-BoT-Racer \u2013 Testbericht in Wort und Bild auf 2 Seiten in einem gr\u00f6\u00dferen Zweizylinder Special<\/li>\n<li><strong>Honda CBR 900 RR Fireblade<\/strong>, hier mit Crea-Umr\u00fcstkit \u2013 Testbericht in Wort und Bild auf 2 Seiten in einem gr\u00f6\u00dferen Zweizylinder Special<\/li>\n<li><strong>Suzuki GSF 1200 Banidt<\/strong>, hier als Testmaschine f\u00fcr Zubeh\u00f6r-Schalld\u00e4mpfer \u2013 drei Auspuffanlagen im Vergleich, Testbericht in Wort und Bild auf 2 Seiten<\/li>\n<li><strong>Yamaha XV 535 Virago<\/strong>, hier als Testmaschine f\u00fcr Windschutzscheiben \u2013 zw\u00f6lf Windschilder im Vergleich, Testbericht in Wort und Bild auf 6 Seiten<\/li>\n<\/ul>\n<h2>\ud83d\udce6 Versand &amp; Service<\/h2>\n<ul>\n<li>\u2713 Versand gratis in Deutschland<\/li>\n<li>\u2713 Auf Wunsch auch internationaler Versand<\/li>\n<li>\u2713 Stabil verpackt, damit die Zeitschrift heil bei Ihnen ankommt<\/li>\n<\/ul>\n<h2>\ud83c\udf0d Zustand der Zeitschrift<\/h2>\n<p><strong>Gebraucht, weil gelesen, durchgebl\u00e4ttert oder gestapelt \ud83d\ude09<\/strong> dem Alter angemessen gut bis sehr gut erhalten. Alles original, Klebespuren von abgel\u00f6sten Abo-Versandaufklebern k\u00f6nnen vorhanden sein.<\/p>\n","protected":false},"excerpt":{"rendered":"<p>Ein Motorrad\u2011Magazin im guten Originalzustand, das Erinnerungen an erste Maschinen, lange Touren und legend\u00e4re Tests und Kommentare wachruft.<\/p>\n","protected":false},"featured_media":5312,"template":"","meta":{"iawp_total_views":30},"product_brand":[],"product_cat":[19],"product_tag":[2128,2131,43,2167,1619,2185,1887,5683,1904,5684,2017,5742,2102,5744,2112,10444,2115,14335,2119],"class_list":{"0":"post-5528","1":"product","2":"type-product","3":"status-publish","4":"has-post-thumbnail","6":"product_cat-mo","7":"product_tag-bmw-f-650-st","8":"product_tag-suzuki-gsx-r-600","9":"product_tag-bmw-f-650","10":"product_tag-yamaha-xjr-1200-sp","11":"product_tag-yamaha-xv-535-virago","12":"product_tag-vespa-et-4","13":"product_tag-bmw-r-1100-rs","14":"product_tag-ducati-900-ss-nuda","15":"product_tag-ducati-900-supersport","16":"product_tag-suzuki-gsf-1200-banidt","17":"product_tag-yamaha-trx-850","18":"product_tag-moto-guzzi-850-le-mans-ii-getunt-zur-moerk-le-mans-950","19":"product_tag-honda-xlr-200-r","20":"product_tag-honda-cbr-900-rr-fireblade-mit-crea-umruestkit","21":"product_tag-yamaha-sr-125","22":"product_tag-hiller-bot-racer","23":"product_tag-suzuki-tl-1000-s","24":"product_tag-dsm-ducati-900-ss","25":"product_tag-honda-slr-650","27":"first","28":"instock","29":"shipping-taxable","30":"purchasable","31":"product-type-simple"},"_links":{"self":[{"href":"https:\/\/motorrad-erinnerungen.de\/shop\/wp-json\/wp\/v2\/product\/5528","targetHints":{"allow":["GET"]}}],"collection":[{"href":"https:\/\/motorrad-erinnerungen.de\/shop\/wp-json\/wp\/v2\/product"}],"about":[{"href":"https:\/\/motorrad-erinnerungen.de\/shop\/wp-json\/wp\/v2\/types\/product"}],"wp:featuredmedia":[{"embeddable":true,"href":"https:\/\/motorrad-erinnerungen.de\/shop\/wp-json\/wp\/v2\/media\/5312"}],"wp:attachment":[{"href":"https:\/\/motorrad-erinnerungen.de\/shop\/wp-json\/wp\/v2\/media?parent=5528"}],"wp:term":[{"taxonomy":"product_brand","embeddable":true,"href":"https:\/\/motorrad-erinnerungen.de\/shop\/wp-json\/wp\/v2\/product_brand?post=5528"},{"taxonomy":"product_cat","embeddable":true,"href":"https:\/\/motorrad-erinnerungen.de\/shop\/wp-json\/wp\/v2\/product_cat?post=5528"},{"taxonomy":"product_tag","embeddable":true,"href":"https:\/\/motorrad-erinnerungen.de\/shop\/wp-json\/wp\/v2\/product_tag?post=5528"}],"curies":[{"name":"wp","href":"https:\/\/api.w.org\/{rel}","templated":true}]}}