{"id":5662,"date":"2025-09-13T18:51:52","date_gmt":"2025-09-13T16:51:52","guid":{"rendered":"https:\/\/motorrad-erinnerungen.de\/2026\/produkt\/mo-4-2004-kawasaki-zx-10r-ninja-mit-128-kw-175-ps-test-mz-1000-s-mit-84-kw-115-ps-test-technik\/"},"modified":"2025-12-30T21:02:01","modified_gmt":"2025-12-30T20:02:01","slug":"mo-4-2004-kawasaki-zx-10r-ninja-mit-128-kw-175-ps-test-mz-1000-s-mit-84-kw-115-ps-test-technik","status":"publish","type":"product","link":"https:\/\/motorrad-erinnerungen.de\/shop\/produkt\/mo-4-2004-kawasaki-zx-10r-ninja-mit-128-kw-175-ps-test-mz-1000-s-mit-84-kw-115-ps-test-technik\/","title":{"rendered":"MO 4\/2004 \u2013 Test Kawasaki ZX-10R Ninja; Vincent Black Lightning"},"content":{"rendered":"<p>Sch\u00f6n, dass die Motorradzeitschrift \u201eMO 4\/2004\u201c bei uns gefunden wurde. Diese Zeitschrift aus ehemaliger Sammlerhand wird hier zum Kauf angeboten.<\/p>\n<h2>\ud83d\udccc In dieser Ausgabe sind professionelle Berichte unter anderem zu folgenden Themen zu finden:<\/h2>\n<ul>\n<li><strong>MZ 1000 S<\/strong> mit 84 kW (115 PS) Test &amp; Technik \u2013 Testbericht und sch\u00f6ne Bilder auf 5 Seiten<\/li>\n<li><strong>Vincent Black Lightning<\/strong> mit 99 kW (132 PS) Test &amp; Technik \u2013 Testbericht und sch\u00f6ne Bilder auf 6 Seiten<\/li>\n<li><strong>Yamaha XT 660 X<\/strong> mit 35 kW (48 PS) Test &amp; Technik \u2013 Testbericht und sch\u00f6ne Bilder auf 3 Seiten<\/li>\n<li><strong>Kawasaki ZX-10R Ninja<\/strong> mit 128 kW (175 PS) Test &amp; Technik \u2013 Testbericht und sch\u00f6ne Bilder auf 8 Seiten in einem gr\u00f6\u00dferen Kawa-Spezialteil<\/li>\n<\/ul>\n<h2>\ud83d\udce6 Versand &amp; Service<\/h2>\n<ul>\n<li>\u2713 Versand gratis in Deutschland<\/li>\n<li>\u2713 Auf Wunsch auch internationaler Versand<\/li>\n<li>\u2713 Stabil verpackt, damit die Zeitschrift heil bei Ihnen ankommt<\/li>\n<\/ul>\n<h2>\ud83c\udf0d Zustand der Zeitschrift<\/h2>\n<p><strong>Gebraucht, weil gelesen, durchgebl\u00e4ttert oder gestapelt \ud83d\ude09<\/strong> dem Alter angemessen gut bis sehr gut erhalten. Alles original, Klebespuren von abgel\u00f6sten Abo-Versandaufklebern k\u00f6nnen vorhanden sein.<\/p>\n","protected":false},"excerpt":{"rendered":"<p>In diesem Magazin sind viele Informationen zum Thema Motorrad zu finden: Testberichte, Technik, Neuheiten, Zubeh\u00f6r, Sport, Bilder. Zum Eintauchen in eine Zeit, als viele heutige Erinnerungen auf zwei R\u00e4dern begonnen haben.<\/p>\n","protected":false},"featured_media":5661,"template":"","meta":{"iawp_total_views":2},"product_brand":[],"product_cat":[19],"product_tag":[2726,2735,5882,2555],"class_list":{"0":"post-5662","1":"product","2":"type-product","3":"status-publish","4":"has-post-thumbnail","6":"product_cat-mo","7":"product_tag-kawasaki-zx-10r-ninja","8":"product_tag-yamaha-xt-660-x","9":"product_tag-vincent-black-lightning","10":"product_tag-mz-1000-s","12":"first","13":"instock","14":"shipping-taxable","15":"purchasable","16":"product-type-simple"},"_links":{"self":[{"href":"https:\/\/motorrad-erinnerungen.de\/shop\/wp-json\/wp\/v2\/product\/5662","targetHints":{"allow":["GET"]}}],"collection":[{"href":"https:\/\/motorrad-erinnerungen.de\/shop\/wp-json\/wp\/v2\/product"}],"about":[{"href":"https:\/\/motorrad-erinnerungen.de\/shop\/wp-json\/wp\/v2\/types\/product"}],"wp:featuredmedia":[{"embeddable":true,"href":"https:\/\/motorrad-erinnerungen.de\/shop\/wp-json\/wp\/v2\/media\/5661"}],"wp:attachment":[{"href":"https:\/\/motorrad-erinnerungen.de\/shop\/wp-json\/wp\/v2\/media?parent=5662"}],"wp:term":[{"taxonomy":"product_brand","embeddable":true,"href":"https:\/\/motorrad-erinnerungen.de\/shop\/wp-json\/wp\/v2\/product_brand?post=5662"},{"taxonomy":"product_cat","embeddable":true,"href":"https:\/\/motorrad-erinnerungen.de\/shop\/wp-json\/wp\/v2\/product_cat?post=5662"},{"taxonomy":"product_tag","embeddable":true,"href":"https:\/\/motorrad-erinnerungen.de\/shop\/wp-json\/wp\/v2\/product_tag?post=5662"}],"curies":[{"name":"wp","href":"https:\/\/api.w.org\/{rel}","templated":true}]}}