{"id":6118,"date":"2025-09-15T11:41:41","date_gmt":"2025-09-15T09:41:41","guid":{"rendered":"https:\/\/motorrad-erinnerungen.de\/2026\/produkt\/mo-bmw-motorraeder-sonderheft-46\/"},"modified":"2025-10-31T20:20:53","modified_gmt":"2025-10-31T19:20:53","slug":"mo-bmw-motorraeder-sonderheft-46","status":"publish","type":"product","link":"https:\/\/motorrad-erinnerungen.de\/shop\/produkt\/mo-bmw-motorraeder-sonderheft-46\/","title":{"rendered":"MO BMW Motorr\u00e4der \u2013 F 800 GS Adventure, Dauertest K 1600 GT  \u2013 Sonderausgabe 46"},"content":{"rendered":"<p>Zum Kauf angeboten wird das Motorrad-Magazin\u00a0<strong>MO BMW-Motorr\u00e4der Sonderheft Nr. 46\u00a0 Juli &#8211; September 2013<\/strong><\/p>\n<h2>\ud83d\udccc Freuen Sie sich auf folgende Titelthemen<\/h2>\n<ul>\n<li><strong>BMW R 90 S Concept ninety<\/strong> \u2013 Vorstellung in Wort und Bild auf 8 Seiten<\/li>\n<li><strong>BMW F 800 GS Adventure<\/strong> mit 63 kW (85 PS) Test &amp; Technik \u2013 Testbericht in Wort und Bild auf 6 Seiten<\/li>\n<li><strong>BMW R 1200 GS, hier mit Kesstech-Klappensteuerung<\/strong> \u2013 Vorstellung in Wort und Bild auf 2 Seiten<\/li>\n<li><strong>BMW K 1600 GT<\/strong> mit 118 kW (160 PS) nach dem Dauertest \u2013 Abschluss-Bilanz nach 25000 Test-km in Wort und Bild plus Zubeh\u00f6r-Tipps f\u00fcr Reifen und Schalld\u00e4mpfer auf 8 Seiten<\/li>\n<li><strong>Henks Custom Concept<\/strong> \u2013 Vorstellung in Wort und Bild auf 4 Seiten in einem gr\u00f6\u00dferen <strong>Spezial Classic Boxer<\/strong>:<br \/>\nEinhauser-BMW R 1200 C Black Bull, Bullok.BMW, Michls Russenboxer, Sch\u00e4fer-BMW Bob\/05, Winklhofer-BMW R 80 FlatRod, Boxer Schmiede-BMW R10<\/li>\n<li><strong>Jurasek-BMW HP2V<\/strong>\u00a0\u2013 Vorstellung in Wort und Bild auf 6 Seiten<\/li>\n<\/ul>\n<h2>\u2795 Weitere Tests &amp; Highlights<\/h2>\n<ul>\n<li><strong>Wunderlich-BMW R 120 G\/S<\/strong>, damit unterwegs auf der <strong>Baja California<\/strong> \u2013 Reisebericht in Wort und Bild auf 8 Seiten<\/li>\n<li><strong>BMW F 800 GT<\/strong>, damit unterwegs im <strong>M\u00fchl- und Waldviertel<\/strong> \u2013 Reisebericht in Wort und Bild auf 6 Seiten<\/li>\n<\/ul>\n<h2>\ud83c\udf0d Zustand der Zeitschrift<\/h2>\n<ul>\n<li><strong>Gebraucht, weil gelesen, durchgebl\u00e4ttert oder auch nur gestapelt \ud83d\ude09<\/strong><\/li>\n<li>Dem Alter angemessen gut bis sehr gut erhalten, alles original<\/li>\n<\/ul>\n<h2>\ud83d\udce6 Versand &amp; Service<\/h2>\n<ul>\n<li>Stabil verpackt, damit die Zeitschrift heil bei Ihnen ankommt<\/li>\n<li>Kostenloser Versand innerhalb Deutschlands<\/li>\n<li>Weltweiter Versand auf Wunsch f\u00fcr eine geringe Pauschale<\/li>\n<li>interested Europeans or oversea peoples can also buy\u00a0 this article, of course<\/li>\n<li>should you have any questions, specially for ship &amp; handling, do not hesitate to contact us<\/li>\n<\/ul>\n","protected":false},"excerpt":{"rendered":"<p>BMW K 1600 GT mit 118 kW (160 PS) nach dem Dauertest. Abschluss-Bilanz nach 25000 Test-km in Wort und Bild plus Zubeh\u00f6r-Tipps f\u00fcr Reifen und Schalld\u00e4mpfer auf 8 Seiten dieser MO-Sonderausgabe. BMW R 90 S, hier als Basis f\u00fcr die Bullok-BMW. Vorstellung in Wort und Bild auf 8 Seiten dieser MO-Sonderausgabe. BMW R nineT, hier als Konzeptstudie &#8222;40 Jahre BMW R 90 S&#8220;. Vorstellung in Wort und Bild auf 8 Seiten dieser MO-Sonderausgabe.<\/p>\n","protected":false},"featured_media":6038,"template":"","meta":{"iawp_total_views":0},"product_brand":[],"product_cat":[20],"product_tag":[3696,9524,9514,9525,9515,9526,9516,9527,9517,9518,9519,9520,9521,3427,9522,3676,9523],"class_list":{"0":"post-6118","1":"product","2":"type-product","3":"status-publish","4":"has-post-thumbnail","6":"product_cat-mo-bmw-motorraeder","7":"product_tag-bmw-f-800-gs-adventure","8":"product_tag-jurasek-bmw-hp2v","9":"product_tag-bmw-r-90-s-concept-ninety","10":"product_tag-wunderlich-bmw-r-120-g-s","11":"product_tag-bmw-r-1200-gs-kesstech-klappensteuerung","12":"product_tag-baja-california","13":"product_tag-henks-custom-concept","14":"product_tag-muehl-und-waldviertel","15":"product_tag-spezial-classic-boxer","16":"product_tag-einhauser-bmw-r-1200-c-black-bull","17":"product_tag-bullok-bmw","18":"product_tag-michls-russenboxer","19":"product_tag-schaefer-bmw-bob-05","20":"product_tag-bmw-k-1600-gt","21":"product_tag-winklhofer-bmw-r-80-flatrod","22":"product_tag-bmw-f-800-gt","23":"product_tag-boxer-schmiede-bmw-r10","25":"first","26":"instock","27":"shipping-taxable","28":"purchasable","29":"product-type-simple"},"_links":{"self":[{"href":"https:\/\/motorrad-erinnerungen.de\/shop\/wp-json\/wp\/v2\/product\/6118","targetHints":{"allow":["GET"]}}],"collection":[{"href":"https:\/\/motorrad-erinnerungen.de\/shop\/wp-json\/wp\/v2\/product"}],"about":[{"href":"https:\/\/motorrad-erinnerungen.de\/shop\/wp-json\/wp\/v2\/types\/product"}],"wp:featuredmedia":[{"embeddable":true,"href":"https:\/\/motorrad-erinnerungen.de\/shop\/wp-json\/wp\/v2\/media\/6038"}],"wp:attachment":[{"href":"https:\/\/motorrad-erinnerungen.de\/shop\/wp-json\/wp\/v2\/media?parent=6118"}],"wp:term":[{"taxonomy":"product_brand","embeddable":true,"href":"https:\/\/motorrad-erinnerungen.de\/shop\/wp-json\/wp\/v2\/product_brand?post=6118"},{"taxonomy":"product_cat","embeddable":true,"href":"https:\/\/motorrad-erinnerungen.de\/shop\/wp-json\/wp\/v2\/product_cat?post=6118"},{"taxonomy":"product_tag","embeddable":true,"href":"https:\/\/motorrad-erinnerungen.de\/shop\/wp-json\/wp\/v2\/product_tag?post=6118"}],"curies":[{"name":"wp","href":"https:\/\/api.w.org\/{rel}","templated":true}]}}