{"id":6781,"date":"2025-09-16T15:26:55","date_gmt":"2025-09-16T13:26:55","guid":{"rendered":"https:\/\/motorrad-erinnerungen.de\/2026\/produkt\/ps-9-1985-honda-cbx-750-f-mit-67-kw-91-ps-im-vergleichstest-honda-vf-750-f-mit-66-kw-90-ps-im-vergleichstest\/"},"modified":"2026-03-21T11:29:57","modified_gmt":"2026-03-21T10:29:57","slug":"ps-9-1985-honda-cbx-750-f-mit-67-kw-91-ps-im-vergleichstest-honda-vf-750-f-mit-66-kw-90-ps-im-vergleichstest","status":"publish","type":"product","link":"https:\/\/motorrad-erinnerungen.de\/shop\/produkt\/ps-9-1985-honda-cbx-750-f-mit-67-kw-91-ps-im-vergleichstest-honda-vf-750-f-mit-66-kw-90-ps-im-vergleichstest\/","title":{"rendered":"PS 9\/1985 \u2013 Honda CBX 750 F mit 67 kW (91 PS) im Vergleichstest, Honda VF 750 F mit 66 kW (90 PS) im Vergleichstest"},"content":{"rendered":"<p>Zum Kauf angeboten wird die <strong>Motorrad-Zeitung \u201ePS 9\/1985\u201c<\/strong>.<\/p>\n<h2>\ud83d\udccc Freuen Sie sich auf folgende Beitr\u00e4ge unter anderem zu:<\/h2>\n<ul>\n<li><strong>Bimota DB1<\/strong> mit 52 kW (70 PS) Test &amp; Technik \u2013 Fahrbericht und Technik in Wort und Bild auf 7 Seiten<\/li>\n<li><strong>Honda CBX 750 F<\/strong> mit 67 kW (91 PS) im Vergleichstest \u2013 Maschinen der Klasse bis 750 ccm im Vergleich, Honda CBX 750 F vs. Honda VF 750 F vs. Kawasaki GPZ 750 R vs. Suzuki GSX 750 EF vs. Yamaha XJ 750, Testbericht in Wort und Bild auf 9 Seiten<\/li>\n<li><strong>Honda VF 750 F<\/strong> mit 66 kW (90 PS) im Vergleichstest \u2013 Maschinen der Klasse bis 750 ccm im Vergleich, Honda CBX 750 F vs. Honda VF 750 F vs. Kawasaki GPZ 750 R vs. Suzuki GSX 750 EF vs. Yamaha XJ 750, Testbericht in Wort und Bild auf 9 Seiten<\/li>\n<li><strong>Kawasaki GPZ 750 R<\/strong> mit 68 kW (92 PS) im Vergleichstest \u2013 Maschinen der Klasse bis 750 ccm im Vergleich, Honda CBX 750 F vs. Honda VF 750 F vs. Kawasaki GPZ 750 R vs. Suzuki GSX 750 EF vs. Yamaha XJ 750, Testbericht in Wort und Bild auf 9 Seiten<\/li>\n<li><strong>Suzuki GSX 750 EF<\/strong> mit 66 kW (90 PS) im Vergleichstest \u2013 Maschinen der Klasse bis 750 ccm im Vergleich, Honda CBX 750 F vs. Honda VF 750 F vs. Kawasaki GPZ 750 R vs. Suzuki GSX 750 EF vs. Yamaha XJ 750, Testbericht in Wort und Bild auf 9 Seiten<\/li>\n<li><strong>Yamaha XJ 750<\/strong> mit 64 kW (87 PS) im Vergleichstest \u2013 Maschinen der Klasse bis 750 ccm im Vergleich, Honda CBX 750 F vs. Honda VF 750 F vs. Kawasaki GPZ 750 R vs. Suzuki GSX 750 EF vs. Yamaha XJ 750, Testbericht in Wort und Bild auf 9 Seiten<\/li>\n<li><strong>Kawasaki VN 750<\/strong> mit 50 kW (68 PS) im Test \u2013 Fahrbericht in Wort und Bild auf 2 Seiten<\/li>\n<li><strong>Honda XL 600 LM<\/strong> mit 32 kW (44 PS) im Vergleichstest \u2013 Einzylinder-Enduros im Vergleich, Honda XL 600 LM vs. Yamaha XT 600 T\u00e9n\u00e9r\u00e9, Testbericht in Wort und Bild auf 2 Seiten<\/li>\n<li><strong>Yamaha XT 600 Z T\u00e9n\u00e9r\u00e9<\/strong> mit 32 kW (40 PS) im Vergleichstest \u2013 Einzylinder-Enduros im Vergleich, Honda XL 600 LM vs. Yamaha XT 600 T\u00e9n\u00e9r\u00e9, Testbericht in Wort und Bild auf 2 Seiten<\/li>\n<li><strong>Suzuki RG 80 Gamma<\/strong> mit 7 kW (10 PS) im Test \u2013 Fahrbericht in Wort und Bild auf 1 Seite<\/li>\n<\/ul>\n<h2>\ud83d\udce6 Versand &amp; Service<\/h2>\n<ul>\n<li>\u2713 Kostenloser Versand in Deutschland, Auslandsversand f\u00fcr eine geringe Pauschale<\/li>\n<li>\u2713 Erfahrung aus \u00fcber 30.000 erfolgreichen Sendungen<\/li>\n<li>\u2713 Ihre Zeitschrift wird sicher und liebevoll verpackt<\/li>\n<\/ul>\n<h2>\ud83c\udf0d Zustand der Zeitschrift<\/h2>\n<p><strong>Gebraucht, weil gelesen, durchgebl\u00e4ttert oder gestapelt \ud83d\ude09<\/strong> dem Alter angemessen gut bis sehr gut erhalten. Alles original. Es k\u00f6nnen Klebespuren von Abo-Adressaufklebern vorhanden sein.<\/p>\n","protected":false},"excerpt":{"rendered":"<p>Bimota DB1: Fahrbericht und Technik in Wort und Bild auf 7 Seiten . Honda CBX 750 F: Maschinen der Klasse bis 750 ccm im Vergleich, Honda CBX 750 F vs. Honda VF 750 F vs. Kawasaki GPZ 750 R vs. Suzuki GSX 750 EF vs.<\/p>\n","protected":false},"featured_media":6780,"template":"","meta":{"iawp_total_views":2},"product_brand":[],"product_cat":[28],"product_tag":[1425,1426,1427,1452,1641,1152,1255,1297,1298,1355],"class_list":{"0":"post-6781","1":"product","2":"type-product","3":"status-publish","4":"has-post-thumbnail","6":"product_cat-ps","7":"product_tag-honda-xl-600-lm","8":"product_tag-suzuki-rg-80-gamma","9":"product_tag-kawasaki-vn-750","10":"product_tag-bimota-db1","11":"product_tag-yamaha-xt-600-z-tenere","12":"product_tag-honda-vf-750-f","13":"product_tag-suzuki-gsx-750-ef","14":"product_tag-honda-cbx-750-f","15":"product_tag-yamaha-xj-750","16":"product_tag-kawasaki-gpz-750-r","18":"first","19":"instock","20":"shipping-taxable","21":"purchasable","22":"product-type-simple"},"_links":{"self":[{"href":"https:\/\/motorrad-erinnerungen.de\/shop\/wp-json\/wp\/v2\/product\/6781","targetHints":{"allow":["GET"]}}],"collection":[{"href":"https:\/\/motorrad-erinnerungen.de\/shop\/wp-json\/wp\/v2\/product"}],"about":[{"href":"https:\/\/motorrad-erinnerungen.de\/shop\/wp-json\/wp\/v2\/types\/product"}],"wp:featuredmedia":[{"embeddable":true,"href":"https:\/\/motorrad-erinnerungen.de\/shop\/wp-json\/wp\/v2\/media\/6780"}],"wp:attachment":[{"href":"https:\/\/motorrad-erinnerungen.de\/shop\/wp-json\/wp\/v2\/media?parent=6781"}],"wp:term":[{"taxonomy":"product_brand","embeddable":true,"href":"https:\/\/motorrad-erinnerungen.de\/shop\/wp-json\/wp\/v2\/product_brand?post=6781"},{"taxonomy":"product_cat","embeddable":true,"href":"https:\/\/motorrad-erinnerungen.de\/shop\/wp-json\/wp\/v2\/product_cat?post=6781"},{"taxonomy":"product_tag","embeddable":true,"href":"https:\/\/motorrad-erinnerungen.de\/shop\/wp-json\/wp\/v2\/product_tag?post=6781"}],"curies":[{"name":"wp","href":"https:\/\/api.w.org\/{rel}","templated":true}]}}