{"id":6805,"date":"2025-09-16T15:27:02","date_gmt":"2025-09-16T13:27:02","guid":{"rendered":"https:\/\/motorrad-erinnerungen.de\/2026\/produkt\/ps-11-1989-bmw-r-80-gs-mit-37-kw-50-ps-im-vergleichstest-cagiva-elefant-750-mit-50-kw-68-ps-im-vergleichstest\/"},"modified":"2026-03-31T22:31:55","modified_gmt":"2026-03-31T20:31:55","slug":"ps-11-1989-bmw-r-80-gs-mit-37-kw-50-ps-im-vergleichstest-cagiva-elefant-750-mit-50-kw-68-ps-im-vergleichstest","status":"publish","type":"product","link":"https:\/\/motorrad-erinnerungen.de\/shop\/produkt\/ps-11-1989-bmw-r-80-gs-mit-37-kw-50-ps-im-vergleichstest-cagiva-elefant-750-mit-50-kw-68-ps-im-vergleichstest\/","title":{"rendered":"PS 11\/1989 \u2013 BMW R 80 GS mit 37 kW (50 PS) im Vergleichstest, Cagiva Elefant 750 mit 50 kW (68 PS) im Vergleichstest"},"content":{"rendered":"<p>Zum Kauf angeboten wird die <strong>Motorrad-Zeitung \u201ePS 11\/1989\u201c<\/strong>.<\/p>\n<h2>\ud83d\udccc Freuen Sie sich auf folgende Beitr\u00e4ge unter anderem zu:<\/h2>\n<ul>\n<li><strong>BMW R 80 GS<\/strong> mit 37 kW (50 PS) im Vergleichstest \u2013 Reise-Enduros im Vergleich, BMW R 80 GS vs. Cagiva 750 Elefant vs. Honda XRV 650 Africa Twin vs. Yamaha XTZ 750 Super T\u00e9n\u00e9r\u00e9, Testbericht in Wort und Bild auf 11 Seiten<\/li>\n<li><strong>Cagiva Elefant 750<\/strong> mit 50 kW (68 PS) im Vergleichstest \u2013 Reise-Enduros im Vergleich, BMW R 80 GS vs. Cagiva 750 Elefant vs. Honda XRV 650 Africa Twin vs. Yamaha XTZ 750 Super T\u00e9n\u00e9r\u00e9, Testbericht in Wort und Bild auf 11 Seiten<\/li>\n<li><strong>Honda XRV 650 Africa Twin<\/strong> mit 37 kW (50 PS) im Vergleichstest \u2013 Reise-Enduros im Vergleich, BMW R 80 GS vs. Cagiva 750 Elefant vs. Honda XRV 650 Africa Twin vs. Yamaha XTZ 750 Super T\u00e9n\u00e9r\u00e9, Testbericht in Wort und Bild auf 11 Seiten<\/li>\n<li><strong>Yamaha XTZ 750 Super T\u00e9n\u00e9r\u00e9<\/strong> mit 51 kW (69 PS) im Vergleichstest \u2013 Reise-Enduros im Vergleich, BMW R 80 GS vs. Cagiva 750 Elefant vs. Honda XRV 650 Africa Twin vs. Yamaha XTZ 750 Super T\u00e9n\u00e9r\u00e9, Testbericht in Wort und Bild auf 11 Seiten<\/li>\n<li><strong>Aprilia AF1 125<\/strong> mit 20 kW (27 PS) Test &amp; Technik \u2013 Testbericht in Wort und Bild auf 5 Seiten<\/li>\n<li><strong>Kawasaki ZX-10<\/strong> mit 74 kW (100 PS) nach dem Langstreckentest \u2013 Abschluss-Bilanz nach 50000 Test-km in Wort und Bild auf 6 Seiten<\/li>\n<li><strong>Yamaha XT 600 Z T\u00e9n\u00e9r\u00e9, damit 100000 km unterwegs<\/strong> \u2013 Erfahrungsbericht in Wort und Bild auf 6 Seiten<\/li>\n<\/ul>\n<h2>\ud83d\udce6 Versand &amp; Service<\/h2>\n<ul>\n<li>\u2713 Kostenloser Versand in Deutschland, Auslandsversand f\u00fcr eine geringe Pauschale<\/li>\n<li>\u2713 Erfahrung aus \u00fcber 30.000 erfolgreichen Sendungen<\/li>\n<li>\u2713 Ihre Zeitschrift wird sicher und liebevoll verpackt<\/li>\n<\/ul>\n<h2>\ud83c\udf0d Zustand der Zeitschrift<\/h2>\n<p><strong>Gebraucht, weil gelesen, durchgebl\u00e4ttert oder gestapelt \ud83d\ude09<\/strong> dem Alter angemessen gut bis sehr gut erhalten. Alles original. Es k\u00f6nnen Klebespuren von Abo-Adressaufklebern vorhanden sein.<\/p>\n","protected":false},"excerpt":{"rendered":"<p>BMW R 80 GS: Reise-Enduros im Vergleich, BMW R 80 GS vs. Cagiva 750 Elefant vs. Honda XRV 650 Africa Twin vs. Yamaha XTZ 750 Super T\u00e9n\u00e9r\u00e9, Testbericht in Wort und Bild auf 11 Seiten . Cagiva Elefant 750: Reise-Enduros im Vergleich, BMW R 80 GS vs. Cagiva 750 Elefant vs.<\/p>\n","protected":false},"featured_media":6804,"template":"","meta":{"iawp_total_views":1},"product_brand":[],"product_cat":[28],"product_tag":[850,1574,1591,1622,1641,1643,1677],"class_list":{"0":"post-6805","1":"product","2":"type-product","3":"status-publish","4":"has-post-thumbnail","6":"product_cat-ps","7":"product_tag-bmw-r-80-gs","8":"product_tag-aprilia-af1-125","9":"product_tag-cagiva-elefant-750","10":"product_tag-kawasaki-zx-10","11":"product_tag-yamaha-xt-600-z-tenere","12":"product_tag-honda-xrv-650-africa-twin","13":"product_tag-yamaha-xtz-750-super-tenere","15":"first","16":"instock","17":"shipping-taxable","18":"purchasable","19":"product-type-simple"},"_links":{"self":[{"href":"https:\/\/motorrad-erinnerungen.de\/shop\/wp-json\/wp\/v2\/product\/6805","targetHints":{"allow":["GET"]}}],"collection":[{"href":"https:\/\/motorrad-erinnerungen.de\/shop\/wp-json\/wp\/v2\/product"}],"about":[{"href":"https:\/\/motorrad-erinnerungen.de\/shop\/wp-json\/wp\/v2\/types\/product"}],"wp:featuredmedia":[{"embeddable":true,"href":"https:\/\/motorrad-erinnerungen.de\/shop\/wp-json\/wp\/v2\/media\/6804"}],"wp:attachment":[{"href":"https:\/\/motorrad-erinnerungen.de\/shop\/wp-json\/wp\/v2\/media?parent=6805"}],"wp:term":[{"taxonomy":"product_brand","embeddable":true,"href":"https:\/\/motorrad-erinnerungen.de\/shop\/wp-json\/wp\/v2\/product_brand?post=6805"},{"taxonomy":"product_cat","embeddable":true,"href":"https:\/\/motorrad-erinnerungen.de\/shop\/wp-json\/wp\/v2\/product_cat?post=6805"},{"taxonomy":"product_tag","embeddable":true,"href":"https:\/\/motorrad-erinnerungen.de\/shop\/wp-json\/wp\/v2\/product_tag?post=6805"}],"curies":[{"name":"wp","href":"https:\/\/api.w.org\/{rel}","templated":true}]}}