{"id":6819,"date":"2025-09-16T16:01:48","date_gmt":"2025-09-16T14:01:48","guid":{"rendered":"https:\/\/motorrad-erinnerungen.de\/2026\/produkt\/ps-4-1991-honda-cbr-600-f-mit-68-kw-93-ps-im-vergleichstest-honda-cbr-600-f-mit-74-kw-100-ps-im-vergleichstest\/"},"modified":"2026-03-24T16:47:46","modified_gmt":"2026-03-24T15:47:46","slug":"ps-4-1991-honda-cbr-600-f-mit-68-kw-93-ps-im-vergleichstest-honda-cbr-600-f-mit-74-kw-100-ps-im-vergleichstest","status":"publish","type":"product","link":"https:\/\/motorrad-erinnerungen.de\/shop\/produkt\/ps-4-1991-honda-cbr-600-f-mit-68-kw-93-ps-im-vergleichstest-honda-cbr-600-f-mit-74-kw-100-ps-im-vergleichstest\/","title":{"rendered":"PS 4\/1991 \u2013 Honda CBR 600 F mit 68 kW (93 PS) im Vergleichstest, Honda CBR 600 F mit 74 kW (100 PS) im Vergleichstest"},"content":{"rendered":"<p>Zum Kauf angeboten wird die <strong>Motorrad-Zeitung \u201ePS 4\/1991\u201c<\/strong>.<\/p>\n<h2>\ud83d\udccc Freuen Sie sich auf folgende Beitr\u00e4ge unter anderem zu:<\/h2>\n<ul>\n<li><strong>Triumph Trophy 1200<\/strong> mit 74 kW (100 PS) Test &#038; Technik \u2013 Fahrbericht mit der First Edition auf 5 Seiten <\/li>\n<li><strong>Suzuki DR Big 800 S<\/strong> mit 37 kW (50 PS) Test &#038; Technik \u2013 Fahrbericht auf 3 Seiten <\/li>\n<li><strong>Honda CBR 600 F<\/strong> mit 68 kW (93 PS) im Vergleichstest \u2013 Vergleich CBR 600 F, Baujahr 1991 vs. CBR 600 F, Baujahr 1990, Testbericht auf 9 Seiten <\/li>\n<li><strong>Honda CBR 600 F<\/strong> mit 74 kW (100 PS) im Vergleichstest \u2013 Vergleich CBR 600 F, Baujahr 1991 vs. CBR 600 F, Baujahr 1990, Testbericht auf 9 Seiten <\/li>\n<li><strong>Husqvarna TE 350<\/strong> mit 12 kW (16,3 PS) im Vergleichstest \u2013 im Enduro-Spezial: Vergleich Husaber MC 350 vs. Husqvarna 350 TE vs. Suzuki DR 350 S, Testbericht auf 8 Seiten <\/li>\n<li><strong>Husaberg MC 350<\/strong> mit 7,4 kW (10 PS) im Vergleichstest \u2013 im Enduro-Spezial: Vergleich Husaber MC 350 vs. Husqvarna 350 TE vs. Suzuki DR 350 S, Testbericht auf 8 Seiten <\/li>\n<li><strong>Suzuki DR 350 S<\/strong> mit 20 kW (27 PS) im Vergleichstest \u2013 im Enduro-Spezial: Vergleich Husaber MC 350 vs. Husqvarna 350 TE vs. Suzuki DR 350 S, Testbericht auf 8 Seiten <\/li>\n<li><strong>Gilera RC 600 R, eine Sport-Enduro<\/strong> \u2013 im Enduro-Spezial: Fahrbericht auf 4 Seiten <\/li>\n<li><strong>Yamaha XTZ 660 T\u00e9n\u00e9r\u00e9<\/strong> mit 35 kW (48 PS) Test &#038; Technik \u2013 im Enduro-Spezial: Fahrbericht auf 5 Seiten <\/li>\n<\/ul>\n<h2>\ud83d\udce6 Versand &amp; Service<\/h2>\n<ul>\n<li>\u2713 Kostenloser Versand in Deutschland, Auslandsversand f\u00fcr eine geringe Pauschale<\/li>\n<li>\u2713 Erfahrung aus \u00fcber 30.000 erfolgreichen Sendungen<\/li>\n<li>\u2713 Ihre Zeitschrift wird sicher und liebevoll verpackt<\/li>\n<\/ul>\n<h2>\ud83c\udf0d Zustand der Zeitschrift<\/h2>\n<p><strong>Gebraucht, weil gelesen, durchgebl\u00e4ttert oder gestapelt \ud83d\ude09<\/strong> dem Alter angemessen gut bis sehr gut erhalten. Alles original. Es k\u00f6nnen Klebespuren von Abo-Adressaufklebern vorhanden sein.<\/p>\n","protected":false},"excerpt":{"rendered":"<p>Triumph Trophy 1200: Fahrbericht mit der First Edition auf 5 Seiten . Suzuki DR Big 800 S: Fahrbericht auf 3 Seiten .<\/p>\n","protected":false},"featured_media":6818,"template":"","meta":{"iawp_total_views":1},"product_brand":[],"product_cat":[28],"product_tag":[1864,6949,14330,1555,1715,1756,1781,1796,1797],"class_list":{"0":"post-6819","1":"product","2":"type-product","3":"status-publish","4":"has-post-thumbnail","6":"product_cat-ps","7":"product_tag-gilera-rc-600-r","8":"product_tag-husaberg-mc-350","9":"product_tag-suzuki-dr-big","10":"product_tag-honda-cbr-600-f","11":"product_tag-husqvarna-te-350","12":"product_tag-suzuki-dr-350-s","13":"product_tag-suzuki-dr-big-800-s","14":"product_tag-triumph-trophy-1200","15":"product_tag-yamaha-xtz-660-tenere","17":"first","18":"instock","19":"shipping-taxable","20":"purchasable","21":"product-type-simple"},"_links":{"self":[{"href":"https:\/\/motorrad-erinnerungen.de\/shop\/wp-json\/wp\/v2\/product\/6819","targetHints":{"allow":["GET"]}}],"collection":[{"href":"https:\/\/motorrad-erinnerungen.de\/shop\/wp-json\/wp\/v2\/product"}],"about":[{"href":"https:\/\/motorrad-erinnerungen.de\/shop\/wp-json\/wp\/v2\/types\/product"}],"wp:featuredmedia":[{"embeddable":true,"href":"https:\/\/motorrad-erinnerungen.de\/shop\/wp-json\/wp\/v2\/media\/6818"}],"wp:attachment":[{"href":"https:\/\/motorrad-erinnerungen.de\/shop\/wp-json\/wp\/v2\/media?parent=6819"}],"wp:term":[{"taxonomy":"product_brand","embeddable":true,"href":"https:\/\/motorrad-erinnerungen.de\/shop\/wp-json\/wp\/v2\/product_brand?post=6819"},{"taxonomy":"product_cat","embeddable":true,"href":"https:\/\/motorrad-erinnerungen.de\/shop\/wp-json\/wp\/v2\/product_cat?post=6819"},{"taxonomy":"product_tag","embeddable":true,"href":"https:\/\/motorrad-erinnerungen.de\/shop\/wp-json\/wp\/v2\/product_tag?post=6819"}],"curies":[{"name":"wp","href":"https:\/\/api.w.org\/{rel}","templated":true}]}}