{"id":6939,"date":"2025-09-16T16:45:38","date_gmt":"2025-09-16T14:45:38","guid":{"rendered":"https:\/\/motorrad-erinnerungen.de\/2026\/produkt\/reise-motorrad-sommer-1993-bmw-r-100-r-damit-unterwegs-zum-nordkap-bmw-k-75-rt-damit-unterwegs-in-kanada-britisch-kolumbien\/"},"modified":"2025-09-16T16:45:38","modified_gmt":"2025-09-16T14:45:38","slug":"reise-motorrad-sommer-1993-bmw-r-100-r-damit-unterwegs-zum-nordkap-bmw-k-75-rt-damit-unterwegs-in-kanada-britisch-kolumbien","status":"publish","type":"product","link":"https:\/\/motorrad-erinnerungen.de\/shop\/produkt\/reise-motorrad-sommer-1993-bmw-r-100-r-damit-unterwegs-zum-nordkap-bmw-k-75-rt-damit-unterwegs-in-kanada-britisch-kolumbien\/","title":{"rendered":"REISE MOTORRAD Sommer 1993 \u2013 BMW R 100 R, damit unterwegs zum Nordkap, BMW K 75 RT, damit unterwegs in Kanada\/Britisch Kolumbien"},"content":{"rendered":"<p>Hier k\u00f6nnen Sie das Motorrad-Magazin \u201eREISE MOTORRAD Sommer 1993\u201c erwerben.<\/p>\n<h2>\ud83d\udccc In dieser Ausgabe finden Sie u.a. folgende Berichte:<\/h2>\n<ul>\n<li><strong>BMW R 100 R, damit unterwegs zum Nordkap<\/strong> \u2013 mit dabei eine Harley-Davidson Sportster, Reisebericht auf 11 Seiten <\/li>\n<li><strong>BMW K 75 RT, damit unterwegs<\/strong> in Kanada\/Britisch Kolumbien \u2013 Reisebericht auf 9 Seiten <\/li>\n<li><strong>Yamaha XT 600 Z T\u00e9n\u00e9r\u00e9, damit unterwegs<\/strong> in Neuseeland\/Nordinsel \u2013 Reisebericht auf 8 Seiten <\/li>\n<li><strong>Yamaha GTS 1000, damit unterwegs<\/strong> in den Niederlanden \u2013 Reisebericht auf 7 Seiten <\/li>\n<\/ul>\n<h2>\ud83d\udce6 Versand &amp; Service<\/h2>\n<ul>\n<li>\u2713 Kostenloser Versand in Deutschland, Auslandsversand f\u00fcr eine geringe Pauschale<\/li>\n<li>\u2713 Erfahrung aus \u00fcber 30.000 erfolgreichen Sendungen<\/li>\n<li>\u2713 Ihre Zeitschrift wird sicher und liebevoll verpackt<\/li>\n<\/ul>\n<h2>\ud83c\udf0d Zustand der Zeitschrift<\/h2>\n<p><strong>Gebraucht, weil gelesen, durchgebl\u00e4ttert oder gestapelt \ud83d\ude09<\/strong> dem Alter angemessen gut bis sehr gut erhalten. Alles original. Es k\u00f6nnen Klebespuren von Abo-Adressaufklebern vorhanden sein.<\/p>\n","protected":false},"excerpt":{"rendered":"<p>BMW R 100 R, damit unterwegs zum Nordkap: mit dabei eine Harley-Davidson Sportster, Reisebericht auf 11 Seiten . BMW K 75 RT, damit unterwegs: Reisebericht auf 9 Seiten .<\/p>\n","protected":false},"featured_media":6938,"template":"","meta":{"iawp_total_views":0},"product_brand":[],"product_cat":[29],"product_tag":[1641,1788,1828,1868],"class_list":{"0":"post-6939","1":"product","2":"type-product","3":"status-publish","4":"has-post-thumbnail","6":"product_cat-reise-motorrad-ride-on","7":"product_tag-yamaha-xt-600-z-tenere","8":"product_tag-bmw-k-75-rt","9":"product_tag-bmw-r-100-r","10":"product_tag-yamaha-gts-1000","12":"first","13":"instock","14":"shipping-taxable","15":"purchasable","16":"product-type-simple"},"_links":{"self":[{"href":"https:\/\/motorrad-erinnerungen.de\/shop\/wp-json\/wp\/v2\/product\/6939","targetHints":{"allow":["GET"]}}],"collection":[{"href":"https:\/\/motorrad-erinnerungen.de\/shop\/wp-json\/wp\/v2\/product"}],"about":[{"href":"https:\/\/motorrad-erinnerungen.de\/shop\/wp-json\/wp\/v2\/types\/product"}],"wp:featuredmedia":[{"embeddable":true,"href":"https:\/\/motorrad-erinnerungen.de\/shop\/wp-json\/wp\/v2\/media\/6938"}],"wp:attachment":[{"href":"https:\/\/motorrad-erinnerungen.de\/shop\/wp-json\/wp\/v2\/media?parent=6939"}],"wp:term":[{"taxonomy":"product_brand","embeddable":true,"href":"https:\/\/motorrad-erinnerungen.de\/shop\/wp-json\/wp\/v2\/product_brand?post=6939"},{"taxonomy":"product_cat","embeddable":true,"href":"https:\/\/motorrad-erinnerungen.de\/shop\/wp-json\/wp\/v2\/product_cat?post=6939"},{"taxonomy":"product_tag","embeddable":true,"href":"https:\/\/motorrad-erinnerungen.de\/shop\/wp-json\/wp\/v2\/product_tag?post=6939"}],"curies":[{"name":"wp","href":"https:\/\/api.w.org\/{rel}","templated":true}]}}