{"id":7091,"date":"2025-09-16T16:46:01","date_gmt":"2025-09-16T14:46:01","guid":{"rendered":"https:\/\/motorrad-erinnerungen.de\/2026\/produkt\/reise-motorrad-ride-on-4-2008-motorrad-rallye-auf-dem-balkan-kroatien-montenegro-bosnien-herzegowina\/"},"modified":"2025-09-16T17:02:57","modified_gmt":"2025-09-16T15:02:57","slug":"reise-motorrad-ride-on-4-2008-motorrad-rallye-auf-dem-balkan-kroatien-montenegro-bosnien-herzegowina","status":"publish","type":"product","link":"https:\/\/motorrad-erinnerungen.de\/shop\/produkt\/reise-motorrad-ride-on-4-2008-motorrad-rallye-auf-dem-balkan-kroatien-montenegro-bosnien-herzegowina\/","title":{"rendered":"REISE MOTORRAD ride on! 4\/2008 \u2013 Suzuki V-Strom 650 mit 49 kW (67 PS) im Vergleichstest, BMW F 650 GS mit 52 kW (71 PS) im Vergleichstest"},"content":{"rendered":"<p>Hier k\u00f6nnen Sie das Motorrad-Magazin \u201eREISE MOTORRAD ride on! 4\/2008\u201c erwerben.<\/p>\n<h2>\ud83d\udccc In dieser Ausgabe finden Sie u.a. folgende Berichte:<\/h2>\n<ul>\n<li><strong>BMW F 650 GS<\/strong> mit 52 kW (71 PS) im Vergleichstest \u2013 Reise-Enduros im Vergleich, BMW F 650 GS vs. Honda Transalp vs. Kawasaki Versys Travel vs. Suzuki V-Strom 650, Testbericht auf 8 Seiten <\/li>\n<li><strong>Honda Transalp<\/strong> mit 44 kW (60 PS) im Vergleichstest \u2013 Reise-Enduros im Vergleich, BMW F 650 GS vs. Honda Transalp vs. Kawasaki Versys Travel vs. Suzuki V-Strom 650, Testbericht auf 8 Seiten <\/li>\n<li><strong>Kawasaki Versys<\/strong> mit 47 kW (64 PS) im Vergleichstest \u2013 Reise-Enduros im Vergleich, BMW F 650 GS vs. Honda Transalp vs. Kawasaki Versys Travel vs. Suzuki V-Strom 650, Testbericht auf 8 Seiten <\/li>\n<li><strong>Suzuki V-Strom 650<\/strong> mit 49 kW (67 PS) im Vergleichstest \u2013 Reise-Enduros im Vergleich, BMW F 650 GS vs. Honda Transalp vs. Kawasaki Versys Travel vs. Suzuki V-Strom 650, Testbericht auf 8 Seiten <\/li>\n<li><strong>Harley-Davidson XR 1200<\/strong> mit 67 kW (91 PS) Test &amp; Technik \u2013 Fahrbericht auf 2 Seiten <\/li>\n<li><strong>Honda CB 1000 R<\/strong> mit 92 kW (125 PS) Test &amp; Technik \u2013 Fahrbericht auf 2 Seiten <\/li>\n<li><strong>Honda DN-01<\/strong> mit 45 kW (61 PS) Test &amp; Technik \u2013 Fahrbericht auf 2 Seiten <\/li>\n<li><strong>Yamaha XT 660 Z T\u00e9n\u00e9r\u00e9<\/strong> mit 35 kW (48 PS) Test &amp; Technik \u2013 Fahrbericht auf 3 Seiten <\/li>\n<li><strong>Harley-Davidson Heritage Softail Classic, hier als Umbau Bat King von &#8222;house of flames&#8220;<\/strong> \u2013 Fahrbericht auf 3 Seiten <\/li>\n<li><strong>Motorrad Rallye auf dem Balkan, Kroatien<\/strong> Montenegro &#8211; Bosnien-Herzegowina \u2013 professioneller Reisebericht, Tourenbeschreibung, Empfehlungen und Tipps auf 13 Seiten <\/li>\n<li><strong>Motorrad Urlaub<\/strong> in Frankreich: Zentralmassiv \u2013 Streifz\u00fcge in Auvergne + Limousin, Reisebericht, Tourenbeschreibung, Empfehlungen und Tipps auf 7 Seiten <\/li>\n<li><strong>Motorrad fahren auf der zweitgr\u00f6\u00dften Insel<\/strong> im Mittelmeer: Sardinien \u2013 unterwegs in Nord-Sardinien, Reisebericht, Tourenbeschreibung, Empfehlungen und Tipps auf 7 Seiten <\/li>\n<li><strong>Motorrad Rundfahrt<\/strong> in D\u00e4nemark: Ostj\u00fctland \u2013 350 km in 4 Tagen, Reisebericht, Tourenbeschreibung, Empfehlungen und Tipps auf 7 Seiten <\/li>\n<li><strong>Motorrad fahren<\/strong> in den Alpen: die sch\u00f6nsten Routen \u2013 Serie: 3 Routen-Vorschl\u00e4ge im Gr\u00fcnen Herz \u00d6sterreichs, der Steiermark, in K\u00e4rnter in den Nockbergen und in den Gurktaler Alpen auf 3 Seiten <\/li>\n<\/ul>\n<h2>\ud83d\udce6 Versand &amp; Service<\/h2>\n<ul>\n<li>\u2713 Kostenloser Versand in Deutschland, Auslandsversand f\u00fcr eine geringe Pauschale<\/li>\n<li>\u2713 Erfahrung aus \u00fcber 30.000 erfolgreichen Sendungen<\/li>\n<li>\u2713 Ihre Zeitschrift wird sicher und liebevoll verpackt<\/li>\n<\/ul>\n<h2>\ud83c\udf0d Zustand der Zeitschrift<\/h2>\n<p><strong>Gebraucht, weil gelesen, durchgebl\u00e4ttert oder gestapelt \ud83d\ude09<\/strong> dem Alter angemessen gut bis sehr gut erhalten. Alles original. Es k\u00f6nnen Klebespuren von Abo-Adressaufklebern vorhanden sein.<\/p>\n","protected":false},"excerpt":{"rendered":"<p>BMW F 650 GS: Reise-Enduros im Vergleich, BMW F 650 GS vs. Honda Transalp vs. Kawasaki Versys Travel vs. Suzuki V-Strom 650, Testbericht auf 8 Seiten . Honda Transalp: Reise-Enduros im Vergleich, BMW F 650 GS vs. Honda Transalp vs. Kawasaki Versys Travel vs.<\/p>\n","protected":false},"featured_media":7090,"template":"","meta":{"iawp_total_views":1},"product_brand":[],"product_cat":[29],"product_tag":[3021,3077,3132,3133,3137,3307,3748,2393,2722],"class_list":{"0":"post-7091","1":"product","2":"type-product","3":"status-publish","4":"has-post-thumbnail","6":"product_cat-reise-motorrad-ride-on","7":"product_tag-harley-davidson-xr-1200","8":"product_tag-honda-transalp","9":"product_tag-honda-cb-1000-r","10":"product_tag-yamaha-xt-660-z-tenere","11":"product_tag-honda-dn-01","12":"product_tag-kawasaki-versys","13":"product_tag-harley-davidson-heritage-softail-classic","14":"product_tag-bmw-f-650-gs","15":"product_tag-suzuki-v-strom-650","17":"first","18":"instock","19":"shipping-taxable","20":"purchasable","21":"product-type-simple"},"_links":{"self":[{"href":"https:\/\/motorrad-erinnerungen.de\/shop\/wp-json\/wp\/v2\/product\/7091","targetHints":{"allow":["GET"]}}],"collection":[{"href":"https:\/\/motorrad-erinnerungen.de\/shop\/wp-json\/wp\/v2\/product"}],"about":[{"href":"https:\/\/motorrad-erinnerungen.de\/shop\/wp-json\/wp\/v2\/types\/product"}],"wp:featuredmedia":[{"embeddable":true,"href":"https:\/\/motorrad-erinnerungen.de\/shop\/wp-json\/wp\/v2\/media\/7090"}],"wp:attachment":[{"href":"https:\/\/motorrad-erinnerungen.de\/shop\/wp-json\/wp\/v2\/media?parent=7091"}],"wp:term":[{"taxonomy":"product_brand","embeddable":true,"href":"https:\/\/motorrad-erinnerungen.de\/shop\/wp-json\/wp\/v2\/product_brand?post=7091"},{"taxonomy":"product_cat","embeddable":true,"href":"https:\/\/motorrad-erinnerungen.de\/shop\/wp-json\/wp\/v2\/product_cat?post=7091"},{"taxonomy":"product_tag","embeddable":true,"href":"https:\/\/motorrad-erinnerungen.de\/shop\/wp-json\/wp\/v2\/product_tag?post=7091"}],"curies":[{"name":"wp","href":"https:\/\/api.w.org\/{rel}","templated":true}]}}