{"id":7119,"date":"2025-09-16T16:46:06","date_gmt":"2025-09-16T14:46:06","guid":{"rendered":"https:\/\/motorrad-erinnerungen.de\/2026\/produkt\/reise-motorrad-ride-on-6-2010-bmw-r-1200-gs-mit-81-kw-110-ps-im-vergleichstest-ktm-990-adventure-mit-78-kw-106-ps-im-vergleichstest\/"},"modified":"2025-09-16T16:56:29","modified_gmt":"2025-09-16T14:56:29","slug":"reise-motorrad-ride-on-6-2010-bmw-r-1200-gs-mit-81-kw-110-ps-im-vergleichstest-ktm-990-adventure-mit-78-kw-106-ps-im-vergleichstest","status":"publish","type":"product","link":"https:\/\/motorrad-erinnerungen.de\/shop\/produkt\/reise-motorrad-ride-on-6-2010-bmw-r-1200-gs-mit-81-kw-110-ps-im-vergleichstest-ktm-990-adventure-mit-78-kw-106-ps-im-vergleichstest\/","title":{"rendered":"REISE MOTORRAD ride on! 6\/2010 \u2013 BMW R 1200 GS mit 81 kW (110 PS) im Vergleichstest, KTM 990 Adventure mit 78 kW (106 PS) im Vergleichstest"},"content":{"rendered":"<p>Hier k\u00f6nnen Sie das Motorrad-Magazin \u201eREISE MOTORRAD ride on! 6\/2010\u201c erwerben.<\/p>\n<h2>\ud83d\udccc In dieser Ausgabe finden Sie u.a. folgende Berichte:<\/h2>\n<ul>\n<li><strong>BMW R 1200 RT<\/strong> mit 81 kW (110 PS) im Dauertest \u2013 Testbericht (Teil 4) auf 2 Seiten <\/li>\n<li><strong>Victory Cross Roads \/ Cross Country<\/strong> mit 69 kW (94 PS) Vorstellung \u2013 Vostellung als Neuheit auf 5 Seiten <\/li>\n<li><strong>Harley-Davidson XL 883 L SuperLow<\/strong> mit 39 kW (53 PS) Test &amp; Technik \u2013 Fahrbericht auf 4 Seiten <\/li>\n<li><strong>BMW R 1200 GS<\/strong> mit 81 kW (110 PS) im Vergleichstest \u2013 Zweizylinder-Enduros im Vergleich, BMW R 1200 GS vs. KTM 990 Adventure vs. Yamaha XT1200Z Super T\u00e9n\u00e9r\u00e9, Testbericht auf 10 Seiten <\/li>\n<li><strong>KTM 990 Adventure<\/strong> mit 78 kW (106 PS) im Vergleichstest \u2013 Zweizylinder-Enduros im Vergleich, BMW R 1200 GS vs. KTM 990 Adventure vs. Yamaha XT1200Z Super T\u00e9n\u00e9r\u00e9, Testbericht auf 10 Seiten <\/li>\n<li><strong>Yamaha XT 1200 Z Super T\u00e9n\u00e9r\u00e9<\/strong> mit 80,9 kW (110 PS) im Vergleichstest \u2013 Zweizylinder-Enduros im Vergleich, BMW R 1200 GS vs. KTM 990 Adventure vs. Yamaha XT1200Z Super T\u00e9n\u00e9r\u00e9, Testbericht auf 10 Seiten <\/li>\n<\/ul>\n<h2>\ud83d\udce6 Versand &amp; Service<\/h2>\n<ul>\n<li>\u2713 Kostenloser Versand in Deutschland, Auslandsversand f\u00fcr eine geringe Pauschale<\/li>\n<li>\u2713 Erfahrung aus \u00fcber 30.000 erfolgreichen Sendungen<\/li>\n<li>\u2713 Ihre Zeitschrift wird sicher und liebevoll verpackt<\/li>\n<\/ul>\n<h2>\ud83c\udf0d Zustand der Zeitschrift<\/h2>\n<p><strong>Gebraucht, weil gelesen, durchgebl\u00e4ttert oder gestapelt \ud83d\ude09<\/strong> dem Alter angemessen gut bis sehr gut erhalten. Alles original. Es k\u00f6nnen Klebespuren von Abo-Adressaufklebern vorhanden sein.<\/p>\n","protected":false},"excerpt":{"rendered":"<p>BMW R 1200 RT: Testbericht (Teil 4) auf 2 Seiten . Victory Cross Roads \/ Cross Country: Vostellung als Neuheit auf 5 Seiten .<\/p>\n","protected":false},"featured_media":7118,"template":"","meta":{"iawp_total_views":3},"product_brand":[],"product_cat":[29],"product_tag":[2646,2807,2949,3391,3446,3581],"class_list":{"0":"post-7119","1":"product","2":"type-product","3":"status-publish","4":"has-post-thumbnail","6":"product_cat-reise-motorrad-ride-on","7":"product_tag-bmw-r-1200-gs","8":"product_tag-bmw-r-1200-rt","9":"product_tag-ktm-990-adventure","10":"product_tag-yamaha-xt-1200-z-super-tenere","11":"product_tag-harley-davidson-xl-883-l-superlow","12":"product_tag-victory-cross-roads-cross-country","14":"first","15":"instock","16":"shipping-taxable","17":"purchasable","18":"product-type-simple"},"_links":{"self":[{"href":"https:\/\/motorrad-erinnerungen.de\/shop\/wp-json\/wp\/v2\/product\/7119","targetHints":{"allow":["GET"]}}],"collection":[{"href":"https:\/\/motorrad-erinnerungen.de\/shop\/wp-json\/wp\/v2\/product"}],"about":[{"href":"https:\/\/motorrad-erinnerungen.de\/shop\/wp-json\/wp\/v2\/types\/product"}],"wp:featuredmedia":[{"embeddable":true,"href":"https:\/\/motorrad-erinnerungen.de\/shop\/wp-json\/wp\/v2\/media\/7118"}],"wp:attachment":[{"href":"https:\/\/motorrad-erinnerungen.de\/shop\/wp-json\/wp\/v2\/media?parent=7119"}],"wp:term":[{"taxonomy":"product_brand","embeddable":true,"href":"https:\/\/motorrad-erinnerungen.de\/shop\/wp-json\/wp\/v2\/product_brand?post=7119"},{"taxonomy":"product_cat","embeddable":true,"href":"https:\/\/motorrad-erinnerungen.de\/shop\/wp-json\/wp\/v2\/product_cat?post=7119"},{"taxonomy":"product_tag","embeddable":true,"href":"https:\/\/motorrad-erinnerungen.de\/shop\/wp-json\/wp\/v2\/product_tag?post=7119"}],"curies":[{"name":"wp","href":"https:\/\/api.w.org\/{rel}","templated":true}]}}